{"id":145,"date":"2021-10-26T08:32:03","date_gmt":"2021-10-26T08:32:03","guid":{"rendered":"https:\/\/westapharma.uwazy.com\/?page_id=145"},"modified":"2022-11-30T17:21:39","modified_gmt":"2022-11-30T17:21:39","slug":"department-grid","status":"publish","type":"page","link":"https:\/\/westapharma.com\/en\/department-grid\/","title":{"rendered":"Departments"},"content":{"rendered":"<style type=\"text\/css\"><\/style>\t\t<div data-elementor-type=\"wp-page\" data-elementor-id=\"145\" class=\"elementor elementor-145\">\n\t\t\t\t\t\t\t\t\t<section class=\"elementor-section elementor-top-section elementor-element elementor-element-7488ee7 elementor-section-full_width elementor-section-height-default elementor-section-height-default\" data-id=\"7488ee7\" data-element_type=\"section\">\n\t\t\t\t\t\t<div class=\"elementor-container elementor-column-gap-no\">\n\t\t\t\t\t<div class=\"elementor-column elementor-col-100 elementor-top-column elementor-element elementor-element-4be3e46\" data-id=\"4be3e46\" data-element_type=\"column\">\n\t\t\t<div class=\"elementor-widget-wrap elementor-element-populated\">\n\t\t\t\t\t\t\t\t<div class=\"elementor-element elementor-element-a6806ba elementor-widget__width-auto elementor-widget elementor-widget-department\" data-id=\"a6806ba\" data-element_type=\"widget\" data-widget_type=\"department.default\">\n\t\t\t\t<div class=\"elementor-widget-container\">\n\t\t\t\r\n        <!-- Department Column Style -->\r\n                \r\n        <!-- START SERVICES AREA -->\r\n        <section class=\"services-area ptb-70\">\r\n            <div class=\"container\"> \r\n                <div class=\"section-title\">\r\n                    <span class=\"top-title\"><\/span>\r\n                    <h2>Our <span>Departments<\/span><\/h2>\r\n                    <p><\/p>\r\n                <\/div>\r\n                                    <div class=\"row justify-content-center\">\r\n                                                                                <div class=\"col-lg-4 col-md-6 col-sm-12\">\r\n                                            <div class=\"single-services\">\r\n                                                            <div class=\"post-image\">\r\n                                                                            <a href=\"https:\/\/westapharma.com\/en\/medic-departments\/sante_animale\">\r\n                                            <img decoding=\"async\" src=\"https:\/\/i0.wp.com\/westapharma.com\/wp-content\/uploads\/2022\/12\/boeuf.png?resize=700%2C500&#038;ssl=1\" alt=\"Image\" data-recalc-dims=\"1\">\r\n                                        <\/a>\r\n                                                                    <\/div>\r\n                                                                                        <i class=\"flaticon-capsules\"><\/i>\r\n                                                        <h3 class=\"department-title\">\r\n                                <a href=\"https:\/\/westapharma.com\/en\/medic-departments\/sante_animale\">\r\n                                    Animal Health                                <\/a>\r\n                            <\/h3>\r\n                            <p>Le bien \u00eatre de nos animaux, c&#8217;est notre bien \u00eatre! La sant\u00e9 animale est au centre de notre expertise. Notre<\/p>\r\n                                                            <a href=\"https:\/\/westapharma.com\/en\/medic-departments\/sante_animale\" class=\"read-more\">\r\n                                    Read more                                <\/a>\r\n                                                    <\/div>\r\n                    <\/div>\r\n                                                            <div class=\"col-lg-4 col-md-6 col-sm-12\">\r\n                                            <div class=\"single-services\">\r\n                                                            <div class=\"post-image\">\r\n                                                                            <a href=\"https:\/\/westapharma.com\/en\/medic-departments\/sante_humaine\">\r\n                                            <img decoding=\"async\" src=\"https:\/\/i0.wp.com\/westapharma.com\/wp-content\/uploads\/2022\/11\/image_2022-10-15_130512617-1024x683-1-e1667517654809.png?ssl=1\" alt=\"Image\" data-recalc-dims=\"1\">\r\n                                        <\/a>\r\n                                                                    <\/div>\r\n                                                                                        <i class=\"flaticon-medicine\"><\/i>\r\n                                                        <h3 class=\"department-title\">\r\n                                <a href=\"https:\/\/westapharma.com\/en\/medic-departments\/sante_humaine\">\r\n                                    Human Health                                <\/a>\r\n                            <\/h3>\r\n                            <p>For a healthier world! WEST A PHARMA SA Human Health is a limited company created in 2017.<\/p>\r\n                                                            <a href=\"https:\/\/westapharma.com\/en\/medic-departments\/sante_humaine\" class=\"read-more\">\r\n                                    Read more                                <\/a>\r\n                                                    <\/div>\r\n                    <\/div>\r\n                                                            <div class=\"col-lg-4 col-md-6 col-sm-12\">\r\n                                            <div class=\"single-services\">\r\n                                                            <div class=\"post-image\">\r\n                                                                            <a href=\"https:\/\/westapharma.com\/en\/medic-departments\/developpement\">\r\n                                            <img decoding=\"async\" src=\"https:\/\/i0.wp.com\/westapharma.com\/wp-content\/uploads\/2021\/10\/environmental-protection-700x640-1.jpg?ssl=1\" alt=\"Image\" data-recalc-dims=\"1\">\r\n                                        <\/a>\r\n                                                                    <\/div>\r\n                                                                                        <i class=\"flaticon-Select\"><\/i>\r\n                                                        <h3 class=\"department-title\">\r\n                                <a href=\"https:\/\/westapharma.com\/en\/medic-departments\/developpement\">\r\n                                    Sustainable development                                <\/a>\r\n                            <\/h3>\r\n                            <p>WEST A PHARMA SA - Environment and sustainable development is a duly authorized wholesale establishment in Burkina Faso<\/p>\r\n                                                            <a href=\"https:\/\/westapharma.com\/en\/medic-departments\/developpement\" class=\"read-more\">\r\n                                    Read more                                <\/a>\r\n                                                    <\/div>\r\n                    <\/div>\r\n                                                <\/div>\r\n                \r\n                <!-- Pagination Part Start -->\r\n                                    <div class=\"col-lg-12 col-md-12\">\r\n                        <div class=\"pagination-area text-center\">\r\n                            <div class=\"nav-links\">\r\n                                                            <\/div>\r\n                        <\/div>\r\n                    <\/div>\r\n                                <!-- Pagination Part End -->  \r\n\r\n            <\/div>\r\n        <\/div>\r\n        <!-- END SERVICES AREA -->\r\n\r\n    \t\t<\/div>\n\t\t\t\t<\/div>\n\t\t\t\t\t<\/div>\n\t\t<\/div>\n\t\t\t\t\t\t\t<\/div>\n\t\t<\/section>\n\t\t\t\t\t\t\t<\/div>","protected":false},"excerpt":{"rendered":"<p>Nos D\u00e9partements Sant\u00e9 animale Le bien \u00eatre de nos animaux, c&rsquo;est notre bien \u00eatre! La sant\u00e9 animale est au centre de notre expertise. Notre Lire plus Sant\u00e9 humaine Pour un monde en meilleur sant\u00e9! WEST A PHARMA SA Sant\u00e9 Humaine est une soci\u00e9t\u00e9 anonyme cr\u00e9\u00e9e en 2017.Son si\u00e8ge Lire plus D\u00e9veloppement durable WEST A PHARMA&#8230;<\/p>","protected":false},"author":1,"featured_media":0,"parent":0,"menu_order":0,"comment_status":"closed","ping_status":"closed","template":"","meta":{"_et_pb_use_builder":"","_et_pb_old_content":"","_et_gb_content_width":"","footnotes":""},"class_list":["post-145","page","type-page","status-publish","hentry"],"yoast_head":"<!-- This site is optimized with the Yoast SEO plugin v21.7 - https:\/\/yoast.com\/wordpress\/plugins\/seo\/ -->\n<title>D\u00e9partements - Westapharma<\/title>\n<meta name=\"robots\" content=\"index, follow, max-snippet:-1, max-image-preview:large, max-video-preview:-1\" \/>\n<link rel=\"canonical\" href=\"https:\/\/westapharma.com\/en\/department-grid\/\" \/>\n<meta property=\"og:locale\" content=\"en_US\" \/>\n<meta property=\"og:type\" content=\"article\" \/>\n<meta property=\"og:title\" content=\"D\u00e9partements - Westapharma\" \/>\n<meta property=\"og:description\" content=\"Nos D\u00e9partements Sant\u00e9 animale Le bien \u00eatre de nos animaux, c&rsquo;est notre bien \u00eatre! La sant\u00e9 animale est au centre de notre expertise. Notre Lire plus Sant\u00e9 humaine Pour un monde en meilleur sant\u00e9! WEST A PHARMA SA Sant\u00e9 Humaine est une soci\u00e9t\u00e9 anonyme cr\u00e9\u00e9e en 2017.Son si\u00e8ge Lire plus D\u00e9veloppement durable WEST A PHARMA...\" \/>\n<meta property=\"og:url\" content=\"https:\/\/westapharma.com\/en\/department-grid\/\" \/>\n<meta property=\"og:site_name\" content=\"Westapharma\" \/>\n<meta property=\"article:modified_time\" content=\"2022-11-30T17:21:39+00:00\" \/>\n<meta property=\"og:image\" content=\"https:\/\/westapharma.com\/wp-content\/uploads\/2022\/11\/dog_700x640.png\" \/>\n<meta name=\"twitter:card\" content=\"summary_large_image\" \/>\n<meta name=\"twitter:label1\" content=\"Est. reading time\" \/>\n\t<meta name=\"twitter:data1\" content=\"1 minute\" \/>\n<script type=\"application\/ld+json\" class=\"yoast-schema-graph\">{\"@context\":\"https:\/\/schema.org\",\"@graph\":[{\"@type\":\"WebPage\",\"@id\":\"https:\/\/westapharma.com\/department-grid\/\",\"url\":\"https:\/\/westapharma.com\/department-grid\/\",\"name\":\"D\u00e9partements - Westapharma\",\"isPartOf\":{\"@id\":\"https:\/\/westapharma.com\/#website\"},\"datePublished\":\"2021-10-26T08:32:03+00:00\",\"dateModified\":\"2022-11-30T17:21:39+00:00\",\"breadcrumb\":{\"@id\":\"https:\/\/westapharma.com\/department-grid\/#breadcrumb\"},\"inLanguage\":\"en-US\",\"potentialAction\":[{\"@type\":\"ReadAction\",\"target\":[\"https:\/\/westapharma.com\/department-grid\/\"]}]},{\"@type\":\"BreadcrumbList\",\"@id\":\"https:\/\/westapharma.com\/department-grid\/#breadcrumb\",\"itemListElement\":[{\"@type\":\"ListItem\",\"position\":1,\"name\":\"Home\",\"item\":\"https:\/\/westapharma.com\/\"},{\"@type\":\"ListItem\",\"position\":2,\"name\":\"D\u00e9partements\"}]},{\"@type\":\"WebSite\",\"@id\":\"https:\/\/westapharma.com\/#website\",\"url\":\"https:\/\/westapharma.com\/\",\"name\":\"Westapharma\",\"description\":\"One Health\",\"publisher\":{\"@id\":\"https:\/\/westapharma.com\/#organization\"},\"potentialAction\":[{\"@type\":\"SearchAction\",\"target\":{\"@type\":\"EntryPoint\",\"urlTemplate\":\"https:\/\/westapharma.com\/?s={search_term_string}\"},\"query-input\":\"required name=search_term_string\"}],\"inLanguage\":\"en-US\"},{\"@type\":\"Organization\",\"@id\":\"https:\/\/westapharma.com\/#organization\",\"name\":\"Westapharma\",\"url\":\"https:\/\/westapharma.com\/\",\"logo\":{\"@type\":\"ImageObject\",\"inLanguage\":\"en-US\",\"@id\":\"https:\/\/westapharma.com\/#\/schema\/logo\/image\/\",\"url\":\"https:\/\/westapharma.com\/wp-content\/uploads\/2021\/10\/Logo-westapharma200.png\",\"contentUrl\":\"https:\/\/westapharma.com\/wp-content\/uploads\/2021\/10\/Logo-westapharma200.png\",\"width\":200,\"height\":200,\"caption\":\"Westapharma\"},\"image\":{\"@id\":\"https:\/\/westapharma.com\/#\/schema\/logo\/image\/\"}}]}<\/script>\n<!-- \/ Yoast SEO plugin. -->","yoast_head_json":{"title":"D\u00e9partements - Westapharma","robots":{"index":"index","follow":"follow","max-snippet":"max-snippet:-1","max-image-preview":"max-image-preview:large","max-video-preview":"max-video-preview:-1"},"canonical":"https:\/\/westapharma.com\/en\/department-grid\/","og_locale":"en_US","og_type":"article","og_title":"D\u00e9partements - Westapharma","og_description":"Nos D\u00e9partements Sant\u00e9 animale Le bien \u00eatre de nos animaux, c&rsquo;est notre bien \u00eatre! La sant\u00e9 animale est au centre de notre expertise. Notre Lire plus Sant\u00e9 humaine Pour un monde en meilleur sant\u00e9! WEST A PHARMA SA Sant\u00e9 Humaine est une soci\u00e9t\u00e9 anonyme cr\u00e9\u00e9e en 2017.Son si\u00e8ge Lire plus D\u00e9veloppement durable WEST A PHARMA...","og_url":"https:\/\/westapharma.com\/en\/department-grid\/","og_site_name":"Westapharma","article_modified_time":"2022-11-30T17:21:39+00:00","og_image":[{"url":"https:\/\/westapharma.com\/wp-content\/uploads\/2022\/11\/dog_700x640.png"}],"twitter_card":"summary_large_image","twitter_misc":{"Est. reading time":"1 minute"},"schema":{"@context":"https:\/\/schema.org","@graph":[{"@type":"WebPage","@id":"https:\/\/westapharma.com\/department-grid\/","url":"https:\/\/westapharma.com\/department-grid\/","name":"D\u00e9partements - Westapharma","isPartOf":{"@id":"https:\/\/westapharma.com\/#website"},"datePublished":"2021-10-26T08:32:03+00:00","dateModified":"2022-11-30T17:21:39+00:00","breadcrumb":{"@id":"https:\/\/westapharma.com\/department-grid\/#breadcrumb"},"inLanguage":"en-US","potentialAction":[{"@type":"ReadAction","target":["https:\/\/westapharma.com\/department-grid\/"]}]},{"@type":"BreadcrumbList","@id":"https:\/\/westapharma.com\/department-grid\/#breadcrumb","itemListElement":[{"@type":"ListItem","position":1,"name":"Home","item":"https:\/\/westapharma.com\/"},{"@type":"ListItem","position":2,"name":"D\u00e9partements"}]},{"@type":"WebSite","@id":"https:\/\/westapharma.com\/#website","url":"https:\/\/westapharma.com\/","name":"Westapharma","description":"One Health","publisher":{"@id":"https:\/\/westapharma.com\/#organization"},"potentialAction":[{"@type":"SearchAction","target":{"@type":"EntryPoint","urlTemplate":"https:\/\/westapharma.com\/?s={search_term_string}"},"query-input":"required name=search_term_string"}],"inLanguage":"en-US"},{"@type":"Organization","@id":"https:\/\/westapharma.com\/#organization","name":"Westapharma","url":"https:\/\/westapharma.com\/","logo":{"@type":"ImageObject","inLanguage":"en-US","@id":"https:\/\/westapharma.com\/#\/schema\/logo\/image\/","url":"https:\/\/westapharma.com\/wp-content\/uploads\/2021\/10\/Logo-westapharma200.png","contentUrl":"https:\/\/westapharma.com\/wp-content\/uploads\/2021\/10\/Logo-westapharma200.png","width":200,"height":200,"caption":"Westapharma"},"image":{"@id":"https:\/\/westapharma.com\/#\/schema\/logo\/image\/"}}]}},"_links":{"self":[{"href":"https:\/\/westapharma.com\/en\/wp-json\/wp\/v2\/pages\/145","targetHints":{"allow":["GET"]}}],"collection":[{"href":"https:\/\/westapharma.com\/en\/wp-json\/wp\/v2\/pages"}],"about":[{"href":"https:\/\/westapharma.com\/en\/wp-json\/wp\/v2\/types\/page"}],"author":[{"embeddable":true,"href":"https:\/\/westapharma.com\/en\/wp-json\/wp\/v2\/users\/1"}],"replies":[{"embeddable":true,"href":"https:\/\/westapharma.com\/en\/wp-json\/wp\/v2\/comments?post=145"}],"version-history":[{"count":12,"href":"https:\/\/westapharma.com\/en\/wp-json\/wp\/v2\/pages\/145\/revisions"}],"predecessor-version":[{"id":7741,"href":"https:\/\/westapharma.com\/en\/wp-json\/wp\/v2\/pages\/145\/revisions\/7741"}],"wp:attachment":[{"href":"https:\/\/westapharma.com\/en\/wp-json\/wp\/v2\/media?parent=145"}],"curies":[{"name":"wp","href":"https:\/\/api.w.org\/{rel}","templated":true}]}}