{"id":157,"date":"2021-10-26T12:19:06","date_gmt":"2021-10-26T12:19:06","guid":{"rendered":"https:\/\/westapharma.uwazy.com\/?post_type=product&#038;p=157"},"modified":"2022-11-06T23:53:37","modified_gmt":"2022-11-06T23:53:37","slug":"esperanza-inhaler","status":"publish","type":"product","link":"https:\/\/westapharma.com\/en\/product\/esperanza-inhaler","title":{"rendered":"Inhalateur Esperanza"},"content":{"rendered":"<style type=\"text\/css\"><\/style><p>Inhalateur haute performance &#8211; 0,2 ml \/ minute, 1 bouton pour d\u00e9marrer et facile \u00e0 utiliser.<br \/>\nL&#8217;inhalateur est d\u00e9velopp\u00e9 pour traiter avec succ\u00e8s l&#8217;asthme, les allergies et autres troubles respiratoires. Il permet d&#8217;administrer efficacement des doses a\u00e9rosolis\u00e9es avec une pr\u00e9cision clinique. Extr\u00eamement facile \u00e0 utiliser, il suffit d&#8217;appuyer sur un bouton pour d\u00e9marrer et il est efficace, durable et silencieux en utilisation.<br \/>\nDeux masques de tailles diff\u00e9rentes et une pi\u00e8ce mensuelle suppl\u00e9mentaire pour permettre l&#8217;utilisation de l&#8217;inhalateur non seulement pour les adultes, mais aussi pour les nourrissons et les enfants.<\/p>\n<ul>\n<li>Current: 0.8A<\/li>\n<li>The capacity of the drug: 10 ml<\/li>\n<li>Included: atomizermask for adults and children and extra mouthpiece<\/li>\n<li>Weight: 1,65 kg<\/li>\n<\/ul>\n<p>NB ! L&#8217;inhalateur doit \u00eatre utilis\u00e9 sous la surveillance d&#8217;un m\u00e9decin, d&#8217;un th\u00e9rapeute ou d&#8217;un sp\u00e9cialiste des voies respiratoires.<\/p>","protected":false},"excerpt":{"rendered":"<p>Inhalateur haute performance &#8211; 0,2 ml \/ minute, 1 bouton pour d\u00e9marrer et facile \u00e0 utiliser.<br \/>\nL&#8217;inhalateur est d\u00e9velopp\u00e9 pour traiter avec succ\u00e8s l&#8217;asthme, les allergies et autres troubles respiratoires. Il permet d&#8217;administrer efficacement des doses a\u00e9rosolis\u00e9es avec une pr\u00e9cision clinique. Extr\u00eamement facile \u00e0 utiliser, il suffit d&#8217;appuyer sur un bouton pour d\u00e9marrer et il est efficace, durable et silencieux en utilisation.<br \/>\nDeux masques de tailles diff\u00e9rentes et une pi\u00e8ce mensuelle suppl\u00e9mentaire pour permettre l&#8217;utilisation de l&#8217;inhalateur non seulement pour les adultes, mais aussi pour les nourrissons et les enfants.<\/p>","protected":false},"featured_media":1141,"comment_status":"open","ping_status":"closed","template":"","meta":{"_et_pb_use_builder":"","_et_pb_old_content":"","_et_gb_content_width":""},"product_cat":[49],"product_tag":[58,57,59,60],"class_list":{"0":"post-157","1":"product","2":"type-product","3":"status-publish","4":"has-post-thumbnail","6":"product_cat-sante-animale","7":"product_tag-electronique","8":"product_tag-equipement","9":"product_tag-materiel-medical","10":"product_tag-sante-humaine","12":"first","13":"instock","14":"featured","15":"shipping-taxable","16":"product-type-simple"},"yoast_head":"<!-- This site is optimized with the Yoast SEO plugin v21.7 - https:\/\/yoast.com\/wordpress\/plugins\/seo\/ -->\n<title>Inhalateur Esperanza - Westapharma<\/title>\n<meta name=\"robots\" content=\"index, follow, max-snippet:-1, max-image-preview:large, max-video-preview:-1\" \/>\n<link rel=\"canonical\" href=\"https:\/\/westapharma.com\/en\/product\/esperanza-inhaler\/\" \/>\n<meta property=\"og:locale\" content=\"en_US\" \/>\n<meta property=\"og:type\" content=\"article\" \/>\n<meta property=\"og:title\" content=\"Inhalateur Esperanza - Westapharma\" \/>\n<meta property=\"og:description\" content=\"Inhalateur haute performance - 0,2 ml \/ minute, 1 bouton pour d\u00e9marrer et facile \u00e0 utiliser. L&#039;inhalateur est d\u00e9velopp\u00e9 pour traiter avec succ\u00e8s l&#039;asthme, les allergies et autres troubles respiratoires. Il permet d&#039;administrer efficacement des doses a\u00e9rosolis\u00e9es avec une pr\u00e9cision clinique. Extr\u00eamement facile \u00e0 utiliser, il suffit d&#039;appuyer sur un bouton pour d\u00e9marrer et il est efficace, durable et silencieux en utilisation. Deux masques de tailles diff\u00e9rentes et une pi\u00e8ce mensuelle suppl\u00e9mentaire pour permettre l&#039;utilisation de l&#039;inhalateur non seulement pour les adultes, mais aussi pour les nourrissons et les enfants.\" \/>\n<meta property=\"og:url\" content=\"https:\/\/westapharma.com\/en\/product\/esperanza-inhaler\/\" \/>\n<meta property=\"og:site_name\" content=\"Westapharma\" \/>\n<meta property=\"article:modified_time\" content=\"2022-11-06T23:53:37+00:00\" \/>\n<meta property=\"og:image\" content=\"https:\/\/westapharma.com\/wp-content\/uploads\/2021\/10\/ie.jpg\" \/>\n\t<meta property=\"og:image:width\" content=\"150\" \/>\n\t<meta property=\"og:image:height\" content=\"150\" \/>\n\t<meta property=\"og:image:type\" content=\"image\/jpeg\" \/>\n<meta name=\"twitter:card\" content=\"summary_large_image\" \/>\n<meta name=\"twitter:label1\" content=\"Est. reading time\" \/>\n\t<meta name=\"twitter:data1\" content=\"1 minute\" \/>\n<script type=\"application\/ld+json\" class=\"yoast-schema-graph\">{\"@context\":\"https:\/\/schema.org\",\"@graph\":[{\"@type\":\"WebPage\",\"@id\":\"https:\/\/westapharma.com\/product\/esperanza-inhaler\/\",\"url\":\"https:\/\/westapharma.com\/product\/esperanza-inhaler\/\",\"name\":\"Inhalateur Esperanza - Westapharma\",\"isPartOf\":{\"@id\":\"https:\/\/westapharma.com\/#website\"},\"datePublished\":\"2021-10-26T12:19:06+00:00\",\"dateModified\":\"2022-11-06T23:53:37+00:00\",\"breadcrumb\":{\"@id\":\"https:\/\/westapharma.com\/product\/esperanza-inhaler\/#breadcrumb\"},\"inLanguage\":\"en-US\",\"potentialAction\":[{\"@type\":\"ReadAction\",\"target\":[\"https:\/\/westapharma.com\/product\/esperanza-inhaler\/\"]}]},{\"@type\":\"BreadcrumbList\",\"@id\":\"https:\/\/westapharma.com\/product\/esperanza-inhaler\/#breadcrumb\",\"itemListElement\":[{\"@type\":\"ListItem\",\"position\":1,\"name\":\"Home\",\"item\":\"https:\/\/westapharma.com\/\"},{\"@type\":\"ListItem\",\"position\":2,\"name\":\"Inhalateur Esperanza\"}]},{\"@type\":\"WebSite\",\"@id\":\"https:\/\/westapharma.com\/#website\",\"url\":\"https:\/\/westapharma.com\/\",\"name\":\"Westapharma\",\"description\":\"One Health\",\"publisher\":{\"@id\":\"https:\/\/westapharma.com\/#organization\"},\"potentialAction\":[{\"@type\":\"SearchAction\",\"target\":{\"@type\":\"EntryPoint\",\"urlTemplate\":\"https:\/\/westapharma.com\/?s={search_term_string}\"},\"query-input\":\"required name=search_term_string\"}],\"inLanguage\":\"en-US\"},{\"@type\":\"Organization\",\"@id\":\"https:\/\/westapharma.com\/#organization\",\"name\":\"Westapharma\",\"url\":\"https:\/\/westapharma.com\/\",\"logo\":{\"@type\":\"ImageObject\",\"inLanguage\":\"en-US\",\"@id\":\"https:\/\/westapharma.com\/#\/schema\/logo\/image\/\",\"url\":\"https:\/\/westapharma.com\/wp-content\/uploads\/2021\/10\/Logo-westapharma200.png\",\"contentUrl\":\"https:\/\/westapharma.com\/wp-content\/uploads\/2021\/10\/Logo-westapharma200.png\",\"width\":200,\"height\":200,\"caption\":\"Westapharma\"},\"image\":{\"@id\":\"https:\/\/westapharma.com\/#\/schema\/logo\/image\/\"}}]}<\/script>\n<!-- \/ Yoast SEO plugin. -->","yoast_head_json":{"title":"Inhalateur Esperanza - Westapharma","robots":{"index":"index","follow":"follow","max-snippet":"max-snippet:-1","max-image-preview":"max-image-preview:large","max-video-preview":"max-video-preview:-1"},"canonical":"https:\/\/westapharma.com\/en\/product\/esperanza-inhaler\/","og_locale":"en_US","og_type":"article","og_title":"Inhalateur Esperanza - Westapharma","og_description":"Inhalateur haute performance - 0,2 ml \/ minute, 1 bouton pour d\u00e9marrer et facile \u00e0 utiliser. L'inhalateur est d\u00e9velopp\u00e9 pour traiter avec succ\u00e8s l'asthme, les allergies et autres troubles respiratoires. Il permet d'administrer efficacement des doses a\u00e9rosolis\u00e9es avec une pr\u00e9cision clinique. Extr\u00eamement facile \u00e0 utiliser, il suffit d'appuyer sur un bouton pour d\u00e9marrer et il est efficace, durable et silencieux en utilisation. Deux masques de tailles diff\u00e9rentes et une pi\u00e8ce mensuelle suppl\u00e9mentaire pour permettre l'utilisation de l'inhalateur non seulement pour les adultes, mais aussi pour les nourrissons et les enfants.","og_url":"https:\/\/westapharma.com\/en\/product\/esperanza-inhaler\/","og_site_name":"Westapharma","article_modified_time":"2022-11-06T23:53:37+00:00","og_image":[{"width":150,"height":150,"url":"https:\/\/westapharma.com\/wp-content\/uploads\/2021\/10\/ie.jpg","type":"image\/jpeg"}],"twitter_card":"summary_large_image","twitter_misc":{"Est. reading time":"1 minute"},"schema":{"@context":"https:\/\/schema.org","@graph":[{"@type":"WebPage","@id":"https:\/\/westapharma.com\/product\/esperanza-inhaler\/","url":"https:\/\/westapharma.com\/product\/esperanza-inhaler\/","name":"Inhalateur Esperanza - Westapharma","isPartOf":{"@id":"https:\/\/westapharma.com\/#website"},"datePublished":"2021-10-26T12:19:06+00:00","dateModified":"2022-11-06T23:53:37+00:00","breadcrumb":{"@id":"https:\/\/westapharma.com\/product\/esperanza-inhaler\/#breadcrumb"},"inLanguage":"en-US","potentialAction":[{"@type":"ReadAction","target":["https:\/\/westapharma.com\/product\/esperanza-inhaler\/"]}]},{"@type":"BreadcrumbList","@id":"https:\/\/westapharma.com\/product\/esperanza-inhaler\/#breadcrumb","itemListElement":[{"@type":"ListItem","position":1,"name":"Home","item":"https:\/\/westapharma.com\/"},{"@type":"ListItem","position":2,"name":"Inhalateur Esperanza"}]},{"@type":"WebSite","@id":"https:\/\/westapharma.com\/#website","url":"https:\/\/westapharma.com\/","name":"Westapharma","description":"One Health","publisher":{"@id":"https:\/\/westapharma.com\/#organization"},"potentialAction":[{"@type":"SearchAction","target":{"@type":"EntryPoint","urlTemplate":"https:\/\/westapharma.com\/?s={search_term_string}"},"query-input":"required name=search_term_string"}],"inLanguage":"en-US"},{"@type":"Organization","@id":"https:\/\/westapharma.com\/#organization","name":"Westapharma","url":"https:\/\/westapharma.com\/","logo":{"@type":"ImageObject","inLanguage":"en-US","@id":"https:\/\/westapharma.com\/#\/schema\/logo\/image\/","url":"https:\/\/westapharma.com\/wp-content\/uploads\/2021\/10\/Logo-westapharma200.png","contentUrl":"https:\/\/westapharma.com\/wp-content\/uploads\/2021\/10\/Logo-westapharma200.png","width":200,"height":200,"caption":"Westapharma"},"image":{"@id":"https:\/\/westapharma.com\/#\/schema\/logo\/image\/"}}]}},"_links":{"self":[{"href":"https:\/\/westapharma.com\/en\/wp-json\/wp\/v2\/product\/157","targetHints":{"allow":["GET"]}}],"collection":[{"href":"https:\/\/westapharma.com\/en\/wp-json\/wp\/v2\/product"}],"about":[{"href":"https:\/\/westapharma.com\/en\/wp-json\/wp\/v2\/types\/product"}],"replies":[{"embeddable":true,"href":"https:\/\/westapharma.com\/en\/wp-json\/wp\/v2\/comments?post=157"}],"wp:featuredmedia":[{"embeddable":true,"href":"https:\/\/westapharma.com\/en\/wp-json\/wp\/v2\/media\/1141"}],"wp:attachment":[{"href":"https:\/\/westapharma.com\/en\/wp-json\/wp\/v2\/media?parent=157"}],"wp:term":[{"taxonomy":"product_cat","embeddable":true,"href":"https:\/\/westapharma.com\/en\/wp-json\/wp\/v2\/product_cat?post=157"},{"taxonomy":"product_tag","embeddable":true,"href":"https:\/\/westapharma.com\/en\/wp-json\/wp\/v2\/product_tag?post=157"}],"curies":[{"name":"wp","href":"https:\/\/api.w.org\/{rel}","templated":true}]}}