{"id":158,"date":"2021-10-26T12:20:58","date_gmt":"2021-10-26T12:20:58","guid":{"rendered":"https:\/\/westapharma.uwazy.com\/?post_type=product&#038;p=158"},"modified":"2022-11-06T22:20:31","modified_gmt":"2022-11-06T22:20:31","slug":"object-thermometer","status":"publish","type":"product","link":"https:\/\/westapharma.com\/en\/product\/object-thermometer","title":{"rendered":"Thermom\u00e8tre infrarouge"},"content":{"rendered":"<style type=\"text\/css\"><\/style><div class=\"p\">\n<p>Thermom\u00e8tre infrarouge est un produit de haute qualit\u00e9 qui int\u00e8gre les derni\u00e8res technologies et test\u00e9 conform\u00e9ment aux normes internationales. Il peut fournir une lecture pr\u00e9cise de la temp\u00e9rature \u00e0 une distance id\u00e9ale de 5 cm, sans avoir besoin de toucher la peau, en &lt;1 seconde environ.<\/p>\n<p>Il dispose d&#8217;un certificat CE qui certifie qu&#8217;il r\u00e9pond aux exigences de qualit\u00e9 europ\u00e9ennes.<\/p>\n<p>Le thermom\u00e8tre est indiqu\u00e9 pour les mesures intermittentes et la surveillance de la temp\u00e9rature pour les personnes de tous \u00e2ges.<\/p>\n<p><strong>ALARME HAUTE TEMP\u00c9RATURE | HAUTE PR\u00c9CISION | PAS DE CONTACT<\/strong><\/p>\n<\/div>\n<p>&nbsp;<\/p>","protected":false},"excerpt":{"rendered":"<p>Thermom\u00e8tre infrarouge est un produit de haute qualit\u00e9 qui int\u00e8gre les derni\u00e8res technologies et test\u00e9 conform\u00e9ment aux normes internationales. Il peut fournir une lecture pr\u00e9cise de la temp\u00e9rature \u00e0 une distance id\u00e9ale de 5 cm, sans avoir besoin de toucher la peau, en &lt;1 seconde environ.<\/p>\n<p>Il dispose d&#8217;un certificat CE qui certifie qu&#8217;il r\u00e9pond aux exigences de qualit\u00e9 europ\u00e9ennes.<\/p>\n<p>Le thermom\u00e8tre est indiqu\u00e9 pour les mesures intermittentes et la surveillance de la temp\u00e9rature pour les personnes de tous \u00e2ges.<\/p>","protected":false},"featured_media":1140,"comment_status":"open","ping_status":"closed","template":"","meta":{"_et_pb_use_builder":"","_et_pb_old_content":"","_et_gb_content_width":""},"product_cat":[56,55],"product_tag":[61,58,57,59,60],"class_list":{"0":"post-158","1":"product","2":"type-product","3":"status-publish","4":"has-post-thumbnail","6":"product_cat-materiel-medical","7":"product_cat-sante-humaine","8":"product_tag-covid","9":"product_tag-electronique","10":"product_tag-equipement","11":"product_tag-materiel-medical","12":"product_tag-sante-humaine","14":"first","15":"instock","16":"featured","17":"shipping-taxable","18":"product-type-simple"},"yoast_head":"<!-- This site is optimized with the Yoast SEO plugin v21.7 - https:\/\/yoast.com\/wordpress\/plugins\/seo\/ -->\n<title>Thermom\u00e8tre infrarouge - Westapharma<\/title>\n<meta name=\"robots\" content=\"index, follow, max-snippet:-1, max-image-preview:large, max-video-preview:-1\" \/>\n<link rel=\"canonical\" href=\"https:\/\/westapharma.com\/en\/product\/object-thermometer\/\" \/>\n<meta property=\"og:locale\" content=\"en_US\" \/>\n<meta property=\"og:type\" content=\"article\" \/>\n<meta property=\"og:title\" content=\"Thermom\u00e8tre infrarouge - Westapharma\" \/>\n<meta property=\"og:description\" content=\"Thermom\u00e8tre infrarouge est un produit de haute qualit\u00e9 qui int\u00e8gre les derni\u00e8res technologies et test\u00e9 conform\u00e9ment aux normes internationales. Il peut fournir une lecture pr\u00e9cise de la temp\u00e9rature \u00e0 une distance id\u00e9ale de 5 cm, sans avoir besoin de toucher la peau, en &lt;1 seconde environ.  Il dispose d&#039;un certificat CE qui certifie qu&#039;il r\u00e9pond aux exigences de qualit\u00e9 europ\u00e9ennes.  Le thermom\u00e8tre est indiqu\u00e9 pour les mesures intermittentes et la surveillance de la temp\u00e9rature pour les personnes de tous \u00e2ges.\" \/>\n<meta property=\"og:url\" content=\"https:\/\/westapharma.com\/en\/product\/object-thermometer\/\" \/>\n<meta property=\"og:site_name\" content=\"Westapharma\" \/>\n<meta property=\"article:modified_time\" content=\"2022-11-06T22:20:31+00:00\" \/>\n<meta property=\"og:image\" content=\"https:\/\/westapharma.com\/wp-content\/uploads\/2021\/10\/thermometre.jpg\" \/>\n\t<meta property=\"og:image:width\" content=\"570\" \/>\n\t<meta property=\"og:image:height\" content=\"570\" \/>\n\t<meta property=\"og:image:type\" content=\"image\/jpeg\" \/>\n<meta name=\"twitter:card\" content=\"summary_large_image\" \/>\n<meta name=\"twitter:label1\" content=\"Est. reading time\" \/>\n\t<meta name=\"twitter:data1\" content=\"1 minute\" \/>\n<script type=\"application\/ld+json\" class=\"yoast-schema-graph\">{\"@context\":\"https:\/\/schema.org\",\"@graph\":[{\"@type\":\"WebPage\",\"@id\":\"https:\/\/westapharma.com\/product\/object-thermometer\/\",\"url\":\"https:\/\/westapharma.com\/product\/object-thermometer\/\",\"name\":\"Thermom\u00e8tre infrarouge - Westapharma\",\"isPartOf\":{\"@id\":\"https:\/\/westapharma.com\/#website\"},\"datePublished\":\"2021-10-26T12:20:58+00:00\",\"dateModified\":\"2022-11-06T22:20:31+00:00\",\"breadcrumb\":{\"@id\":\"https:\/\/westapharma.com\/product\/object-thermometer\/#breadcrumb\"},\"inLanguage\":\"en-US\",\"potentialAction\":[{\"@type\":\"ReadAction\",\"target\":[\"https:\/\/westapharma.com\/product\/object-thermometer\/\"]}]},{\"@type\":\"BreadcrumbList\",\"@id\":\"https:\/\/westapharma.com\/product\/object-thermometer\/#breadcrumb\",\"itemListElement\":[{\"@type\":\"ListItem\",\"position\":1,\"name\":\"Home\",\"item\":\"https:\/\/westapharma.com\/\"},{\"@type\":\"ListItem\",\"position\":2,\"name\":\"Thermom\u00e8tre infrarouge\"}]},{\"@type\":\"WebSite\",\"@id\":\"https:\/\/westapharma.com\/#website\",\"url\":\"https:\/\/westapharma.com\/\",\"name\":\"Westapharma\",\"description\":\"One Health\",\"publisher\":{\"@id\":\"https:\/\/westapharma.com\/#organization\"},\"potentialAction\":[{\"@type\":\"SearchAction\",\"target\":{\"@type\":\"EntryPoint\",\"urlTemplate\":\"https:\/\/westapharma.com\/?s={search_term_string}\"},\"query-input\":\"required name=search_term_string\"}],\"inLanguage\":\"en-US\"},{\"@type\":\"Organization\",\"@id\":\"https:\/\/westapharma.com\/#organization\",\"name\":\"Westapharma\",\"url\":\"https:\/\/westapharma.com\/\",\"logo\":{\"@type\":\"ImageObject\",\"inLanguage\":\"en-US\",\"@id\":\"https:\/\/westapharma.com\/#\/schema\/logo\/image\/\",\"url\":\"https:\/\/westapharma.com\/wp-content\/uploads\/2021\/10\/Logo-westapharma200.png\",\"contentUrl\":\"https:\/\/westapharma.com\/wp-content\/uploads\/2021\/10\/Logo-westapharma200.png\",\"width\":200,\"height\":200,\"caption\":\"Westapharma\"},\"image\":{\"@id\":\"https:\/\/westapharma.com\/#\/schema\/logo\/image\/\"}}]}<\/script>\n<!-- \/ Yoast SEO plugin. -->","yoast_head_json":{"title":"Thermom\u00e8tre infrarouge - Westapharma","robots":{"index":"index","follow":"follow","max-snippet":"max-snippet:-1","max-image-preview":"max-image-preview:large","max-video-preview":"max-video-preview:-1"},"canonical":"https:\/\/westapharma.com\/en\/product\/object-thermometer\/","og_locale":"en_US","og_type":"article","og_title":"Thermom\u00e8tre infrarouge - Westapharma","og_description":"Thermom\u00e8tre infrarouge est un produit de haute qualit\u00e9 qui int\u00e8gre les derni\u00e8res technologies et test\u00e9 conform\u00e9ment aux normes internationales. Il peut fournir une lecture pr\u00e9cise de la temp\u00e9rature \u00e0 une distance id\u00e9ale de 5 cm, sans avoir besoin de toucher la peau, en &lt;1 seconde environ.  Il dispose d'un certificat CE qui certifie qu'il r\u00e9pond aux exigences de qualit\u00e9 europ\u00e9ennes.  Le thermom\u00e8tre est indiqu\u00e9 pour les mesures intermittentes et la surveillance de la temp\u00e9rature pour les personnes de tous \u00e2ges.","og_url":"https:\/\/westapharma.com\/en\/product\/object-thermometer\/","og_site_name":"Westapharma","article_modified_time":"2022-11-06T22:20:31+00:00","og_image":[{"width":570,"height":570,"url":"https:\/\/westapharma.com\/wp-content\/uploads\/2021\/10\/thermometre.jpg","type":"image\/jpeg"}],"twitter_card":"summary_large_image","twitter_misc":{"Est. reading time":"1 minute"},"schema":{"@context":"https:\/\/schema.org","@graph":[{"@type":"WebPage","@id":"https:\/\/westapharma.com\/product\/object-thermometer\/","url":"https:\/\/westapharma.com\/product\/object-thermometer\/","name":"Thermom\u00e8tre infrarouge - Westapharma","isPartOf":{"@id":"https:\/\/westapharma.com\/#website"},"datePublished":"2021-10-26T12:20:58+00:00","dateModified":"2022-11-06T22:20:31+00:00","breadcrumb":{"@id":"https:\/\/westapharma.com\/product\/object-thermometer\/#breadcrumb"},"inLanguage":"en-US","potentialAction":[{"@type":"ReadAction","target":["https:\/\/westapharma.com\/product\/object-thermometer\/"]}]},{"@type":"BreadcrumbList","@id":"https:\/\/westapharma.com\/product\/object-thermometer\/#breadcrumb","itemListElement":[{"@type":"ListItem","position":1,"name":"Home","item":"https:\/\/westapharma.com\/"},{"@type":"ListItem","position":2,"name":"Thermom\u00e8tre infrarouge"}]},{"@type":"WebSite","@id":"https:\/\/westapharma.com\/#website","url":"https:\/\/westapharma.com\/","name":"Westapharma","description":"One Health","publisher":{"@id":"https:\/\/westapharma.com\/#organization"},"potentialAction":[{"@type":"SearchAction","target":{"@type":"EntryPoint","urlTemplate":"https:\/\/westapharma.com\/?s={search_term_string}"},"query-input":"required name=search_term_string"}],"inLanguage":"en-US"},{"@type":"Organization","@id":"https:\/\/westapharma.com\/#organization","name":"Westapharma","url":"https:\/\/westapharma.com\/","logo":{"@type":"ImageObject","inLanguage":"en-US","@id":"https:\/\/westapharma.com\/#\/schema\/logo\/image\/","url":"https:\/\/westapharma.com\/wp-content\/uploads\/2021\/10\/Logo-westapharma200.png","contentUrl":"https:\/\/westapharma.com\/wp-content\/uploads\/2021\/10\/Logo-westapharma200.png","width":200,"height":200,"caption":"Westapharma"},"image":{"@id":"https:\/\/westapharma.com\/#\/schema\/logo\/image\/"}}]}},"_links":{"self":[{"href":"https:\/\/westapharma.com\/en\/wp-json\/wp\/v2\/product\/158","targetHints":{"allow":["GET"]}}],"collection":[{"href":"https:\/\/westapharma.com\/en\/wp-json\/wp\/v2\/product"}],"about":[{"href":"https:\/\/westapharma.com\/en\/wp-json\/wp\/v2\/types\/product"}],"replies":[{"embeddable":true,"href":"https:\/\/westapharma.com\/en\/wp-json\/wp\/v2\/comments?post=158"}],"wp:featuredmedia":[{"embeddable":true,"href":"https:\/\/westapharma.com\/en\/wp-json\/wp\/v2\/media\/1140"}],"wp:attachment":[{"href":"https:\/\/westapharma.com\/en\/wp-json\/wp\/v2\/media?parent=158"}],"wp:term":[{"taxonomy":"product_cat","embeddable":true,"href":"https:\/\/westapharma.com\/en\/wp-json\/wp\/v2\/product_cat?post=158"},{"taxonomy":"product_tag","embeddable":true,"href":"https:\/\/westapharma.com\/en\/wp-json\/wp\/v2\/product_tag?post=158"}],"curies":[{"name":"wp","href":"https:\/\/api.w.org\/{rel}","templated":true}]}}