{"id":160,"date":"2021-10-26T12:24:07","date_gmt":"2021-10-26T12:24:07","guid":{"rendered":"https:\/\/westapharma.uwazy.com\/?post_type=product&#038;p=160"},"modified":"2024-02-28T11:52:41","modified_gmt":"2024-02-28T11:52:41","slug":"non-touch-thermometer","status":"publish","type":"product","link":"https:\/\/westapharma.com\/en\/product\/non-touch-thermometer","title":{"rendered":"ASHIVER"},"content":{"rendered":"<style type=\"text\/css\"><\/style><div class=\"woocommerce-product-details__short-description\">\n<p><strong>COMPOSITION: <\/strong><\/p>\n<p>Chaque ml contient:<\/p>\n<p>Ivermectine\u2026\u2026\u2026\u2026\u2026\u2026\u2026\u2026\u2026\u2026\u2026 10 mg<\/p>\n<p>Alcool Benzylique B.P\u2026\u2026\u2026\u2026\u2026\u2026\u2026.. 1.5% v\/v<\/p>\n<p>Propyl\u00e8ne glycol &#8230;&#8230;&#8230;&#8230;&#8230;&#8230;&#8230;&#8230;.. QSP 1g<\/p>\n<p>&nbsp;<\/p>\n<p><strong>LES INDICATIONS:<\/strong><\/p>\n<p>ASHIVER est indiqu\u00e9 pour le traitement et le contr\u00f4le des parasites internes et externes<\/p>\n<p>Vers ronds gastro-intestinaux (adultes et larves de quatri\u00e8me stade) Ostertagia spp. y compris O. ostertagi<\/p>\n<p>aussi Haemonchus placei, Trichostrongylus axei et Strongyloides papillosus (adultes) .<\/p>\n<p>Vers pulmonaires (adultes et larves de quatri\u00e8me stade) Dictyocaulus viviparus et D. filariae<\/p>\n<p>Vers oculaires (adultes) Thelazia spp .<\/p>\n<p>Varron (stades parasitaires) Hypoderma bovis et H. lineatum<\/p>\n<p>Acariens. Psoroptes spp. Sarcoptes spp. et Demodex spp. Tiques Un h\u00f4te tique comme Boophilus microplus<\/p>\n<p>Poux suceurs Linognathus vituli, Haematopinus eurysternus et Solenoples spp<\/p>\n<p><strong>POSOLOGIE ET ADMINISTRATION:<\/strong><\/p>\n<p><strong>Bovins, Buffles, Chevaux, Moutons, Ch\u00e8vres, Chameaux, Porcs et Chiens<\/strong> L&#8217;injection d&#8217;ivermectine doit \u00eatre administr\u00e9e par voie sous-cutan\u00e9 (SC) sous la peau l\u00e2che devant ou derri\u00e8re l&#8217;\u00e9paule, 1 ml pour 50 Kg de poids vil<\/p>\n<p>Injecter seulement 10 ml par site d&#8217;injection chez les grands animaux<\/p>\n<p><strong>PR\u00c9SENTATION:<\/strong><\/p>\n<p>Flacon de 10 ml, 20ml, 50ml, 100 ml, 250\u00a0ml\u00a0et\u00a0500\u00a0ml<\/p>\n<\/div>","protected":false},"excerpt":{"rendered":"<p>For the treatment and control of gastro-intestinal roundworms, lungworms, eye worms, warbles and ectoparasitic infestations like ticks, mites (mange) and lice in Cattle, Buffaloes, Horses, Sheep, Goats, Camels, Pigs and Dogs<\/p>\n<p><strong>\u00a0<\/strong><\/p>","protected":false},"featured_media":7949,"comment_status":"open","ping_status":"closed","template":"","meta":{"_et_pb_use_builder":"","_et_pb_old_content":"","_et_gb_content_width":""},"product_cat":[50,49],"product_tag":[53,52,54],"class_list":{"0":"post-160","1":"product","2":"type-product","3":"status-publish","4":"has-post-thumbnail","6":"product_cat-ruminant","7":"product_cat-sante-animale","8":"product_tag-ruminant","9":"product_tag-sante-animale","10":"product_tag-voie-orale","12":"first","13":"instock","14":"featured","15":"shipping-taxable","16":"product-type-simple"},"yoast_head":"<!-- This site is optimized with the Yoast SEO plugin v21.7 - https:\/\/yoast.com\/wordpress\/plugins\/seo\/ -->\n<title>ASHIVER - Westapharma<\/title>\n<meta name=\"description\" content=\"Injection d&#039;ivermectine, Pour le traitement et la lutte contre les vers rond gastro-intestinaux, les vers pulmonaires, les vers oculaires et les infestations ectoparasites comme les tiques, les acariens et les poux chez les bovins,\u00a0 les buffles, les chevaux, les moutons , les ch\u00e8vres , les chameaux , les porcs et les chiens.\" \/>\n<meta name=\"robots\" content=\"index, follow, max-snippet:-1, max-image-preview:large, max-video-preview:-1\" \/>\n<link rel=\"canonical\" href=\"https:\/\/westapharma.com\/en\/product\/non-touch-thermometer\/\" \/>\n<meta property=\"og:locale\" content=\"en_US\" \/>\n<meta property=\"og:type\" content=\"article\" \/>\n<meta property=\"og:title\" content=\"ASHIVER - Westapharma\" \/>\n<meta property=\"og:description\" content=\"Injection d&#039;ivermectine, Pour le traitement et la lutte contre les vers rond gastro-intestinaux, les vers pulmonaires, les vers oculaires et les infestations ectoparasites comme les tiques, les acariens et les poux chez les bovins,\u00a0 les buffles, les chevaux, les moutons , les ch\u00e8vres , les chameaux , les porcs et les chiens.\" \/>\n<meta property=\"og:url\" content=\"https:\/\/westapharma.com\/en\/product\/non-touch-thermometer\/\" \/>\n<meta property=\"og:site_name\" content=\"Westapharma\" \/>\n<meta property=\"article:modified_time\" content=\"2024-02-28T11:52:41+00:00\" \/>\n<meta property=\"og:image\" content=\"https:\/\/westapharma.com\/wp-content\/uploads\/2021\/10\/Ashiver.jpg\" \/>\n\t<meta property=\"og:image:width\" content=\"294\" \/>\n\t<meta property=\"og:image:height\" content=\"294\" \/>\n\t<meta property=\"og:image:type\" content=\"image\/jpeg\" \/>\n<meta name=\"twitter:card\" content=\"summary_large_image\" \/>\n<meta name=\"twitter:label1\" content=\"Est. reading time\" \/>\n\t<meta name=\"twitter:data1\" content=\"2 minutes\" \/>\n<script type=\"application\/ld+json\" class=\"yoast-schema-graph\">{\"@context\":\"https:\/\/schema.org\",\"@graph\":[{\"@type\":\"WebPage\",\"@id\":\"https:\/\/westapharma.com\/product\/non-touch-thermometer\/\",\"url\":\"https:\/\/westapharma.com\/product\/non-touch-thermometer\/\",\"name\":\"ASHIVER - Westapharma\",\"isPartOf\":{\"@id\":\"https:\/\/westapharma.com\/#website\"},\"datePublished\":\"2021-10-26T12:24:07+00:00\",\"dateModified\":\"2024-02-28T11:52:41+00:00\",\"description\":\"Injection d'ivermectine, Pour le traitement et la lutte contre les vers rond gastro-intestinaux, les vers pulmonaires, les vers oculaires et les infestations ectoparasites comme les tiques, les acariens et les poux chez les bovins,\u00a0 les buffles, les chevaux, les moutons , les ch\u00e8vres , les chameaux , les porcs et les chiens.\",\"breadcrumb\":{\"@id\":\"https:\/\/westapharma.com\/product\/non-touch-thermometer\/#breadcrumb\"},\"inLanguage\":\"en-US\",\"potentialAction\":[{\"@type\":\"ReadAction\",\"target\":[\"https:\/\/westapharma.com\/product\/non-touch-thermometer\/\"]}]},{\"@type\":\"BreadcrumbList\",\"@id\":\"https:\/\/westapharma.com\/product\/non-touch-thermometer\/#breadcrumb\",\"itemListElement\":[{\"@type\":\"ListItem\",\"position\":1,\"name\":\"Home\",\"item\":\"https:\/\/westapharma.com\/\"},{\"@type\":\"ListItem\",\"position\":2,\"name\":\"ASHIVER\"}]},{\"@type\":\"WebSite\",\"@id\":\"https:\/\/westapharma.com\/#website\",\"url\":\"https:\/\/westapharma.com\/\",\"name\":\"Westapharma\",\"description\":\"One Health\",\"publisher\":{\"@id\":\"https:\/\/westapharma.com\/#organization\"},\"potentialAction\":[{\"@type\":\"SearchAction\",\"target\":{\"@type\":\"EntryPoint\",\"urlTemplate\":\"https:\/\/westapharma.com\/?s={search_term_string}\"},\"query-input\":\"required name=search_term_string\"}],\"inLanguage\":\"en-US\"},{\"@type\":\"Organization\",\"@id\":\"https:\/\/westapharma.com\/#organization\",\"name\":\"Westapharma\",\"url\":\"https:\/\/westapharma.com\/\",\"logo\":{\"@type\":\"ImageObject\",\"inLanguage\":\"en-US\",\"@id\":\"https:\/\/westapharma.com\/#\/schema\/logo\/image\/\",\"url\":\"https:\/\/westapharma.com\/wp-content\/uploads\/2021\/10\/Logo-westapharma200.png\",\"contentUrl\":\"https:\/\/westapharma.com\/wp-content\/uploads\/2021\/10\/Logo-westapharma200.png\",\"width\":200,\"height\":200,\"caption\":\"Westapharma\"},\"image\":{\"@id\":\"https:\/\/westapharma.com\/#\/schema\/logo\/image\/\"}}]}<\/script>\n<!-- \/ Yoast SEO plugin. -->","yoast_head_json":{"title":"ASHIVER - Westapharma","description":"Injection d'ivermectine, Pour le traitement et la lutte contre les vers rond gastro-intestinaux, les vers pulmonaires, les vers oculaires et les infestations ectoparasites comme les tiques, les acariens et les poux chez les bovins,\u00a0 les buffles, les chevaux, les moutons , les ch\u00e8vres , les chameaux , les porcs et les chiens.","robots":{"index":"index","follow":"follow","max-snippet":"max-snippet:-1","max-image-preview":"max-image-preview:large","max-video-preview":"max-video-preview:-1"},"canonical":"https:\/\/westapharma.com\/en\/product\/non-touch-thermometer\/","og_locale":"en_US","og_type":"article","og_title":"ASHIVER - Westapharma","og_description":"Injection d'ivermectine, Pour le traitement et la lutte contre les vers rond gastro-intestinaux, les vers pulmonaires, les vers oculaires et les infestations ectoparasites comme les tiques, les acariens et les poux chez les bovins,\u00a0 les buffles, les chevaux, les moutons , les ch\u00e8vres , les chameaux , les porcs et les chiens.","og_url":"https:\/\/westapharma.com\/en\/product\/non-touch-thermometer\/","og_site_name":"Westapharma","article_modified_time":"2024-02-28T11:52:41+00:00","og_image":[{"width":294,"height":294,"url":"https:\/\/westapharma.com\/wp-content\/uploads\/2021\/10\/Ashiver.jpg","type":"image\/jpeg"}],"twitter_card":"summary_large_image","twitter_misc":{"Est. reading time":"2 minutes"},"schema":{"@context":"https:\/\/schema.org","@graph":[{"@type":"WebPage","@id":"https:\/\/westapharma.com\/product\/non-touch-thermometer\/","url":"https:\/\/westapharma.com\/product\/non-touch-thermometer\/","name":"ASHIVER - Westapharma","isPartOf":{"@id":"https:\/\/westapharma.com\/#website"},"datePublished":"2021-10-26T12:24:07+00:00","dateModified":"2024-02-28T11:52:41+00:00","description":"Injection d'ivermectine, Pour le traitement et la lutte contre les vers rond gastro-intestinaux, les vers pulmonaires, les vers oculaires et les infestations ectoparasites comme les tiques, les acariens et les poux chez les bovins,\u00a0 les buffles, les chevaux, les moutons , les ch\u00e8vres , les chameaux , les porcs et les chiens.","breadcrumb":{"@id":"https:\/\/westapharma.com\/product\/non-touch-thermometer\/#breadcrumb"},"inLanguage":"en-US","potentialAction":[{"@type":"ReadAction","target":["https:\/\/westapharma.com\/product\/non-touch-thermometer\/"]}]},{"@type":"BreadcrumbList","@id":"https:\/\/westapharma.com\/product\/non-touch-thermometer\/#breadcrumb","itemListElement":[{"@type":"ListItem","position":1,"name":"Home","item":"https:\/\/westapharma.com\/"},{"@type":"ListItem","position":2,"name":"ASHIVER"}]},{"@type":"WebSite","@id":"https:\/\/westapharma.com\/#website","url":"https:\/\/westapharma.com\/","name":"Westapharma","description":"One Health","publisher":{"@id":"https:\/\/westapharma.com\/#organization"},"potentialAction":[{"@type":"SearchAction","target":{"@type":"EntryPoint","urlTemplate":"https:\/\/westapharma.com\/?s={search_term_string}"},"query-input":"required name=search_term_string"}],"inLanguage":"en-US"},{"@type":"Organization","@id":"https:\/\/westapharma.com\/#organization","name":"Westapharma","url":"https:\/\/westapharma.com\/","logo":{"@type":"ImageObject","inLanguage":"en-US","@id":"https:\/\/westapharma.com\/#\/schema\/logo\/image\/","url":"https:\/\/westapharma.com\/wp-content\/uploads\/2021\/10\/Logo-westapharma200.png","contentUrl":"https:\/\/westapharma.com\/wp-content\/uploads\/2021\/10\/Logo-westapharma200.png","width":200,"height":200,"caption":"Westapharma"},"image":{"@id":"https:\/\/westapharma.com\/#\/schema\/logo\/image\/"}}]}},"_links":{"self":[{"href":"https:\/\/westapharma.com\/en\/wp-json\/wp\/v2\/product\/160","targetHints":{"allow":["GET"]}}],"collection":[{"href":"https:\/\/westapharma.com\/en\/wp-json\/wp\/v2\/product"}],"about":[{"href":"https:\/\/westapharma.com\/en\/wp-json\/wp\/v2\/types\/product"}],"replies":[{"embeddable":true,"href":"https:\/\/westapharma.com\/en\/wp-json\/wp\/v2\/comments?post=160"}],"wp:featuredmedia":[{"embeddable":true,"href":"https:\/\/westapharma.com\/en\/wp-json\/wp\/v2\/media\/7949"}],"wp:attachment":[{"href":"https:\/\/westapharma.com\/en\/wp-json\/wp\/v2\/media?parent=160"}],"wp:term":[{"taxonomy":"product_cat","embeddable":true,"href":"https:\/\/westapharma.com\/en\/wp-json\/wp\/v2\/product_cat?post=160"},{"taxonomy":"product_tag","embeddable":true,"href":"https:\/\/westapharma.com\/en\/wp-json\/wp\/v2\/product_tag?post=160"}],"curies":[{"name":"wp","href":"https:\/\/api.w.org\/{rel}","templated":true}]}}