{"id":161,"date":"2021-10-26T12:25:57","date_gmt":"2021-10-26T12:25:57","guid":{"rendered":"https:\/\/westapharma.uwazy.com\/?post_type=product&#038;p=161"},"modified":"2024-02-29T16:20:16","modified_gmt":"2024-02-29T16:20:16","slug":"digital-bp-monitor","status":"publish","type":"product","link":"https:\/\/westapharma.com\/en\/product\/digital-bp-monitor","title":{"rendered":"Ashialben 300"},"content":{"rendered":"<style type=\"text\/css\"><\/style><p><strong>Composition<\/strong><\/p>\n<p>Chaque bolus contient :<\/p>\n<p>Albendazole&#8230;&#8230;&#8230;&#8230;..300 mg<\/p>\n<p>Excipients&#8230;&#8230;&#8230;&#8230;&#8230;&#8230;&#8230;&#8230;.QSP 1g.<\/p>\n<p><strong>LES INDICATIONS:<\/strong><\/p>\n<p>Pour l&#8217;\u00e9limination et le contr\u00f4le des vers ronds, des ankylostomes, des vers pulmonaires, et des t\u00e9nias chez les moutons et les ch\u00e8vres.<\/p>\n<p><strong>POSOLOGIE ET ADMINISTRATION:<\/strong><\/p>\n<p>1 bolus pour 40 Kg de poids corporel oralement.<\/p>\n<p><strong>PR\u00c9SENTATION:<\/strong><\/p>\n<p>50 boli, 55\u00a0boli\u00a0et\u00a060\u00a0boli<\/p>\n<p>&nbsp;<\/p>\n<p>&nbsp;<\/p>","protected":false},"excerpt":{"rendered":"<p>Ashialben 300 est un anthelminthique \u00e0 large spectre qui convient aux ruminants (bovins, ovins et caprins). Administr\u00e9 par voie orale, ce m\u00e9dicament v\u00e9t\u00e9rinaire prend en charge de nombreux vers intestinaux affectant les ruminan<\/p>","protected":false},"featured_media":1137,"comment_status":"open","ping_status":"closed","template":"","meta":{"_et_pb_use_builder":"","_et_pb_old_content":"","_et_gb_content_width":""},"product_cat":[50,49,51],"product_tag":[53,52,54],"class_list":{"0":"post-161","1":"product","2":"type-product","3":"status-publish","4":"has-post-thumbnail","6":"product_cat-ruminant","7":"product_cat-sante-animale","8":"product_cat-voie-orale","9":"product_tag-ruminant","10":"product_tag-sante-animale","11":"product_tag-voie-orale","13":"first","14":"instock","15":"featured","16":"shipping-taxable","17":"product-type-simple"},"yoast_head":"<!-- This site is optimized with the Yoast SEO plugin v21.7 - https:\/\/yoast.com\/wordpress\/plugins\/seo\/ -->\n<title>Ashialben 300 - Westapharma<\/title>\n<meta name=\"robots\" content=\"index, follow, max-snippet:-1, max-image-preview:large, max-video-preview:-1\" \/>\n<link rel=\"canonical\" href=\"https:\/\/westapharma.com\/en\/product\/digital-bp-monitor\/\" \/>\n<meta property=\"og:locale\" content=\"en_US\" \/>\n<meta property=\"og:type\" content=\"article\" \/>\n<meta property=\"og:title\" content=\"Ashialben 300 - Westapharma\" \/>\n<meta property=\"og:description\" content=\"Ashialben 300 est un anthelminthique \u00e0 large spectre qui convient aux ruminants (bovins, ovins et caprins). Administr\u00e9 par voie orale, ce m\u00e9dicament v\u00e9t\u00e9rinaire prend en charge de nombreux vers intestinaux affectant les ruminan\" \/>\n<meta property=\"og:url\" content=\"https:\/\/westapharma.com\/en\/product\/digital-bp-monitor\/\" \/>\n<meta property=\"og:site_name\" content=\"Westapharma\" \/>\n<meta property=\"article:modified_time\" content=\"2024-02-29T16:20:16+00:00\" \/>\n<meta property=\"og:image\" content=\"https:\/\/westapharma.com\/wp-content\/uploads\/2021\/10\/ASHIALBEN-300.jpg\" \/>\n\t<meta property=\"og:image:width\" content=\"500\" \/>\n\t<meta property=\"og:image:height\" content=\"500\" \/>\n\t<meta property=\"og:image:type\" content=\"image\/jpeg\" \/>\n<meta name=\"twitter:card\" content=\"summary_large_image\" \/>\n<meta name=\"twitter:label1\" content=\"Est. reading time\" \/>\n\t<meta name=\"twitter:data1\" content=\"1 minute\" \/>\n<script type=\"application\/ld+json\" class=\"yoast-schema-graph\">{\"@context\":\"https:\/\/schema.org\",\"@graph\":[{\"@type\":\"WebPage\",\"@id\":\"https:\/\/westapharma.com\/product\/digital-bp-monitor\/\",\"url\":\"https:\/\/westapharma.com\/product\/digital-bp-monitor\/\",\"name\":\"Ashialben 300 - Westapharma\",\"isPartOf\":{\"@id\":\"https:\/\/westapharma.com\/#website\"},\"datePublished\":\"2021-10-26T12:25:57+00:00\",\"dateModified\":\"2024-02-29T16:20:16+00:00\",\"breadcrumb\":{\"@id\":\"https:\/\/westapharma.com\/product\/digital-bp-monitor\/#breadcrumb\"},\"inLanguage\":\"en-US\",\"potentialAction\":[{\"@type\":\"ReadAction\",\"target\":[\"https:\/\/westapharma.com\/product\/digital-bp-monitor\/\"]}]},{\"@type\":\"BreadcrumbList\",\"@id\":\"https:\/\/westapharma.com\/product\/digital-bp-monitor\/#breadcrumb\",\"itemListElement\":[{\"@type\":\"ListItem\",\"position\":1,\"name\":\"Home\",\"item\":\"https:\/\/westapharma.com\/\"},{\"@type\":\"ListItem\",\"position\":2,\"name\":\"Ashialben 300\"}]},{\"@type\":\"WebSite\",\"@id\":\"https:\/\/westapharma.com\/#website\",\"url\":\"https:\/\/westapharma.com\/\",\"name\":\"Westapharma\",\"description\":\"One Health\",\"publisher\":{\"@id\":\"https:\/\/westapharma.com\/#organization\"},\"potentialAction\":[{\"@type\":\"SearchAction\",\"target\":{\"@type\":\"EntryPoint\",\"urlTemplate\":\"https:\/\/westapharma.com\/?s={search_term_string}\"},\"query-input\":\"required name=search_term_string\"}],\"inLanguage\":\"en-US\"},{\"@type\":\"Organization\",\"@id\":\"https:\/\/westapharma.com\/#organization\",\"name\":\"Westapharma\",\"url\":\"https:\/\/westapharma.com\/\",\"logo\":{\"@type\":\"ImageObject\",\"inLanguage\":\"en-US\",\"@id\":\"https:\/\/westapharma.com\/#\/schema\/logo\/image\/\",\"url\":\"https:\/\/westapharma.com\/wp-content\/uploads\/2021\/10\/Logo-westapharma200.png\",\"contentUrl\":\"https:\/\/westapharma.com\/wp-content\/uploads\/2021\/10\/Logo-westapharma200.png\",\"width\":200,\"height\":200,\"caption\":\"Westapharma\"},\"image\":{\"@id\":\"https:\/\/westapharma.com\/#\/schema\/logo\/image\/\"}}]}<\/script>\n<!-- \/ Yoast SEO plugin. -->","yoast_head_json":{"title":"Ashialben 300 - Westapharma","robots":{"index":"index","follow":"follow","max-snippet":"max-snippet:-1","max-image-preview":"max-image-preview:large","max-video-preview":"max-video-preview:-1"},"canonical":"https:\/\/westapharma.com\/en\/product\/digital-bp-monitor\/","og_locale":"en_US","og_type":"article","og_title":"Ashialben 300 - Westapharma","og_description":"Ashialben 300 est un anthelminthique \u00e0 large spectre qui convient aux ruminants (bovins, ovins et caprins). Administr\u00e9 par voie orale, ce m\u00e9dicament v\u00e9t\u00e9rinaire prend en charge de nombreux vers intestinaux affectant les ruminan","og_url":"https:\/\/westapharma.com\/en\/product\/digital-bp-monitor\/","og_site_name":"Westapharma","article_modified_time":"2024-02-29T16:20:16+00:00","og_image":[{"width":500,"height":500,"url":"https:\/\/westapharma.com\/wp-content\/uploads\/2021\/10\/ASHIALBEN-300.jpg","type":"image\/jpeg"}],"twitter_card":"summary_large_image","twitter_misc":{"Est. reading time":"1 minute"},"schema":{"@context":"https:\/\/schema.org","@graph":[{"@type":"WebPage","@id":"https:\/\/westapharma.com\/product\/digital-bp-monitor\/","url":"https:\/\/westapharma.com\/product\/digital-bp-monitor\/","name":"Ashialben 300 - Westapharma","isPartOf":{"@id":"https:\/\/westapharma.com\/#website"},"datePublished":"2021-10-26T12:25:57+00:00","dateModified":"2024-02-29T16:20:16+00:00","breadcrumb":{"@id":"https:\/\/westapharma.com\/product\/digital-bp-monitor\/#breadcrumb"},"inLanguage":"en-US","potentialAction":[{"@type":"ReadAction","target":["https:\/\/westapharma.com\/product\/digital-bp-monitor\/"]}]},{"@type":"BreadcrumbList","@id":"https:\/\/westapharma.com\/product\/digital-bp-monitor\/#breadcrumb","itemListElement":[{"@type":"ListItem","position":1,"name":"Home","item":"https:\/\/westapharma.com\/"},{"@type":"ListItem","position":2,"name":"Ashialben 300"}]},{"@type":"WebSite","@id":"https:\/\/westapharma.com\/#website","url":"https:\/\/westapharma.com\/","name":"Westapharma","description":"One Health","publisher":{"@id":"https:\/\/westapharma.com\/#organization"},"potentialAction":[{"@type":"SearchAction","target":{"@type":"EntryPoint","urlTemplate":"https:\/\/westapharma.com\/?s={search_term_string}"},"query-input":"required name=search_term_string"}],"inLanguage":"en-US"},{"@type":"Organization","@id":"https:\/\/westapharma.com\/#organization","name":"Westapharma","url":"https:\/\/westapharma.com\/","logo":{"@type":"ImageObject","inLanguage":"en-US","@id":"https:\/\/westapharma.com\/#\/schema\/logo\/image\/","url":"https:\/\/westapharma.com\/wp-content\/uploads\/2021\/10\/Logo-westapharma200.png","contentUrl":"https:\/\/westapharma.com\/wp-content\/uploads\/2021\/10\/Logo-westapharma200.png","width":200,"height":200,"caption":"Westapharma"},"image":{"@id":"https:\/\/westapharma.com\/#\/schema\/logo\/image\/"}}]}},"_links":{"self":[{"href":"https:\/\/westapharma.com\/en\/wp-json\/wp\/v2\/product\/161","targetHints":{"allow":["GET"]}}],"collection":[{"href":"https:\/\/westapharma.com\/en\/wp-json\/wp\/v2\/product"}],"about":[{"href":"https:\/\/westapharma.com\/en\/wp-json\/wp\/v2\/types\/product"}],"replies":[{"embeddable":true,"href":"https:\/\/westapharma.com\/en\/wp-json\/wp\/v2\/comments?post=161"}],"wp:featuredmedia":[{"embeddable":true,"href":"https:\/\/westapharma.com\/en\/wp-json\/wp\/v2\/media\/1137"}],"wp:attachment":[{"href":"https:\/\/westapharma.com\/en\/wp-json\/wp\/v2\/media?parent=161"}],"wp:term":[{"taxonomy":"product_cat","embeddable":true,"href":"https:\/\/westapharma.com\/en\/wp-json\/wp\/v2\/product_cat?post=161"},{"taxonomy":"product_tag","embeddable":true,"href":"https:\/\/westapharma.com\/en\/wp-json\/wp\/v2\/product_tag?post=161"}],"curies":[{"name":"wp","href":"https:\/\/api.w.org\/{rel}","templated":true}]}}