{"id":185,"date":"2021-10-25T07:08:03","date_gmt":"2021-10-25T07:08:03","guid":{"rendered":"https:\/\/westapharma.uwazy.com\/?post_type=product&#038;p=185"},"modified":"2022-11-07T10:20:31","modified_gmt":"2022-11-07T10:20:31","slug":"digital-monitor","status":"publish","type":"product","link":"https:\/\/westapharma.com\/en\/product\/digital-monitor","title":{"rendered":"Digital Monitor"},"content":{"rendered":"<style type=\"text\/css\"><\/style><p>Tensiom\u00e8tre \u00e0 bras sup\u00e9rieur Type Tensiom\u00e8tre<\/p>","protected":false},"excerpt":{"rendered":"<p>Tensiom\u00e8tre \u00e0 bras sup\u00e9rieur Type Tensiom\u00e8tre<\/p>\n<p>Model: MC-FM120D<\/p>\n<p>Features &amp; Benefits of blood pressure monitor:<br \/>\n6 Standard parameters:ECG,RESP,NIBP,SPO2,2-TEMP,PR\/HR,<br \/>\n20 kinds of Real time S-T segment &amp; 20 kinds of ARR analysis, 15 kinds of drug calculation .<br \/>\n3 styles of customized display.<br \/>\n3 BP measuring methods :forward,backward,quick (15~20s)<br \/>\nMax.9 waveforms display in phase.<br \/>\nPowerful data storage volume:168-hour tabular and graphic trends,1 hour ECG waveforms.<\/p>\n<p>Performance Specifications of heart rate monitor<br \/>\nDisplay: 12.1&#8243;color TFT<br \/>\nResolution:800&#215;600<br \/>\nTrace:multi displays selectable,including:<br \/>\nTrace: 9 waveforms(max)<br \/>\nSweep speed: 0.25mm\/s, 12.5mm\/s, 25mm\/s, 50mm\/s<br \/>\nIndicator: Power\/battery indicator light<br \/>\nAlarm indicator light<br \/>\nQRS beep and alarm sound<br \/>\nBattery: Built-in and rechargeable,lasting for maximum 6 hours<br \/>\nTrend time: 1-168 hours<br \/>\nECG<br \/>\nLead mode: 5 leads(RA,LA,LL,RL,V)<br \/>\nLead selection: I,II,III,avR,avL,avF,V<br \/>\nWaveform: 7 channel<br \/>\nGain selection: 0.5mm\/mv, 1 mm\/mv, 2 mm\/mv, 4 mm\/mv<br \/>\nAccuracy: \u00b12bpm<\/p>","protected":false},"featured_media":1143,"comment_status":"open","ping_status":"closed","template":"","meta":{"_et_pb_use_builder":"","_et_pb_old_content":"","_et_gb_content_width":""},"product_cat":[26,27],"product_tag":[],"class_list":{"0":"post-185","1":"product","2":"type-product","3":"status-publish","4":"has-post-thumbnail","6":"product_cat-armani","7":"product_cat-moshi","9":"first","10":"instock","11":"featured","12":"shipping-taxable","13":"product-type-simple"},"yoast_head":"<!-- This site is optimized with the Yoast SEO plugin v21.7 - https:\/\/yoast.com\/wordpress\/plugins\/seo\/ -->\n<title>Digital Monitor - Westapharma<\/title>\n<meta name=\"robots\" content=\"index, follow, max-snippet:-1, max-image-preview:large, max-video-preview:-1\" \/>\n<link rel=\"canonical\" href=\"https:\/\/westapharma.com\/en\/product\/digital-monitor\/\" \/>\n<meta property=\"og:locale\" content=\"en_US\" \/>\n<meta property=\"og:type\" content=\"article\" \/>\n<meta property=\"og:title\" content=\"Digital Monitor - Westapharma\" \/>\n<meta property=\"og:description\" content=\"Tensiom\u00e8tre \u00e0 bras sup\u00e9rieur Type Tensiom\u00e8tre  Model: MC-FM120D  Features &amp; Benefits of blood pressure monitor: 6 Standard parameters:ECG,RESP,NIBP,SPO2,2-TEMP,PR\/HR, 20 kinds of Real time S-T segment &amp; 20 kinds of ARR analysis, 15 kinds of drug calculation . 3 styles of customized display. 3 BP measuring methods :forward,backward,quick (15~20s) Max.9 waveforms display in phase. Powerful data storage volume:168-hour tabular and graphic trends,1 hour ECG waveforms.  Performance Specifications of heart rate monitor Display: 12.1&quot;color TFT Resolution:800x600 Trace:multi displays selectable,including: Trace: 9 waveforms(max) Sweep speed: 0.25mm\/s, 12.5mm\/s, 25mm\/s, 50mm\/s Indicator: Power\/battery indicator light Alarm indicator light QRS beep and alarm sound Battery: Built-in and rechargeable,lasting for maximum 6 hours Trend time: 1-168 hours ECG Lead mode: 5 leads(RA,LA,LL,RL,V) Lead selection: I,II,III,avR,avL,avF,V Waveform: 7 channel Gain selection: 0.5mm\/mv, 1 mm\/mv, 2 mm\/mv, 4 mm\/mv Accuracy: \u00b12bpm\" \/>\n<meta property=\"og:url\" content=\"https:\/\/westapharma.com\/en\/product\/digital-monitor\/\" \/>\n<meta property=\"og:site_name\" content=\"Westapharma\" \/>\n<meta property=\"article:modified_time\" content=\"2022-11-07T10:20:31+00:00\" \/>\n<meta property=\"og:image\" content=\"https:\/\/westapharma.com\/wp-content\/uploads\/2021\/10\/dm.jpg\" \/>\n\t<meta property=\"og:image:width\" content=\"570\" \/>\n\t<meta property=\"og:image:height\" content=\"570\" \/>\n\t<meta property=\"og:image:type\" content=\"image\/jpeg\" \/>\n<meta name=\"twitter:card\" content=\"summary_large_image\" \/>\n<script type=\"application\/ld+json\" class=\"yoast-schema-graph\">{\"@context\":\"https:\/\/schema.org\",\"@graph\":[{\"@type\":\"WebPage\",\"@id\":\"https:\/\/westapharma.com\/product\/digital-monitor\/\",\"url\":\"https:\/\/westapharma.com\/product\/digital-monitor\/\",\"name\":\"Digital Monitor - Westapharma\",\"isPartOf\":{\"@id\":\"https:\/\/westapharma.com\/#website\"},\"datePublished\":\"2021-10-25T07:08:03+00:00\",\"dateModified\":\"2022-11-07T10:20:31+00:00\",\"breadcrumb\":{\"@id\":\"https:\/\/westapharma.com\/product\/digital-monitor\/#breadcrumb\"},\"inLanguage\":\"en-US\",\"potentialAction\":[{\"@type\":\"ReadAction\",\"target\":[\"https:\/\/westapharma.com\/product\/digital-monitor\/\"]}]},{\"@type\":\"BreadcrumbList\",\"@id\":\"https:\/\/westapharma.com\/product\/digital-monitor\/#breadcrumb\",\"itemListElement\":[{\"@type\":\"ListItem\",\"position\":1,\"name\":\"Home\",\"item\":\"https:\/\/westapharma.com\/\"},{\"@type\":\"ListItem\",\"position\":2,\"name\":\"Digital Monitor\"}]},{\"@type\":\"WebSite\",\"@id\":\"https:\/\/westapharma.com\/#website\",\"url\":\"https:\/\/westapharma.com\/\",\"name\":\"Westapharma\",\"description\":\"One Health\",\"publisher\":{\"@id\":\"https:\/\/westapharma.com\/#organization\"},\"potentialAction\":[{\"@type\":\"SearchAction\",\"target\":{\"@type\":\"EntryPoint\",\"urlTemplate\":\"https:\/\/westapharma.com\/?s={search_term_string}\"},\"query-input\":\"required name=search_term_string\"}],\"inLanguage\":\"en-US\"},{\"@type\":\"Organization\",\"@id\":\"https:\/\/westapharma.com\/#organization\",\"name\":\"Westapharma\",\"url\":\"https:\/\/westapharma.com\/\",\"logo\":{\"@type\":\"ImageObject\",\"inLanguage\":\"en-US\",\"@id\":\"https:\/\/westapharma.com\/#\/schema\/logo\/image\/\",\"url\":\"https:\/\/westapharma.com\/wp-content\/uploads\/2021\/10\/Logo-westapharma200.png\",\"contentUrl\":\"https:\/\/westapharma.com\/wp-content\/uploads\/2021\/10\/Logo-westapharma200.png\",\"width\":200,\"height\":200,\"caption\":\"Westapharma\"},\"image\":{\"@id\":\"https:\/\/westapharma.com\/#\/schema\/logo\/image\/\"}}]}<\/script>\n<!-- \/ Yoast SEO plugin. -->","yoast_head_json":{"title":"Digital Monitor - Westapharma","robots":{"index":"index","follow":"follow","max-snippet":"max-snippet:-1","max-image-preview":"max-image-preview:large","max-video-preview":"max-video-preview:-1"},"canonical":"https:\/\/westapharma.com\/en\/product\/digital-monitor\/","og_locale":"en_US","og_type":"article","og_title":"Digital Monitor - Westapharma","og_description":"Tensiom\u00e8tre \u00e0 bras sup\u00e9rieur Type Tensiom\u00e8tre  Model: MC-FM120D  Features &amp; Benefits of blood pressure monitor: 6 Standard parameters:ECG,RESP,NIBP,SPO2,2-TEMP,PR\/HR, 20 kinds of Real time S-T segment &amp; 20 kinds of ARR analysis, 15 kinds of drug calculation . 3 styles of customized display. 3 BP measuring methods :forward,backward,quick (15~20s) Max.9 waveforms display in phase. Powerful data storage volume:168-hour tabular and graphic trends,1 hour ECG waveforms.  Performance Specifications of heart rate monitor Display: 12.1\"color TFT Resolution:800x600 Trace:multi displays selectable,including: Trace: 9 waveforms(max) Sweep speed: 0.25mm\/s, 12.5mm\/s, 25mm\/s, 50mm\/s Indicator: Power\/battery indicator light Alarm indicator light QRS beep and alarm sound Battery: Built-in and rechargeable,lasting for maximum 6 hours Trend time: 1-168 hours ECG Lead mode: 5 leads(RA,LA,LL,RL,V) Lead selection: I,II,III,avR,avL,avF,V Waveform: 7 channel Gain selection: 0.5mm\/mv, 1 mm\/mv, 2 mm\/mv, 4 mm\/mv Accuracy: \u00b12bpm","og_url":"https:\/\/westapharma.com\/en\/product\/digital-monitor\/","og_site_name":"Westapharma","article_modified_time":"2022-11-07T10:20:31+00:00","og_image":[{"width":570,"height":570,"url":"https:\/\/westapharma.com\/wp-content\/uploads\/2021\/10\/dm.jpg","type":"image\/jpeg"}],"twitter_card":"summary_large_image","schema":{"@context":"https:\/\/schema.org","@graph":[{"@type":"WebPage","@id":"https:\/\/westapharma.com\/product\/digital-monitor\/","url":"https:\/\/westapharma.com\/product\/digital-monitor\/","name":"Digital Monitor - Westapharma","isPartOf":{"@id":"https:\/\/westapharma.com\/#website"},"datePublished":"2021-10-25T07:08:03+00:00","dateModified":"2022-11-07T10:20:31+00:00","breadcrumb":{"@id":"https:\/\/westapharma.com\/product\/digital-monitor\/#breadcrumb"},"inLanguage":"en-US","potentialAction":[{"@type":"ReadAction","target":["https:\/\/westapharma.com\/product\/digital-monitor\/"]}]},{"@type":"BreadcrumbList","@id":"https:\/\/westapharma.com\/product\/digital-monitor\/#breadcrumb","itemListElement":[{"@type":"ListItem","position":1,"name":"Home","item":"https:\/\/westapharma.com\/"},{"@type":"ListItem","position":2,"name":"Digital Monitor"}]},{"@type":"WebSite","@id":"https:\/\/westapharma.com\/#website","url":"https:\/\/westapharma.com\/","name":"Westapharma","description":"One Health","publisher":{"@id":"https:\/\/westapharma.com\/#organization"},"potentialAction":[{"@type":"SearchAction","target":{"@type":"EntryPoint","urlTemplate":"https:\/\/westapharma.com\/?s={search_term_string}"},"query-input":"required name=search_term_string"}],"inLanguage":"en-US"},{"@type":"Organization","@id":"https:\/\/westapharma.com\/#organization","name":"Westapharma","url":"https:\/\/westapharma.com\/","logo":{"@type":"ImageObject","inLanguage":"en-US","@id":"https:\/\/westapharma.com\/#\/schema\/logo\/image\/","url":"https:\/\/westapharma.com\/wp-content\/uploads\/2021\/10\/Logo-westapharma200.png","contentUrl":"https:\/\/westapharma.com\/wp-content\/uploads\/2021\/10\/Logo-westapharma200.png","width":200,"height":200,"caption":"Westapharma"},"image":{"@id":"https:\/\/westapharma.com\/#\/schema\/logo\/image\/"}}]}},"_links":{"self":[{"href":"https:\/\/westapharma.com\/en\/wp-json\/wp\/v2\/product\/185","targetHints":{"allow":["GET"]}}],"collection":[{"href":"https:\/\/westapharma.com\/en\/wp-json\/wp\/v2\/product"}],"about":[{"href":"https:\/\/westapharma.com\/en\/wp-json\/wp\/v2\/types\/product"}],"replies":[{"embeddable":true,"href":"https:\/\/westapharma.com\/en\/wp-json\/wp\/v2\/comments?post=185"}],"wp:featuredmedia":[{"embeddable":true,"href":"https:\/\/westapharma.com\/en\/wp-json\/wp\/v2\/media\/1143"}],"wp:attachment":[{"href":"https:\/\/westapharma.com\/en\/wp-json\/wp\/v2\/media?parent=185"}],"wp:term":[{"taxonomy":"product_cat","embeddable":true,"href":"https:\/\/westapharma.com\/en\/wp-json\/wp\/v2\/product_cat?post=185"},{"taxonomy":"product_tag","embeddable":true,"href":"https:\/\/westapharma.com\/en\/wp-json\/wp\/v2\/product_tag?post=185"}],"curies":[{"name":"wp","href":"https:\/\/api.w.org\/{rel}","templated":true}]}}