{"id":7854,"date":"2022-12-05T15:32:14","date_gmt":"2022-12-05T15:32:14","guid":{"rendered":"https:\/\/westapharma.com\/?post_type=product&#038;p=7854"},"modified":"2022-12-05T15:41:51","modified_gmt":"2022-12-05T15:41:51","slug":"gants-dexamen-en-latex-de-marque-3p","status":"publish","type":"product","link":"https:\/\/westapharma.com\/en\/product\/gants-dexamen-en-latex-de-marque-3p","title":{"rendered":"Gants d&#8217;examen en latex de Marque 3P"},"content":{"rendered":"<style type=\"text\/css\"><\/style><table style=\"height: 192px; width: 346px;\">\n<tbody>\n<tr style=\"height: 24px;\">\n<td class=\"tdwdt\" style=\"height: 24px; width: 161.05px;\">Brand<\/td>\n<td class=\"tdwdt1 color6\" style=\"height: 24px; width: 168.95px;\">3p Brand<\/td>\n<\/tr>\n<tr style=\"height: 24px;\">\n<td class=\"tdwdt\" style=\"height: 24px; width: 161.05px;\">Tailles<\/td>\n<td class=\"tdwdt1 color6\" style=\"height: 24px; width: 168.95px;\">XS, S,M, L<\/td>\n<\/tr>\n<tr style=\"height: 24px;\">\n<td class=\"tdwdt\" style=\"height: 24px; width: 161.05px;\">Mat\u00e9riel<\/td>\n<td class=\"tdwdt1 color6\" style=\"height: 24px; width: 168.95px;\">Latex<\/td>\n<\/tr>\n<tr style=\"height: 24px;\">\n<td class=\"tdwdt\" style=\"height: 24px; width: 161.05px;\">Couleur<\/td>\n<td class=\"tdwdt1 color6\" style=\"height: 24px; width: 168.95px;\">Blanc, Bleue<\/td>\n<\/tr>\n<tr style=\"height: 24px;\">\n<td class=\"tdwdt\" style=\"height: 24px; width: 161.05px;\">Type<\/td>\n<td class=\"tdwdt1 color6\" style=\"height: 24px; width: 168.95px;\">En poudre<\/td>\n<\/tr>\n<tr style=\"height: 24px;\">\n<td class=\"tdwdt\" style=\"height: 24px; width: 161.05px;\">Stockage<\/td>\n<td class=\"tdwdt1 color6\" style=\"height: 24px; width: 168.95px;\">30 d\u00e9gr\u00e9e C<\/td>\n<\/tr>\n<tr style=\"height: 24px;\">\n<td class=\"tdwdt\" style=\"height: 24px; width: 161.05px;\">Dur\u00e9e de conservation<\/td>\n<td class=\"tdwdt1 color6\" style=\"height: 24px; width: 168.95px;\">5 Years<\/td>\n<\/tr>\n<\/tbody>\n<\/table>","protected":false},"excerpt":{"rendered":"<p>Brand 3p Brand Tailles XS, S,M, L Mat\u00e9riel Latex Couleur Blanc, Bleue Type En poudre Stockage 30 d\u00e9gr\u00e9e C Dur\u00e9e de conservation 5 Years<\/p>","protected":false},"featured_media":7855,"comment_status":"open","ping_status":"closed","template":"","meta":{"_et_pb_use_builder":"","_et_pb_old_content":"","_et_gb_content_width":""},"product_cat":[56,49,55],"product_tag":[],"class_list":{"0":"post-7854","1":"product","2":"type-product","3":"status-publish","4":"has-post-thumbnail","6":"product_cat-materiel-medical","7":"product_cat-sante-animale","8":"product_cat-sante-humaine","10":"first","11":"instock","12":"shipping-taxable","13":"product-type-simple"},"yoast_head":"<!-- This site is optimized with the Yoast SEO plugin v21.7 - https:\/\/yoast.com\/wordpress\/plugins\/seo\/ -->\n<title>Gants d&#039;examen en latex de Marque 3P - Westapharma<\/title>\n<meta name=\"robots\" content=\"index, follow, max-snippet:-1, max-image-preview:large, max-video-preview:-1\" \/>\n<link rel=\"canonical\" href=\"https:\/\/westapharma.com\/en\/product\/gants-dexamen-en-latex-de-marque-3p\/\" \/>\n<meta property=\"og:locale\" content=\"en_US\" \/>\n<meta property=\"og:type\" content=\"article\" \/>\n<meta property=\"og:title\" content=\"Gants d&#039;examen en latex de Marque 3P - Westapharma\" \/>\n<meta property=\"og:description\" content=\"Brand 3p Brand Tailles XS, S,M, L Mat\u00e9riel Latex Couleur Blanc, Bleue Type En poudre Stockage 30 d\u00e9gr\u00e9e C Dur\u00e9e de conservation 5 Years\" \/>\n<meta property=\"og:url\" content=\"https:\/\/westapharma.com\/en\/product\/gants-dexamen-en-latex-de-marque-3p\/\" \/>\n<meta property=\"og:site_name\" content=\"Westapharma\" \/>\n<meta property=\"article:modified_time\" content=\"2022-12-05T15:41:51+00:00\" \/>\n<meta property=\"og:image\" content=\"https:\/\/westapharma.com\/wp-content\/uploads\/2022\/12\/3P.png\" \/>\n\t<meta property=\"og:image:width\" content=\"1000\" \/>\n\t<meta property=\"og:image:height\" content=\"1000\" \/>\n\t<meta property=\"og:image:type\" content=\"image\/png\" \/>\n<meta name=\"twitter:card\" content=\"summary_large_image\" \/>\n<meta name=\"twitter:label1\" content=\"Est. reading time\" \/>\n\t<meta name=\"twitter:data1\" content=\"1 minute\" \/>\n<script type=\"application\/ld+json\" class=\"yoast-schema-graph\">{\"@context\":\"https:\/\/schema.org\",\"@graph\":[{\"@type\":\"WebPage\",\"@id\":\"https:\/\/westapharma.com\/product\/gants-dexamen-en-latex-de-marque-3p\/\",\"url\":\"https:\/\/westapharma.com\/product\/gants-dexamen-en-latex-de-marque-3p\/\",\"name\":\"Gants d'examen en latex de Marque 3P - Westapharma\",\"isPartOf\":{\"@id\":\"https:\/\/westapharma.com\/#website\"},\"datePublished\":\"2022-12-05T15:32:14+00:00\",\"dateModified\":\"2022-12-05T15:41:51+00:00\",\"breadcrumb\":{\"@id\":\"https:\/\/westapharma.com\/product\/gants-dexamen-en-latex-de-marque-3p\/#breadcrumb\"},\"inLanguage\":\"en-US\",\"potentialAction\":[{\"@type\":\"ReadAction\",\"target\":[\"https:\/\/westapharma.com\/product\/gants-dexamen-en-latex-de-marque-3p\/\"]}]},{\"@type\":\"BreadcrumbList\",\"@id\":\"https:\/\/westapharma.com\/product\/gants-dexamen-en-latex-de-marque-3p\/#breadcrumb\",\"itemListElement\":[{\"@type\":\"ListItem\",\"position\":1,\"name\":\"Home\",\"item\":\"https:\/\/westapharma.com\/\"},{\"@type\":\"ListItem\",\"position\":2,\"name\":\"Gants d&rsquo;examen en latex de Marque 3P\"}]},{\"@type\":\"WebSite\",\"@id\":\"https:\/\/westapharma.com\/#website\",\"url\":\"https:\/\/westapharma.com\/\",\"name\":\"Westapharma\",\"description\":\"One Health\",\"publisher\":{\"@id\":\"https:\/\/westapharma.com\/#organization\"},\"potentialAction\":[{\"@type\":\"SearchAction\",\"target\":{\"@type\":\"EntryPoint\",\"urlTemplate\":\"https:\/\/westapharma.com\/?s={search_term_string}\"},\"query-input\":\"required name=search_term_string\"}],\"inLanguage\":\"en-US\"},{\"@type\":\"Organization\",\"@id\":\"https:\/\/westapharma.com\/#organization\",\"name\":\"Westapharma\",\"url\":\"https:\/\/westapharma.com\/\",\"logo\":{\"@type\":\"ImageObject\",\"inLanguage\":\"en-US\",\"@id\":\"https:\/\/westapharma.com\/#\/schema\/logo\/image\/\",\"url\":\"https:\/\/westapharma.com\/wp-content\/uploads\/2021\/10\/Logo-westapharma200.png\",\"contentUrl\":\"https:\/\/westapharma.com\/wp-content\/uploads\/2021\/10\/Logo-westapharma200.png\",\"width\":200,\"height\":200,\"caption\":\"Westapharma\"},\"image\":{\"@id\":\"https:\/\/westapharma.com\/#\/schema\/logo\/image\/\"}}]}<\/script>\n<!-- \/ Yoast SEO plugin. -->","yoast_head_json":{"title":"Gants d'examen en latex de Marque 3P - Westapharma","robots":{"index":"index","follow":"follow","max-snippet":"max-snippet:-1","max-image-preview":"max-image-preview:large","max-video-preview":"max-video-preview:-1"},"canonical":"https:\/\/westapharma.com\/en\/product\/gants-dexamen-en-latex-de-marque-3p\/","og_locale":"en_US","og_type":"article","og_title":"Gants d'examen en latex de Marque 3P - Westapharma","og_description":"Brand 3p Brand Tailles XS, S,M, L Mat\u00e9riel Latex Couleur Blanc, Bleue Type En poudre Stockage 30 d\u00e9gr\u00e9e C Dur\u00e9e de conservation 5 Years","og_url":"https:\/\/westapharma.com\/en\/product\/gants-dexamen-en-latex-de-marque-3p\/","og_site_name":"Westapharma","article_modified_time":"2022-12-05T15:41:51+00:00","og_image":[{"width":1000,"height":1000,"url":"https:\/\/westapharma.com\/wp-content\/uploads\/2022\/12\/3P.png","type":"image\/png"}],"twitter_card":"summary_large_image","twitter_misc":{"Est. reading time":"1 minute"},"schema":{"@context":"https:\/\/schema.org","@graph":[{"@type":"WebPage","@id":"https:\/\/westapharma.com\/product\/gants-dexamen-en-latex-de-marque-3p\/","url":"https:\/\/westapharma.com\/product\/gants-dexamen-en-latex-de-marque-3p\/","name":"Gants d'examen en latex de Marque 3P - Westapharma","isPartOf":{"@id":"https:\/\/westapharma.com\/#website"},"datePublished":"2022-12-05T15:32:14+00:00","dateModified":"2022-12-05T15:41:51+00:00","breadcrumb":{"@id":"https:\/\/westapharma.com\/product\/gants-dexamen-en-latex-de-marque-3p\/#breadcrumb"},"inLanguage":"en-US","potentialAction":[{"@type":"ReadAction","target":["https:\/\/westapharma.com\/product\/gants-dexamen-en-latex-de-marque-3p\/"]}]},{"@type":"BreadcrumbList","@id":"https:\/\/westapharma.com\/product\/gants-dexamen-en-latex-de-marque-3p\/#breadcrumb","itemListElement":[{"@type":"ListItem","position":1,"name":"Home","item":"https:\/\/westapharma.com\/"},{"@type":"ListItem","position":2,"name":"Gants d&rsquo;examen en latex de Marque 3P"}]},{"@type":"WebSite","@id":"https:\/\/westapharma.com\/#website","url":"https:\/\/westapharma.com\/","name":"Westapharma","description":"One Health","publisher":{"@id":"https:\/\/westapharma.com\/#organization"},"potentialAction":[{"@type":"SearchAction","target":{"@type":"EntryPoint","urlTemplate":"https:\/\/westapharma.com\/?s={search_term_string}"},"query-input":"required name=search_term_string"}],"inLanguage":"en-US"},{"@type":"Organization","@id":"https:\/\/westapharma.com\/#organization","name":"Westapharma","url":"https:\/\/westapharma.com\/","logo":{"@type":"ImageObject","inLanguage":"en-US","@id":"https:\/\/westapharma.com\/#\/schema\/logo\/image\/","url":"https:\/\/westapharma.com\/wp-content\/uploads\/2021\/10\/Logo-westapharma200.png","contentUrl":"https:\/\/westapharma.com\/wp-content\/uploads\/2021\/10\/Logo-westapharma200.png","width":200,"height":200,"caption":"Westapharma"},"image":{"@id":"https:\/\/westapharma.com\/#\/schema\/logo\/image\/"}}]}},"_links":{"self":[{"href":"https:\/\/westapharma.com\/en\/wp-json\/wp\/v2\/product\/7854","targetHints":{"allow":["GET"]}}],"collection":[{"href":"https:\/\/westapharma.com\/en\/wp-json\/wp\/v2\/product"}],"about":[{"href":"https:\/\/westapharma.com\/en\/wp-json\/wp\/v2\/types\/product"}],"replies":[{"embeddable":true,"href":"https:\/\/westapharma.com\/en\/wp-json\/wp\/v2\/comments?post=7854"}],"wp:featuredmedia":[{"embeddable":true,"href":"https:\/\/westapharma.com\/en\/wp-json\/wp\/v2\/media\/7855"}],"wp:attachment":[{"href":"https:\/\/westapharma.com\/en\/wp-json\/wp\/v2\/media?parent=7854"}],"wp:term":[{"taxonomy":"product_cat","embeddable":true,"href":"https:\/\/westapharma.com\/en\/wp-json\/wp\/v2\/product_cat?post=7854"},{"taxonomy":"product_tag","embeddable":true,"href":"https:\/\/westapharma.com\/en\/wp-json\/wp\/v2\/product_tag?post=7854"}],"curies":[{"name":"wp","href":"https:\/\/api.w.org\/{rel}","templated":true}]}}