{"id":7898,"date":"2022-12-28T18:57:11","date_gmt":"2022-12-28T18:57:11","guid":{"rendered":"https:\/\/westapharma.com\/?post_type=product&#038;p=7898"},"modified":"2022-12-28T18:57:11","modified_gmt":"2022-12-28T18:57:11","slug":"tensiometre-electronique-tensonic-bras","status":"publish","type":"product","link":"https:\/\/westapharma.com\/en\/product\/tensiometre-electronique-tensonic-bras","title":{"rendered":"Tensiom\u00e8tre \u00e9lectronique Tensonic bras"},"content":{"rendered":"<style type=\"text\/css\"><\/style><p>La tensiom\u00e8tre \u00e9lectronique Tensonic bras est l\u2019instrument id\u00e9al pour les praticiens sp\u00e9cialis\u00e9s dans le d\u00e9pistage de l\u2019hypertension art\u00e9rielle mais aussi pour les patients qui ont besoin d\u2019un auto-diagnostic tr\u00e8s pr\u00e9cis. Spengler est partenaire de \u00ab DepistHTA \u00bb la plus grande campagne de d\u00e9pistage de l\u2019hypertension art\u00e9rielle. Cet instrument d\u2019une tr\u00e8s haute pr\u00e9cision offre aussi une grande facilit\u00e9 d\u2019utilisation, indispensable notamment pour les patients en phase de d\u00e9pistage ou de suivi de traitement.<\/p>","protected":false},"excerpt":{"rendered":"<p>La tensiom\u00e8tre \u00e9lectronique Tensonic bras est l\u2019instrument id\u00e9al pour les praticiens sp\u00e9cialis\u00e9s dans le d\u00e9pistage de l\u2019hypertension art\u00e9rielle mais aussi pour les patients qui ont besoin d\u2019un auto-diagnostic tr\u00e8s pr\u00e9cis. Spengler est partenaire de \u00ab DepistHTA \u00bb la plus grande campagne de d\u00e9pistage de l\u2019hypertension art\u00e9rielle. Cet instrument d\u2019une tr\u00e8s haute pr\u00e9cision offre aussi une&#8230;<\/p>","protected":false},"featured_media":7899,"comment_status":"open","ping_status":"closed","template":"","meta":{"_et_pb_use_builder":"","_et_pb_old_content":"","_et_gb_content_width":""},"product_cat":[56],"product_tag":[],"class_list":{"0":"post-7898","1":"product","2":"type-product","3":"status-publish","4":"has-post-thumbnail","6":"product_cat-materiel-medical","8":"first","9":"instock","10":"shipping-taxable","11":"product-type-simple"},"yoast_head":"<!-- This site is optimized with the Yoast SEO plugin v21.7 - https:\/\/yoast.com\/wordpress\/plugins\/seo\/ -->\n<title>Tensiom\u00e8tre \u00e9lectronique Tensonic bras - Westapharma<\/title>\n<meta name=\"robots\" content=\"index, follow, max-snippet:-1, max-image-preview:large, max-video-preview:-1\" \/>\n<link rel=\"canonical\" href=\"https:\/\/westapharma.com\/en\/product\/tensiometre-electronique-tensonic-bras\/\" \/>\n<meta property=\"og:locale\" content=\"en_US\" \/>\n<meta property=\"og:type\" content=\"article\" \/>\n<meta property=\"og:title\" content=\"Tensiom\u00e8tre \u00e9lectronique Tensonic bras - Westapharma\" \/>\n<meta property=\"og:description\" content=\"La tensiom\u00e8tre \u00e9lectronique Tensonic bras est l\u2019instrument id\u00e9al pour les praticiens sp\u00e9cialis\u00e9s dans le d\u00e9pistage de l\u2019hypertension art\u00e9rielle mais aussi pour les patients qui ont besoin d\u2019un auto-diagnostic tr\u00e8s pr\u00e9cis. Spengler est partenaire de \u00ab DepistHTA \u00bb la plus grande campagne de d\u00e9pistage de l\u2019hypertension art\u00e9rielle. Cet instrument d\u2019une tr\u00e8s haute pr\u00e9cision offre aussi une...\" \/>\n<meta property=\"og:url\" content=\"https:\/\/westapharma.com\/en\/product\/tensiometre-electronique-tensonic-bras\/\" \/>\n<meta property=\"og:site_name\" content=\"Westapharma\" \/>\n<meta property=\"og:image\" content=\"https:\/\/westapharma.com\/wp-content\/uploads\/2022\/12\/tensonic-bras-1.png\" \/>\n\t<meta property=\"og:image:width\" content=\"1000\" \/>\n\t<meta property=\"og:image:height\" content=\"1000\" \/>\n\t<meta property=\"og:image:type\" content=\"image\/png\" \/>\n<meta name=\"twitter:card\" content=\"summary_large_image\" \/>\n<meta name=\"twitter:label1\" content=\"Est. reading time\" \/>\n\t<meta name=\"twitter:data1\" content=\"1 minute\" \/>\n<script type=\"application\/ld+json\" class=\"yoast-schema-graph\">{\"@context\":\"https:\/\/schema.org\",\"@graph\":[{\"@type\":\"WebPage\",\"@id\":\"https:\/\/westapharma.com\/product\/tensiometre-electronique-tensonic-bras\/\",\"url\":\"https:\/\/westapharma.com\/product\/tensiometre-electronique-tensonic-bras\/\",\"name\":\"Tensiom\u00e8tre \u00e9lectronique Tensonic bras - Westapharma\",\"isPartOf\":{\"@id\":\"https:\/\/westapharma.com\/#website\"},\"datePublished\":\"2022-12-28T18:57:11+00:00\",\"dateModified\":\"2022-12-28T18:57:11+00:00\",\"breadcrumb\":{\"@id\":\"https:\/\/westapharma.com\/product\/tensiometre-electronique-tensonic-bras\/#breadcrumb\"},\"inLanguage\":\"en-US\",\"potentialAction\":[{\"@type\":\"ReadAction\",\"target\":[\"https:\/\/westapharma.com\/product\/tensiometre-electronique-tensonic-bras\/\"]}]},{\"@type\":\"BreadcrumbList\",\"@id\":\"https:\/\/westapharma.com\/product\/tensiometre-electronique-tensonic-bras\/#breadcrumb\",\"itemListElement\":[{\"@type\":\"ListItem\",\"position\":1,\"name\":\"Home\",\"item\":\"https:\/\/westapharma.com\/\"},{\"@type\":\"ListItem\",\"position\":2,\"name\":\"Tensiom\u00e8tre \u00e9lectronique Tensonic bras\"}]},{\"@type\":\"WebSite\",\"@id\":\"https:\/\/westapharma.com\/#website\",\"url\":\"https:\/\/westapharma.com\/\",\"name\":\"Westapharma\",\"description\":\"One Health\",\"publisher\":{\"@id\":\"https:\/\/westapharma.com\/#organization\"},\"potentialAction\":[{\"@type\":\"SearchAction\",\"target\":{\"@type\":\"EntryPoint\",\"urlTemplate\":\"https:\/\/westapharma.com\/?s={search_term_string}\"},\"query-input\":\"required name=search_term_string\"}],\"inLanguage\":\"en-US\"},{\"@type\":\"Organization\",\"@id\":\"https:\/\/westapharma.com\/#organization\",\"name\":\"Westapharma\",\"url\":\"https:\/\/westapharma.com\/\",\"logo\":{\"@type\":\"ImageObject\",\"inLanguage\":\"en-US\",\"@id\":\"https:\/\/westapharma.com\/#\/schema\/logo\/image\/\",\"url\":\"https:\/\/westapharma.com\/wp-content\/uploads\/2021\/10\/Logo-westapharma200.png\",\"contentUrl\":\"https:\/\/westapharma.com\/wp-content\/uploads\/2021\/10\/Logo-westapharma200.png\",\"width\":200,\"height\":200,\"caption\":\"Westapharma\"},\"image\":{\"@id\":\"https:\/\/westapharma.com\/#\/schema\/logo\/image\/\"}}]}<\/script>\n<!-- \/ Yoast SEO plugin. -->","yoast_head_json":{"title":"Tensiom\u00e8tre \u00e9lectronique Tensonic bras - Westapharma","robots":{"index":"index","follow":"follow","max-snippet":"max-snippet:-1","max-image-preview":"max-image-preview:large","max-video-preview":"max-video-preview:-1"},"canonical":"https:\/\/westapharma.com\/en\/product\/tensiometre-electronique-tensonic-bras\/","og_locale":"en_US","og_type":"article","og_title":"Tensiom\u00e8tre \u00e9lectronique Tensonic bras - Westapharma","og_description":"La tensiom\u00e8tre \u00e9lectronique Tensonic bras est l\u2019instrument id\u00e9al pour les praticiens sp\u00e9cialis\u00e9s dans le d\u00e9pistage de l\u2019hypertension art\u00e9rielle mais aussi pour les patients qui ont besoin d\u2019un auto-diagnostic tr\u00e8s pr\u00e9cis. Spengler est partenaire de \u00ab DepistHTA \u00bb la plus grande campagne de d\u00e9pistage de l\u2019hypertension art\u00e9rielle. Cet instrument d\u2019une tr\u00e8s haute pr\u00e9cision offre aussi une...","og_url":"https:\/\/westapharma.com\/en\/product\/tensiometre-electronique-tensonic-bras\/","og_site_name":"Westapharma","og_image":[{"width":1000,"height":1000,"url":"https:\/\/westapharma.com\/wp-content\/uploads\/2022\/12\/tensonic-bras-1.png","type":"image\/png"}],"twitter_card":"summary_large_image","twitter_misc":{"Est. reading time":"1 minute"},"schema":{"@context":"https:\/\/schema.org","@graph":[{"@type":"WebPage","@id":"https:\/\/westapharma.com\/product\/tensiometre-electronique-tensonic-bras\/","url":"https:\/\/westapharma.com\/product\/tensiometre-electronique-tensonic-bras\/","name":"Tensiom\u00e8tre \u00e9lectronique Tensonic bras - Westapharma","isPartOf":{"@id":"https:\/\/westapharma.com\/#website"},"datePublished":"2022-12-28T18:57:11+00:00","dateModified":"2022-12-28T18:57:11+00:00","breadcrumb":{"@id":"https:\/\/westapharma.com\/product\/tensiometre-electronique-tensonic-bras\/#breadcrumb"},"inLanguage":"en-US","potentialAction":[{"@type":"ReadAction","target":["https:\/\/westapharma.com\/product\/tensiometre-electronique-tensonic-bras\/"]}]},{"@type":"BreadcrumbList","@id":"https:\/\/westapharma.com\/product\/tensiometre-electronique-tensonic-bras\/#breadcrumb","itemListElement":[{"@type":"ListItem","position":1,"name":"Home","item":"https:\/\/westapharma.com\/"},{"@type":"ListItem","position":2,"name":"Tensiom\u00e8tre \u00e9lectronique Tensonic bras"}]},{"@type":"WebSite","@id":"https:\/\/westapharma.com\/#website","url":"https:\/\/westapharma.com\/","name":"Westapharma","description":"One Health","publisher":{"@id":"https:\/\/westapharma.com\/#organization"},"potentialAction":[{"@type":"SearchAction","target":{"@type":"EntryPoint","urlTemplate":"https:\/\/westapharma.com\/?s={search_term_string}"},"query-input":"required name=search_term_string"}],"inLanguage":"en-US"},{"@type":"Organization","@id":"https:\/\/westapharma.com\/#organization","name":"Westapharma","url":"https:\/\/westapharma.com\/","logo":{"@type":"ImageObject","inLanguage":"en-US","@id":"https:\/\/westapharma.com\/#\/schema\/logo\/image\/","url":"https:\/\/westapharma.com\/wp-content\/uploads\/2021\/10\/Logo-westapharma200.png","contentUrl":"https:\/\/westapharma.com\/wp-content\/uploads\/2021\/10\/Logo-westapharma200.png","width":200,"height":200,"caption":"Westapharma"},"image":{"@id":"https:\/\/westapharma.com\/#\/schema\/logo\/image\/"}}]}},"_links":{"self":[{"href":"https:\/\/westapharma.com\/en\/wp-json\/wp\/v2\/product\/7898","targetHints":{"allow":["GET"]}}],"collection":[{"href":"https:\/\/westapharma.com\/en\/wp-json\/wp\/v2\/product"}],"about":[{"href":"https:\/\/westapharma.com\/en\/wp-json\/wp\/v2\/types\/product"}],"replies":[{"embeddable":true,"href":"https:\/\/westapharma.com\/en\/wp-json\/wp\/v2\/comments?post=7898"}],"wp:featuredmedia":[{"embeddable":true,"href":"https:\/\/westapharma.com\/en\/wp-json\/wp\/v2\/media\/7899"}],"wp:attachment":[{"href":"https:\/\/westapharma.com\/en\/wp-json\/wp\/v2\/media?parent=7898"}],"wp:term":[{"taxonomy":"product_cat","embeddable":true,"href":"https:\/\/westapharma.com\/en\/wp-json\/wp\/v2\/product_cat?post=7898"},{"taxonomy":"product_tag","embeddable":true,"href":"https:\/\/westapharma.com\/en\/wp-json\/wp\/v2\/product_tag?post=7898"}],"curies":[{"name":"wp","href":"https:\/\/api.w.org\/{rel}","templated":true}]}}