{"id":7903,"date":"2023-03-21T16:09:37","date_gmt":"2023-03-21T16:09:37","guid":{"rendered":"https:\/\/westapharma.com\/?post_type=product&#038;p=7903"},"modified":"2023-03-21T16:12:09","modified_gmt":"2023-03-21T16:12:09","slug":"ashtyl-20","status":"publish","type":"product","link":"https:\/\/westapharma.com\/en\/product\/ashtyl-20","title":{"rendered":"ASHTYL 20%"},"content":{"rendered":"<style type=\"text\/css\"><\/style><h2><strong>COMPOSITION<\/strong><\/h2>\n<p>Chaque ml contient:<\/p>\n<p>Tylosin de Base B.P &#8212;&#8212;&#8212;&#8212;&#8212;&#8212;&#8212;&#8212;&#8212;&#8212;&#8212;-200mg<\/p>\n<p>Alcool bensylique B.P &#8212;&#8212;&#8212;&#8212;&#8212;&#8212;&#8212;&#8212;&#8212;&#8212;-2% v\/v<\/p>\n<p>Propyl\u00e8ne glycol B.P<\/p>\n<p>Eau pour injection B.P&#8212;&#8212;&#8212;&#8212;&#8212;&#8212;&#8212;&#8212;&#8212;&#8212;&#8212; q.s.<\/p>\n<h2><strong>LES INDICATIONS<br \/>\n<\/strong><\/h2>\n<p><strong>B\u00e9tail<\/strong><\/p>\n<p>Infection des voies respiratoires\u00a0 caus\u00e9es par Mycoplasma spp. et\u00a0 Pasteurella spp. Metrite caus\u00e9e Corynbacterium pyogenes. La mammite caus\u00e9e par Str\u00e9tococcus spp. et Staphylococcus spp. Maladie des\u00a0 yeux roses par Moraxella bovis Pied pourrit\u00a0 caus\u00e9e par\u00a0 Fusobacterium necrophorum.<\/p>\n<p><strong>Moutons et ch\u00e8vres<\/strong><\/p>\n<p>Infections des voies\u00a0 respiratoires caus\u00e9es par Mycoplasma spp.<\/p>\n<p><strong>Porc<\/strong><\/p>\n<p>Dysenterie Porcine, \u00e9rysup\u00e8le porcin.<\/p>\n<p>Arthrite\u00a0 caus\u00e9e par Mycoplasma hyosynoviae Pneumonie caus\u00e9e par Mycoplasma spp.<\/p>\n<p>&nbsp;<\/p>\n<h2><strong>POSOLOGIE<\/strong><\/h2>\n<p><strong>Par voie intramusculaire<\/strong><\/p>\n<p>Bovins, ovins et caprins: 5 \u00e0 10 mg de tylosine \/kg de poids corporel (0,5 \u00e0 1 ml d&#8217;ASHTYL 20 % injectable par 10\u00a0 \u00e0 20 kg de poids corporel) par jour pendant 3 \u00e0 5 jours.<\/p>\n<p>Porc : 10 mg par kg de poids corporel (1ml d&#8217;ASHTYL 20 %\u00a0 injectable par 20 Kg de poids corporek) par jours pendant 3 \u00e0\u00a0 5 jours.<\/p>\n<p>R\u00e9p\u00e9tez les traitements\u00a0 toutes les 12 heures si necessaire.<\/p>\n<p>Pour garantir un dosage correct, le poids corporel doit \u00eatre d\u00e9termin\u00e9 aussi pr\u00e9cisement possible pour \u00e9viter un sous-dosage.<\/p>\n<p>&nbsp;<\/p>\n<h2><strong>PRESENTATION<\/strong><\/h2>\n<p>Flacon de 100 ml.<\/p>","protected":false},"excerpt":{"rendered":"<p>Injection de tylosine<\/p>\n<h2><strong>COMPOSITION<\/strong><\/h2>\n<p>Chaque ml contient:<\/p>\n<p>Tylosin de Base B.P &#8212;&#8212;&#8212;&#8212;&#8212;&#8212;&#8212;&#8212;&#8212;&#8212;&#8212;-200mg<\/p>\n<p>Alcool bensylique B.P &#8212;&#8212;&#8212;&#8212;&#8212;&#8212;&#8212;&#8212;&#8212;&#8212;-2% v\/v<\/p>\n<p>Propyl\u00e8ne glycol B.P<\/p>\n<p>Eau pour injection B.P&#8212;&#8212;&#8212;&#8212;&#8212;&#8212;&#8212;&#8212;&#8212;&#8212;&#8212; q.s.<\/p>","protected":false},"featured_media":7904,"comment_status":"open","ping_status":"closed","template":"","meta":{"_et_pb_use_builder":"","_et_pb_old_content":"","_et_gb_content_width":""},"product_cat":[50,49],"product_tag":[],"class_list":{"0":"post-7903","1":"product","2":"type-product","3":"status-publish","4":"has-post-thumbnail","6":"product_cat-ruminant","7":"product_cat-sante-animale","9":"first","10":"instock","11":"shipping-taxable","12":"product-type-simple"},"yoast_head":"<!-- This site is optimized with the Yoast SEO plugin v21.7 - https:\/\/yoast.com\/wordpress\/plugins\/seo\/ -->\n<title>ASHTYL 20% - Westapharma<\/title>\n<meta name=\"description\" content=\"ASHTYL 20% B\u00e9tail Infection des voies respiratoires\u00a0 caus\u00e9es par Mycoplasma spp. et\u00a0 Pasteurella spp. Metrite caus\u00e9e Corynbacterium pyogenes. La mammite caus\u00e9e par Str\u00e9tococcus spp. et Staphylococcus spp. Maladie des\u00a0 yeux roses par Moraxella bovis Pied pourrit\u00a0 caus\u00e9e par\u00a0 Fusobacterium necrophorum.Moutons et ch\u00e8vresInfections des voies\u00a0 respiratoires caus\u00e9es par Mycoplasma spp.PorcDysenterie Porcine, \u00e9rysup\u00e8le porcin.Arthrite\u00a0 caus\u00e9e par Mycoplasma hyosynoviae Pneumonie caus\u00e9e par Mycoplasma spp.\" \/>\n<meta name=\"robots\" content=\"index, follow, max-snippet:-1, max-image-preview:large, max-video-preview:-1\" \/>\n<link rel=\"canonical\" href=\"https:\/\/westapharma.com\/en\/product\/ashtyl-20\/\" \/>\n<meta property=\"og:locale\" content=\"en_US\" \/>\n<meta property=\"og:type\" content=\"article\" \/>\n<meta property=\"og:title\" content=\"ASHTYL 20% - Westapharma\" \/>\n<meta property=\"og:description\" content=\"ASHTYL 20% B\u00e9tail Infection des voies respiratoires\u00a0 caus\u00e9es par Mycoplasma spp. et\u00a0 Pasteurella spp. Metrite caus\u00e9e Corynbacterium pyogenes. La mammite caus\u00e9e par Str\u00e9tococcus spp. et Staphylococcus spp. Maladie des\u00a0 yeux roses par Moraxella bovis Pied pourrit\u00a0 caus\u00e9e par\u00a0 Fusobacterium necrophorum.Moutons et ch\u00e8vresInfections des voies\u00a0 respiratoires caus\u00e9es par Mycoplasma spp.PorcDysenterie Porcine, \u00e9rysup\u00e8le porcin.Arthrite\u00a0 caus\u00e9e par Mycoplasma hyosynoviae Pneumonie caus\u00e9e par Mycoplasma spp.\" \/>\n<meta property=\"og:url\" content=\"https:\/\/westapharma.com\/en\/product\/ashtyl-20\/\" \/>\n<meta property=\"og:site_name\" content=\"Westapharma\" \/>\n<meta property=\"article:modified_time\" content=\"2023-03-21T16:12:09+00:00\" \/>\n<meta property=\"og:image\" content=\"https:\/\/westapharma.com\/wp-content\/uploads\/2023\/03\/ashtyl20.png\" \/>\n\t<meta property=\"og:image:width\" content=\"1000\" \/>\n\t<meta property=\"og:image:height\" content=\"1000\" \/>\n\t<meta property=\"og:image:type\" content=\"image\/png\" \/>\n<meta name=\"twitter:card\" content=\"summary_large_image\" \/>\n<meta name=\"twitter:label1\" content=\"Est. reading time\" \/>\n\t<meta name=\"twitter:data1\" content=\"1 minute\" \/>\n<script type=\"application\/ld+json\" class=\"yoast-schema-graph\">{\"@context\":\"https:\/\/schema.org\",\"@graph\":[{\"@type\":\"WebPage\",\"@id\":\"https:\/\/westapharma.com\/product\/ashtyl-20\/\",\"url\":\"https:\/\/westapharma.com\/product\/ashtyl-20\/\",\"name\":\"ASHTYL 20% - Westapharma\",\"isPartOf\":{\"@id\":\"https:\/\/westapharma.com\/#website\"},\"datePublished\":\"2023-03-21T16:09:37+00:00\",\"dateModified\":\"2023-03-21T16:12:09+00:00\",\"description\":\"ASHTYL 20% B\u00e9tail Infection des voies respiratoires\u00a0 caus\u00e9es par Mycoplasma spp. et\u00a0 Pasteurella spp. Metrite caus\u00e9e Corynbacterium pyogenes. La mammite caus\u00e9e par Str\u00e9tococcus spp. et Staphylococcus spp. Maladie des\u00a0 yeux roses par Moraxella bovis Pied pourrit\u00a0 caus\u00e9e par\u00a0 Fusobacterium necrophorum.Moutons et ch\u00e8vresInfections des voies\u00a0 respiratoires caus\u00e9es par Mycoplasma spp.PorcDysenterie Porcine, \u00e9rysup\u00e8le porcin.Arthrite\u00a0 caus\u00e9e par Mycoplasma hyosynoviae Pneumonie caus\u00e9e par Mycoplasma spp.\",\"breadcrumb\":{\"@id\":\"https:\/\/westapharma.com\/product\/ashtyl-20\/#breadcrumb\"},\"inLanguage\":\"en-US\",\"potentialAction\":[{\"@type\":\"ReadAction\",\"target\":[\"https:\/\/westapharma.com\/product\/ashtyl-20\/\"]}]},{\"@type\":\"BreadcrumbList\",\"@id\":\"https:\/\/westapharma.com\/product\/ashtyl-20\/#breadcrumb\",\"itemListElement\":[{\"@type\":\"ListItem\",\"position\":1,\"name\":\"Home\",\"item\":\"https:\/\/westapharma.com\/\"},{\"@type\":\"ListItem\",\"position\":2,\"name\":\"ASHTYL 20%\"}]},{\"@type\":\"WebSite\",\"@id\":\"https:\/\/westapharma.com\/#website\",\"url\":\"https:\/\/westapharma.com\/\",\"name\":\"Westapharma\",\"description\":\"One Health\",\"publisher\":{\"@id\":\"https:\/\/westapharma.com\/#organization\"},\"potentialAction\":[{\"@type\":\"SearchAction\",\"target\":{\"@type\":\"EntryPoint\",\"urlTemplate\":\"https:\/\/westapharma.com\/?s={search_term_string}\"},\"query-input\":\"required name=search_term_string\"}],\"inLanguage\":\"en-US\"},{\"@type\":\"Organization\",\"@id\":\"https:\/\/westapharma.com\/#organization\",\"name\":\"Westapharma\",\"url\":\"https:\/\/westapharma.com\/\",\"logo\":{\"@type\":\"ImageObject\",\"inLanguage\":\"en-US\",\"@id\":\"https:\/\/westapharma.com\/#\/schema\/logo\/image\/\",\"url\":\"https:\/\/westapharma.com\/wp-content\/uploads\/2021\/10\/Logo-westapharma200.png\",\"contentUrl\":\"https:\/\/westapharma.com\/wp-content\/uploads\/2021\/10\/Logo-westapharma200.png\",\"width\":200,\"height\":200,\"caption\":\"Westapharma\"},\"image\":{\"@id\":\"https:\/\/westapharma.com\/#\/schema\/logo\/image\/\"}}]}<\/script>\n<!-- \/ Yoast SEO plugin. -->","yoast_head_json":{"title":"ASHTYL 20% - Westapharma","description":"ASHTYL 20% B\u00e9tail Infection des voies respiratoires\u00a0 caus\u00e9es par Mycoplasma spp. et\u00a0 Pasteurella spp. Metrite caus\u00e9e Corynbacterium pyogenes. La mammite caus\u00e9e par Str\u00e9tococcus spp. et Staphylococcus spp. Maladie des\u00a0 yeux roses par Moraxella bovis Pied pourrit\u00a0 caus\u00e9e par\u00a0 Fusobacterium necrophorum.Moutons et ch\u00e8vresInfections des voies\u00a0 respiratoires caus\u00e9es par Mycoplasma spp.PorcDysenterie Porcine, \u00e9rysup\u00e8le porcin.Arthrite\u00a0 caus\u00e9e par Mycoplasma hyosynoviae Pneumonie caus\u00e9e par Mycoplasma spp.","robots":{"index":"index","follow":"follow","max-snippet":"max-snippet:-1","max-image-preview":"max-image-preview:large","max-video-preview":"max-video-preview:-1"},"canonical":"https:\/\/westapharma.com\/en\/product\/ashtyl-20\/","og_locale":"en_US","og_type":"article","og_title":"ASHTYL 20% - Westapharma","og_description":"ASHTYL 20% B\u00e9tail Infection des voies respiratoires\u00a0 caus\u00e9es par Mycoplasma spp. et\u00a0 Pasteurella spp. Metrite caus\u00e9e Corynbacterium pyogenes. La mammite caus\u00e9e par Str\u00e9tococcus spp. et Staphylococcus spp. Maladie des\u00a0 yeux roses par Moraxella bovis Pied pourrit\u00a0 caus\u00e9e par\u00a0 Fusobacterium necrophorum.Moutons et ch\u00e8vresInfections des voies\u00a0 respiratoires caus\u00e9es par Mycoplasma spp.PorcDysenterie Porcine, \u00e9rysup\u00e8le porcin.Arthrite\u00a0 caus\u00e9e par Mycoplasma hyosynoviae Pneumonie caus\u00e9e par Mycoplasma spp.","og_url":"https:\/\/westapharma.com\/en\/product\/ashtyl-20\/","og_site_name":"Westapharma","article_modified_time":"2023-03-21T16:12:09+00:00","og_image":[{"width":1000,"height":1000,"url":"https:\/\/westapharma.com\/wp-content\/uploads\/2023\/03\/ashtyl20.png","type":"image\/png"}],"twitter_card":"summary_large_image","twitter_misc":{"Est. reading time":"1 minute"},"schema":{"@context":"https:\/\/schema.org","@graph":[{"@type":"WebPage","@id":"https:\/\/westapharma.com\/product\/ashtyl-20\/","url":"https:\/\/westapharma.com\/product\/ashtyl-20\/","name":"ASHTYL 20% - Westapharma","isPartOf":{"@id":"https:\/\/westapharma.com\/#website"},"datePublished":"2023-03-21T16:09:37+00:00","dateModified":"2023-03-21T16:12:09+00:00","description":"ASHTYL 20% B\u00e9tail Infection des voies respiratoires\u00a0 caus\u00e9es par Mycoplasma spp. et\u00a0 Pasteurella spp. Metrite caus\u00e9e Corynbacterium pyogenes. La mammite caus\u00e9e par Str\u00e9tococcus spp. et Staphylococcus spp. Maladie des\u00a0 yeux roses par Moraxella bovis Pied pourrit\u00a0 caus\u00e9e par\u00a0 Fusobacterium necrophorum.Moutons et ch\u00e8vresInfections des voies\u00a0 respiratoires caus\u00e9es par Mycoplasma spp.PorcDysenterie Porcine, \u00e9rysup\u00e8le porcin.Arthrite\u00a0 caus\u00e9e par Mycoplasma hyosynoviae Pneumonie caus\u00e9e par Mycoplasma spp.","breadcrumb":{"@id":"https:\/\/westapharma.com\/product\/ashtyl-20\/#breadcrumb"},"inLanguage":"en-US","potentialAction":[{"@type":"ReadAction","target":["https:\/\/westapharma.com\/product\/ashtyl-20\/"]}]},{"@type":"BreadcrumbList","@id":"https:\/\/westapharma.com\/product\/ashtyl-20\/#breadcrumb","itemListElement":[{"@type":"ListItem","position":1,"name":"Home","item":"https:\/\/westapharma.com\/"},{"@type":"ListItem","position":2,"name":"ASHTYL 20%"}]},{"@type":"WebSite","@id":"https:\/\/westapharma.com\/#website","url":"https:\/\/westapharma.com\/","name":"Westapharma","description":"One Health","publisher":{"@id":"https:\/\/westapharma.com\/#organization"},"potentialAction":[{"@type":"SearchAction","target":{"@type":"EntryPoint","urlTemplate":"https:\/\/westapharma.com\/?s={search_term_string}"},"query-input":"required name=search_term_string"}],"inLanguage":"en-US"},{"@type":"Organization","@id":"https:\/\/westapharma.com\/#organization","name":"Westapharma","url":"https:\/\/westapharma.com\/","logo":{"@type":"ImageObject","inLanguage":"en-US","@id":"https:\/\/westapharma.com\/#\/schema\/logo\/image\/","url":"https:\/\/westapharma.com\/wp-content\/uploads\/2021\/10\/Logo-westapharma200.png","contentUrl":"https:\/\/westapharma.com\/wp-content\/uploads\/2021\/10\/Logo-westapharma200.png","width":200,"height":200,"caption":"Westapharma"},"image":{"@id":"https:\/\/westapharma.com\/#\/schema\/logo\/image\/"}}]}},"_links":{"self":[{"href":"https:\/\/westapharma.com\/en\/wp-json\/wp\/v2\/product\/7903","targetHints":{"allow":["GET"]}}],"collection":[{"href":"https:\/\/westapharma.com\/en\/wp-json\/wp\/v2\/product"}],"about":[{"href":"https:\/\/westapharma.com\/en\/wp-json\/wp\/v2\/types\/product"}],"replies":[{"embeddable":true,"href":"https:\/\/westapharma.com\/en\/wp-json\/wp\/v2\/comments?post=7903"}],"wp:featuredmedia":[{"embeddable":true,"href":"https:\/\/westapharma.com\/en\/wp-json\/wp\/v2\/media\/7904"}],"wp:attachment":[{"href":"https:\/\/westapharma.com\/en\/wp-json\/wp\/v2\/media?parent=7903"}],"wp:term":[{"taxonomy":"product_cat","embeddable":true,"href":"https:\/\/westapharma.com\/en\/wp-json\/wp\/v2\/product_cat?post=7903"},{"taxonomy":"product_tag","embeddable":true,"href":"https:\/\/westapharma.com\/en\/wp-json\/wp\/v2\/product_tag?post=7903"}],"curies":[{"name":"wp","href":"https:\/\/api.w.org\/{rel}","templated":true}]}}