{"id":7905,"date":"2023-03-27T14:41:14","date_gmt":"2023-03-27T14:41:14","guid":{"rendered":"https:\/\/westapharma.com\/?post_type=product&#038;p=7905"},"modified":"2024-03-11T14:56:55","modified_gmt":"2024-03-11T14:56:55","slug":"trypashish-125","status":"publish","type":"product","link":"https:\/\/westapharma.com\/en\/product\/trypashish-125","title":{"rendered":"TRYPASHISH 125"},"content":{"rendered":"<style type=\"text\/css\"><\/style><h2><strong>COMPOSITION<\/strong><\/h2>\n<p>Chaque sachet contient:<\/p>\n<p>Chorure d&#8217;isom\u00e9tamidium Chlorydrate &#8212;&#8212;&#8212;&#8212;&#8212;&#8212;&#8212;&#8212;&#8212;&#8212;&#8212;-125mg<\/p>\n<p>&nbsp;<\/p>\n<h2><strong>INDICATIONS<br \/>\n<\/strong><\/h2>\n<p>L&#8217;isom\u00e9tadium, un compos\u00e9 aminoph\u00e9nathridium, a une action trypanocide et est utilis\u00e9 dans le traitement curatif et pr\u00e9ventif de la trypanosomiase animale.<\/p>\n<p>Son spectre d&#8217;activit\u00e9 s&#8217;\u00e9tend de T. vivax, T. congolense \u00e0 T. brucei et T. evansi.<\/p>\n<p>Il est recommand\u00e9 de l&#8217;administrer aux esp\u00e8ces cibles suivantes :<\/p>\n<p>Ruminants (bovins, buffles, ch\u00e8vres, moutons), \u00e9quid\u00e9s (chevaux, \u00e2nes) et chameaux.<\/p>\n<h2><strong>POSOLOGIE<\/strong><\/h2>\n<p><strong>Utilisation chez les bovins<br \/>\n<\/strong><\/p>\n<p><strong>Pr\u00e9vention\u00a0 de la Trypanosomiase <\/strong><\/p>\n<p>Posologie:<\/p>\n<p>Bovins :0.5 mg de principe actif par kg de poids vif par voie IM profonde,<\/p>\n<p>Buffles: 1 mg de principe actif par par kg de poids corporel par voie IM profonde.<\/p>\n<p><strong>Traitement de la Trypanosomiase Clinique<\/strong><\/p>\n<p>Posologie:<\/p>\n<p>Bovins: 0.25 -0.5 mg d&#8217;ingr\u00e9dient actif par kg de poids corporel par voie IM profonde.<\/p>\n<p>Buffles: 1 mg de principe actif par par kg de poids corporel par voie IM profonde.<\/p>\n<p><strong>Utilisation chez les moutons et les ch\u00e8vres<\/strong><\/p>\n<p>Posologie:<\/p>\n<p>0.5 mg d\u2019ingr\u00e9dient actif pour 1kg de poids corporel par voie IM profonde.<\/p>\n<p>&nbsp;<\/p>\n<p><strong>Utilisation chez les \u00e9quins<br \/>\n<\/strong><\/p>\n<p>Pr\u00e9vention et traitement de la trypanosomiase<\/p>\n<p>Posologie:<\/p>\n<p>0.5 mg de principe actif par kg de poids corporel par voie IM profonde.<\/p>\n<p>&nbsp;<\/p>\n<p><strong>Utilisation chez les chameaux<br \/>\n<\/strong><\/p>\n<p>Posologie: 0.5 mg -0.75mg de principe actif par kg de poids corporel par voie IV lente.<\/p>\n<p>&nbsp;<\/p>\n<h2><strong>PRESENTATION<\/strong><\/h2>\n<p>Boite de 10 sachets 125 mg.<\/p>","protected":false},"excerpt":{"rendered":"<p>Injection de tylosine<\/p>\n<h2><strong>COMPOSITION<\/strong><\/h2>\n<p>Chaque ml contient:<\/p>\n<p>Tylosin de Base B.P &#8212;&#8212;&#8212;&#8212;&#8212;&#8212;&#8212;&#8212;&#8212;&#8212;&#8212;-200mg<\/p>\n<p>Alcool bensylique B.P &#8212;&#8212;&#8212;&#8212;&#8212;&#8212;&#8212;&#8212;&#8212;&#8212;-2% v\/v<\/p>\n<p>Propyl\u00e8ne glycol B.P<\/p>\n<p>Eau pour injection B.P&#8212;&#8212;&#8212;&#8212;&#8212;&#8212;&#8212;&#8212;&#8212;&#8212;&#8212; q.s.<\/p>","protected":false},"featured_media":8000,"comment_status":"open","ping_status":"closed","template":"","meta":{"_et_pb_use_builder":"","_et_pb_old_content":"","_et_gb_content_width":""},"product_cat":[50,49],"product_tag":[53,52],"class_list":{"0":"post-7905","1":"product","2":"type-product","3":"status-publish","4":"has-post-thumbnail","6":"product_cat-ruminant","7":"product_cat-sante-animale","8":"product_tag-ruminant","9":"product_tag-sante-animale","11":"first","12":"instock","13":"shipping-taxable","14":"product-type-simple"},"yoast_head":"<!-- This site is optimized with the Yoast SEO plugin v21.7 - https:\/\/yoast.com\/wordpress\/plugins\/seo\/ -->\n<title>TRYPASHISH 125 - Westapharma<\/title>\n<meta name=\"description\" content=\"ASHTYL 20% B\u00e9tail Infection des voies respiratoires\u00a0 caus\u00e9es par Mycoplasma spp. et\u00a0 Pasteurella spp. Metrite caus\u00e9e Corynbacterium pyogenes. La mammite caus\u00e9e par Str\u00e9tococcus spp. et Staphylococcus spp. Maladie des\u00a0 yeux roses par Moraxella bovis Pied pourrit\u00a0 caus\u00e9e par\u00a0 Fusobacterium necrophorum.Moutons et ch\u00e8vresInfections des voies\u00a0 respiratoires caus\u00e9es par Mycoplasma spp.PorcDysenterie Porcine, \u00e9rysup\u00e8le porcin.Arthrite\u00a0 caus\u00e9e par Mycoplasma hyosynoviae Pneumonie caus\u00e9e par Mycoplasma spp.\" \/>\n<meta name=\"robots\" content=\"index, follow, max-snippet:-1, max-image-preview:large, max-video-preview:-1\" \/>\n<link rel=\"canonical\" href=\"https:\/\/westapharma.com\/en\/product\/trypashish-125\/\" \/>\n<meta property=\"og:locale\" content=\"en_US\" \/>\n<meta property=\"og:type\" content=\"article\" \/>\n<meta property=\"og:title\" content=\"TRYPASHISH 125 - Westapharma\" \/>\n<meta property=\"og:description\" content=\"ASHTYL 20% B\u00e9tail Infection des voies respiratoires\u00a0 caus\u00e9es par Mycoplasma spp. et\u00a0 Pasteurella spp. Metrite caus\u00e9e Corynbacterium pyogenes. La mammite caus\u00e9e par Str\u00e9tococcus spp. et Staphylococcus spp. Maladie des\u00a0 yeux roses par Moraxella bovis Pied pourrit\u00a0 caus\u00e9e par\u00a0 Fusobacterium necrophorum.Moutons et ch\u00e8vresInfections des voies\u00a0 respiratoires caus\u00e9es par Mycoplasma spp.PorcDysenterie Porcine, \u00e9rysup\u00e8le porcin.Arthrite\u00a0 caus\u00e9e par Mycoplasma hyosynoviae Pneumonie caus\u00e9e par Mycoplasma spp.\" \/>\n<meta property=\"og:url\" content=\"https:\/\/westapharma.com\/en\/product\/trypashish-125\/\" \/>\n<meta property=\"og:site_name\" content=\"Westapharma\" \/>\n<meta property=\"article:modified_time\" content=\"2024-03-11T14:56:55+00:00\" \/>\n<meta property=\"og:image\" content=\"https:\/\/westapharma.com\/wp-content\/uploads\/2023\/03\/tripashish.png\" \/>\n\t<meta property=\"og:image:width\" content=\"300\" \/>\n\t<meta property=\"og:image:height\" content=\"300\" \/>\n\t<meta property=\"og:image:type\" content=\"image\/png\" \/>\n<meta name=\"twitter:card\" content=\"summary_large_image\" \/>\n<meta name=\"twitter:label1\" content=\"Est. reading time\" \/>\n\t<meta name=\"twitter:data1\" content=\"2 minutes\" \/>\n<script type=\"application\/ld+json\" class=\"yoast-schema-graph\">{\"@context\":\"https:\/\/schema.org\",\"@graph\":[{\"@type\":\"WebPage\",\"@id\":\"https:\/\/westapharma.com\/product\/trypashish-125\/\",\"url\":\"https:\/\/westapharma.com\/product\/trypashish-125\/\",\"name\":\"TRYPASHISH 125 - Westapharma\",\"isPartOf\":{\"@id\":\"https:\/\/westapharma.com\/#website\"},\"datePublished\":\"2023-03-27T14:41:14+00:00\",\"dateModified\":\"2024-03-11T14:56:55+00:00\",\"description\":\"ASHTYL 20% B\u00e9tail Infection des voies respiratoires\u00a0 caus\u00e9es par Mycoplasma spp. et\u00a0 Pasteurella spp. Metrite caus\u00e9e Corynbacterium pyogenes. La mammite caus\u00e9e par Str\u00e9tococcus spp. et Staphylococcus spp. Maladie des\u00a0 yeux roses par Moraxella bovis Pied pourrit\u00a0 caus\u00e9e par\u00a0 Fusobacterium necrophorum.Moutons et ch\u00e8vresInfections des voies\u00a0 respiratoires caus\u00e9es par Mycoplasma spp.PorcDysenterie Porcine, \u00e9rysup\u00e8le porcin.Arthrite\u00a0 caus\u00e9e par Mycoplasma hyosynoviae Pneumonie caus\u00e9e par Mycoplasma spp.\",\"breadcrumb\":{\"@id\":\"https:\/\/westapharma.com\/product\/trypashish-125\/#breadcrumb\"},\"inLanguage\":\"en-US\",\"potentialAction\":[{\"@type\":\"ReadAction\",\"target\":[\"https:\/\/westapharma.com\/product\/trypashish-125\/\"]}]},{\"@type\":\"BreadcrumbList\",\"@id\":\"https:\/\/westapharma.com\/product\/trypashish-125\/#breadcrumb\",\"itemListElement\":[{\"@type\":\"ListItem\",\"position\":1,\"name\":\"Home\",\"item\":\"https:\/\/westapharma.com\/\"},{\"@type\":\"ListItem\",\"position\":2,\"name\":\"TRYPASHISH 125\"}]},{\"@type\":\"WebSite\",\"@id\":\"https:\/\/westapharma.com\/#website\",\"url\":\"https:\/\/westapharma.com\/\",\"name\":\"Westapharma\",\"description\":\"One Health\",\"publisher\":{\"@id\":\"https:\/\/westapharma.com\/#organization\"},\"potentialAction\":[{\"@type\":\"SearchAction\",\"target\":{\"@type\":\"EntryPoint\",\"urlTemplate\":\"https:\/\/westapharma.com\/?s={search_term_string}\"},\"query-input\":\"required name=search_term_string\"}],\"inLanguage\":\"en-US\"},{\"@type\":\"Organization\",\"@id\":\"https:\/\/westapharma.com\/#organization\",\"name\":\"Westapharma\",\"url\":\"https:\/\/westapharma.com\/\",\"logo\":{\"@type\":\"ImageObject\",\"inLanguage\":\"en-US\",\"@id\":\"https:\/\/westapharma.com\/#\/schema\/logo\/image\/\",\"url\":\"https:\/\/westapharma.com\/wp-content\/uploads\/2021\/10\/Logo-westapharma200.png\",\"contentUrl\":\"https:\/\/westapharma.com\/wp-content\/uploads\/2021\/10\/Logo-westapharma200.png\",\"width\":200,\"height\":200,\"caption\":\"Westapharma\"},\"image\":{\"@id\":\"https:\/\/westapharma.com\/#\/schema\/logo\/image\/\"}}]}<\/script>\n<!-- \/ Yoast SEO plugin. -->","yoast_head_json":{"title":"TRYPASHISH 125 - Westapharma","description":"ASHTYL 20% B\u00e9tail Infection des voies respiratoires\u00a0 caus\u00e9es par Mycoplasma spp. et\u00a0 Pasteurella spp. Metrite caus\u00e9e Corynbacterium pyogenes. La mammite caus\u00e9e par Str\u00e9tococcus spp. et Staphylococcus spp. Maladie des\u00a0 yeux roses par Moraxella bovis Pied pourrit\u00a0 caus\u00e9e par\u00a0 Fusobacterium necrophorum.Moutons et ch\u00e8vresInfections des voies\u00a0 respiratoires caus\u00e9es par Mycoplasma spp.PorcDysenterie Porcine, \u00e9rysup\u00e8le porcin.Arthrite\u00a0 caus\u00e9e par Mycoplasma hyosynoviae Pneumonie caus\u00e9e par Mycoplasma spp.","robots":{"index":"index","follow":"follow","max-snippet":"max-snippet:-1","max-image-preview":"max-image-preview:large","max-video-preview":"max-video-preview:-1"},"canonical":"https:\/\/westapharma.com\/en\/product\/trypashish-125\/","og_locale":"en_US","og_type":"article","og_title":"TRYPASHISH 125 - Westapharma","og_description":"ASHTYL 20% B\u00e9tail Infection des voies respiratoires\u00a0 caus\u00e9es par Mycoplasma spp. et\u00a0 Pasteurella spp. Metrite caus\u00e9e Corynbacterium pyogenes. La mammite caus\u00e9e par Str\u00e9tococcus spp. et Staphylococcus spp. Maladie des\u00a0 yeux roses par Moraxella bovis Pied pourrit\u00a0 caus\u00e9e par\u00a0 Fusobacterium necrophorum.Moutons et ch\u00e8vresInfections des voies\u00a0 respiratoires caus\u00e9es par Mycoplasma spp.PorcDysenterie Porcine, \u00e9rysup\u00e8le porcin.Arthrite\u00a0 caus\u00e9e par Mycoplasma hyosynoviae Pneumonie caus\u00e9e par Mycoplasma spp.","og_url":"https:\/\/westapharma.com\/en\/product\/trypashish-125\/","og_site_name":"Westapharma","article_modified_time":"2024-03-11T14:56:55+00:00","og_image":[{"width":300,"height":300,"url":"https:\/\/westapharma.com\/wp-content\/uploads\/2023\/03\/tripashish.png","type":"image\/png"}],"twitter_card":"summary_large_image","twitter_misc":{"Est. reading time":"2 minutes"},"schema":{"@context":"https:\/\/schema.org","@graph":[{"@type":"WebPage","@id":"https:\/\/westapharma.com\/product\/trypashish-125\/","url":"https:\/\/westapharma.com\/product\/trypashish-125\/","name":"TRYPASHISH 125 - Westapharma","isPartOf":{"@id":"https:\/\/westapharma.com\/#website"},"datePublished":"2023-03-27T14:41:14+00:00","dateModified":"2024-03-11T14:56:55+00:00","description":"ASHTYL 20% B\u00e9tail Infection des voies respiratoires\u00a0 caus\u00e9es par Mycoplasma spp. et\u00a0 Pasteurella spp. Metrite caus\u00e9e Corynbacterium pyogenes. La mammite caus\u00e9e par Str\u00e9tococcus spp. et Staphylococcus spp. Maladie des\u00a0 yeux roses par Moraxella bovis Pied pourrit\u00a0 caus\u00e9e par\u00a0 Fusobacterium necrophorum.Moutons et ch\u00e8vresInfections des voies\u00a0 respiratoires caus\u00e9es par Mycoplasma spp.PorcDysenterie Porcine, \u00e9rysup\u00e8le porcin.Arthrite\u00a0 caus\u00e9e par Mycoplasma hyosynoviae Pneumonie caus\u00e9e par Mycoplasma spp.","breadcrumb":{"@id":"https:\/\/westapharma.com\/product\/trypashish-125\/#breadcrumb"},"inLanguage":"en-US","potentialAction":[{"@type":"ReadAction","target":["https:\/\/westapharma.com\/product\/trypashish-125\/"]}]},{"@type":"BreadcrumbList","@id":"https:\/\/westapharma.com\/product\/trypashish-125\/#breadcrumb","itemListElement":[{"@type":"ListItem","position":1,"name":"Home","item":"https:\/\/westapharma.com\/"},{"@type":"ListItem","position":2,"name":"TRYPASHISH 125"}]},{"@type":"WebSite","@id":"https:\/\/westapharma.com\/#website","url":"https:\/\/westapharma.com\/","name":"Westapharma","description":"One Health","publisher":{"@id":"https:\/\/westapharma.com\/#organization"},"potentialAction":[{"@type":"SearchAction","target":{"@type":"EntryPoint","urlTemplate":"https:\/\/westapharma.com\/?s={search_term_string}"},"query-input":"required name=search_term_string"}],"inLanguage":"en-US"},{"@type":"Organization","@id":"https:\/\/westapharma.com\/#organization","name":"Westapharma","url":"https:\/\/westapharma.com\/","logo":{"@type":"ImageObject","inLanguage":"en-US","@id":"https:\/\/westapharma.com\/#\/schema\/logo\/image\/","url":"https:\/\/westapharma.com\/wp-content\/uploads\/2021\/10\/Logo-westapharma200.png","contentUrl":"https:\/\/westapharma.com\/wp-content\/uploads\/2021\/10\/Logo-westapharma200.png","width":200,"height":200,"caption":"Westapharma"},"image":{"@id":"https:\/\/westapharma.com\/#\/schema\/logo\/image\/"}}]}},"_links":{"self":[{"href":"https:\/\/westapharma.com\/en\/wp-json\/wp\/v2\/product\/7905","targetHints":{"allow":["GET"]}}],"collection":[{"href":"https:\/\/westapharma.com\/en\/wp-json\/wp\/v2\/product"}],"about":[{"href":"https:\/\/westapharma.com\/en\/wp-json\/wp\/v2\/types\/product"}],"replies":[{"embeddable":true,"href":"https:\/\/westapharma.com\/en\/wp-json\/wp\/v2\/comments?post=7905"}],"wp:featuredmedia":[{"embeddable":true,"href":"https:\/\/westapharma.com\/en\/wp-json\/wp\/v2\/media\/8000"}],"wp:attachment":[{"href":"https:\/\/westapharma.com\/en\/wp-json\/wp\/v2\/media?parent=7905"}],"wp:term":[{"taxonomy":"product_cat","embeddable":true,"href":"https:\/\/westapharma.com\/en\/wp-json\/wp\/v2\/product_cat?post=7905"},{"taxonomy":"product_tag","embeddable":true,"href":"https:\/\/westapharma.com\/en\/wp-json\/wp\/v2\/product_tag?post=7905"}],"curies":[{"name":"wp","href":"https:\/\/api.w.org\/{rel}","templated":true}]}}