{"id":7907,"date":"2023-04-07T08:42:29","date_gmt":"2023-04-07T08:42:29","guid":{"rendered":"https:\/\/westapharma.com\/?post_type=product&#038;p=7907"},"modified":"2024-02-29T16:14:42","modified_gmt":"2024-02-29T16:14:42","slug":"ashialben-2500-mx","status":"publish","type":"product","link":"https:\/\/westapharma.com\/en\/product\/ashialben-2500-mx","title":{"rendered":"Ashialben 2500 MX"},"content":{"rendered":"<style type=\"text\/css\"><\/style><h2><strong>Composition<\/strong><\/h2>\n<p>Chaque bolus contient :<\/p>\n<p>Albendazole BP&#8230;&#8230;&#8230;&#8230;..2500 mg<\/p>\n<p>Excipients&#8230;&#8230;&#8230;&#8230;&#8230;&#8230;&#8230;&#8230;..QSP 1g<\/p>\n<h2><strong>Les Indications<\/strong><\/h2>\n<p>Pour l&#8217;\u00e9limination et le contr\u00f4le des vers ronds gastro-intestinaux, des vers pulmonaire des t\u00e9nias et des douves du foie chez les bovins et les buffles<\/p>\n<h2><strong>Posologie &amp; administrations\u00a0<\/strong><\/h2>\n<p>Un bolus pour 300-350kg de poids corporel oralement<\/p>\n<h2>Pr\u00e9sentation<\/h2>\n<p>20 Boli , 50 Boli, 90 Boli et 500 Boli<\/p>","protected":false},"excerpt":{"rendered":"<p>Ashialben 300 est un anthelminthique \u00e0 large spectre qui convient aux ruminants (bovins, ovins et caprins). Administr\u00e9 par voie orale, ce m\u00e9dicament v\u00e9t\u00e9rinaire prend en charge de nombreux vers intestinaux affectant les ruminan<\/p>","protected":false},"featured_media":7908,"comment_status":"open","ping_status":"closed","template":"","meta":{"_et_pb_use_builder":"","_et_pb_old_content":"","_et_gb_content_width":""},"product_cat":[50,49,51],"product_tag":[53,52,54],"class_list":{"0":"post-7907","1":"product","2":"type-product","3":"status-publish","4":"has-post-thumbnail","6":"product_cat-ruminant","7":"product_cat-sante-animale","8":"product_cat-voie-orale","9":"product_tag-ruminant","10":"product_tag-sante-animale","11":"product_tag-voie-orale","13":"first","14":"instock","15":"featured","16":"shipping-taxable","17":"product-type-simple"},"yoast_head":"<!-- This site is optimized with the Yoast SEO plugin v21.7 - https:\/\/yoast.com\/wordpress\/plugins\/seo\/ -->\n<title>Ashialben 2500 MX - Westapharma<\/title>\n<meta name=\"description\" content=\"Pour l&#039;\u00e9limination et le contr\u00f4le des vers ronds gastro-intestinaux, des vers pulmonaire des t\u00e9nias et des douves du foie chez les bovins et les buffles\" \/>\n<meta name=\"robots\" content=\"index, follow, max-snippet:-1, max-image-preview:large, max-video-preview:-1\" \/>\n<link rel=\"canonical\" href=\"https:\/\/westapharma.com\/en\/product\/ashialben-2500-mx\/\" \/>\n<meta property=\"og:locale\" content=\"en_US\" \/>\n<meta property=\"og:type\" content=\"article\" \/>\n<meta property=\"og:title\" content=\"Ashialben 2500 MX - Westapharma\" \/>\n<meta property=\"og:description\" content=\"Pour l&#039;\u00e9limination et le contr\u00f4le des vers ronds gastro-intestinaux, des vers pulmonaire des t\u00e9nias et des douves du foie chez les bovins et les buffles\" \/>\n<meta property=\"og:url\" content=\"https:\/\/westapharma.com\/en\/product\/ashialben-2500-mx\/\" \/>\n<meta property=\"og:site_name\" content=\"Westapharma\" \/>\n<meta property=\"article:modified_time\" content=\"2024-02-29T16:14:42+00:00\" \/>\n<meta property=\"og:image\" content=\"https:\/\/westapharma.com\/wp-content\/uploads\/2023\/04\/produit-westapharma.png\" \/>\n\t<meta property=\"og:image:width\" content=\"1000\" \/>\n\t<meta property=\"og:image:height\" content=\"1000\" \/>\n\t<meta property=\"og:image:type\" content=\"image\/png\" \/>\n<meta name=\"twitter:card\" content=\"summary_large_image\" \/>\n<meta name=\"twitter:label1\" content=\"Est. reading time\" \/>\n\t<meta name=\"twitter:data1\" content=\"1 minute\" \/>\n<script type=\"application\/ld+json\" class=\"yoast-schema-graph\">{\"@context\":\"https:\/\/schema.org\",\"@graph\":[{\"@type\":\"WebPage\",\"@id\":\"https:\/\/westapharma.com\/product\/ashialben-2500-mx\/\",\"url\":\"https:\/\/westapharma.com\/product\/ashialben-2500-mx\/\",\"name\":\"Ashialben 2500 MX - Westapharma\",\"isPartOf\":{\"@id\":\"https:\/\/westapharma.com\/#website\"},\"datePublished\":\"2023-04-07T08:42:29+00:00\",\"dateModified\":\"2024-02-29T16:14:42+00:00\",\"description\":\"Pour l'\u00e9limination et le contr\u00f4le des vers ronds gastro-intestinaux, des vers pulmonaire des t\u00e9nias et des douves du foie chez les bovins et les buffles\",\"breadcrumb\":{\"@id\":\"https:\/\/westapharma.com\/product\/ashialben-2500-mx\/#breadcrumb\"},\"inLanguage\":\"en-US\",\"potentialAction\":[{\"@type\":\"ReadAction\",\"target\":[\"https:\/\/westapharma.com\/product\/ashialben-2500-mx\/\"]}]},{\"@type\":\"BreadcrumbList\",\"@id\":\"https:\/\/westapharma.com\/product\/ashialben-2500-mx\/#breadcrumb\",\"itemListElement\":[{\"@type\":\"ListItem\",\"position\":1,\"name\":\"Home\",\"item\":\"https:\/\/westapharma.com\/\"},{\"@type\":\"ListItem\",\"position\":2,\"name\":\"Ashialben 2500 MX\"}]},{\"@type\":\"WebSite\",\"@id\":\"https:\/\/westapharma.com\/#website\",\"url\":\"https:\/\/westapharma.com\/\",\"name\":\"Westapharma\",\"description\":\"One Health\",\"publisher\":{\"@id\":\"https:\/\/westapharma.com\/#organization\"},\"potentialAction\":[{\"@type\":\"SearchAction\",\"target\":{\"@type\":\"EntryPoint\",\"urlTemplate\":\"https:\/\/westapharma.com\/?s={search_term_string}\"},\"query-input\":\"required name=search_term_string\"}],\"inLanguage\":\"en-US\"},{\"@type\":\"Organization\",\"@id\":\"https:\/\/westapharma.com\/#organization\",\"name\":\"Westapharma\",\"url\":\"https:\/\/westapharma.com\/\",\"logo\":{\"@type\":\"ImageObject\",\"inLanguage\":\"en-US\",\"@id\":\"https:\/\/westapharma.com\/#\/schema\/logo\/image\/\",\"url\":\"https:\/\/westapharma.com\/wp-content\/uploads\/2021\/10\/Logo-westapharma200.png\",\"contentUrl\":\"https:\/\/westapharma.com\/wp-content\/uploads\/2021\/10\/Logo-westapharma200.png\",\"width\":200,\"height\":200,\"caption\":\"Westapharma\"},\"image\":{\"@id\":\"https:\/\/westapharma.com\/#\/schema\/logo\/image\/\"}}]}<\/script>\n<!-- \/ Yoast SEO plugin. -->","yoast_head_json":{"title":"Ashialben 2500 MX - Westapharma","description":"Pour l'\u00e9limination et le contr\u00f4le des vers ronds gastro-intestinaux, des vers pulmonaire des t\u00e9nias et des douves du foie chez les bovins et les buffles","robots":{"index":"index","follow":"follow","max-snippet":"max-snippet:-1","max-image-preview":"max-image-preview:large","max-video-preview":"max-video-preview:-1"},"canonical":"https:\/\/westapharma.com\/en\/product\/ashialben-2500-mx\/","og_locale":"en_US","og_type":"article","og_title":"Ashialben 2500 MX - Westapharma","og_description":"Pour l'\u00e9limination et le contr\u00f4le des vers ronds gastro-intestinaux, des vers pulmonaire des t\u00e9nias et des douves du foie chez les bovins et les buffles","og_url":"https:\/\/westapharma.com\/en\/product\/ashialben-2500-mx\/","og_site_name":"Westapharma","article_modified_time":"2024-02-29T16:14:42+00:00","og_image":[{"width":1000,"height":1000,"url":"https:\/\/westapharma.com\/wp-content\/uploads\/2023\/04\/produit-westapharma.png","type":"image\/png"}],"twitter_card":"summary_large_image","twitter_misc":{"Est. reading time":"1 minute"},"schema":{"@context":"https:\/\/schema.org","@graph":[{"@type":"WebPage","@id":"https:\/\/westapharma.com\/product\/ashialben-2500-mx\/","url":"https:\/\/westapharma.com\/product\/ashialben-2500-mx\/","name":"Ashialben 2500 MX - Westapharma","isPartOf":{"@id":"https:\/\/westapharma.com\/#website"},"datePublished":"2023-04-07T08:42:29+00:00","dateModified":"2024-02-29T16:14:42+00:00","description":"Pour l'\u00e9limination et le contr\u00f4le des vers ronds gastro-intestinaux, des vers pulmonaire des t\u00e9nias et des douves du foie chez les bovins et les buffles","breadcrumb":{"@id":"https:\/\/westapharma.com\/product\/ashialben-2500-mx\/#breadcrumb"},"inLanguage":"en-US","potentialAction":[{"@type":"ReadAction","target":["https:\/\/westapharma.com\/product\/ashialben-2500-mx\/"]}]},{"@type":"BreadcrumbList","@id":"https:\/\/westapharma.com\/product\/ashialben-2500-mx\/#breadcrumb","itemListElement":[{"@type":"ListItem","position":1,"name":"Home","item":"https:\/\/westapharma.com\/"},{"@type":"ListItem","position":2,"name":"Ashialben 2500 MX"}]},{"@type":"WebSite","@id":"https:\/\/westapharma.com\/#website","url":"https:\/\/westapharma.com\/","name":"Westapharma","description":"One Health","publisher":{"@id":"https:\/\/westapharma.com\/#organization"},"potentialAction":[{"@type":"SearchAction","target":{"@type":"EntryPoint","urlTemplate":"https:\/\/westapharma.com\/?s={search_term_string}"},"query-input":"required name=search_term_string"}],"inLanguage":"en-US"},{"@type":"Organization","@id":"https:\/\/westapharma.com\/#organization","name":"Westapharma","url":"https:\/\/westapharma.com\/","logo":{"@type":"ImageObject","inLanguage":"en-US","@id":"https:\/\/westapharma.com\/#\/schema\/logo\/image\/","url":"https:\/\/westapharma.com\/wp-content\/uploads\/2021\/10\/Logo-westapharma200.png","contentUrl":"https:\/\/westapharma.com\/wp-content\/uploads\/2021\/10\/Logo-westapharma200.png","width":200,"height":200,"caption":"Westapharma"},"image":{"@id":"https:\/\/westapharma.com\/#\/schema\/logo\/image\/"}}]}},"_links":{"self":[{"href":"https:\/\/westapharma.com\/en\/wp-json\/wp\/v2\/product\/7907","targetHints":{"allow":["GET"]}}],"collection":[{"href":"https:\/\/westapharma.com\/en\/wp-json\/wp\/v2\/product"}],"about":[{"href":"https:\/\/westapharma.com\/en\/wp-json\/wp\/v2\/types\/product"}],"replies":[{"embeddable":true,"href":"https:\/\/westapharma.com\/en\/wp-json\/wp\/v2\/comments?post=7907"}],"wp:featuredmedia":[{"embeddable":true,"href":"https:\/\/westapharma.com\/en\/wp-json\/wp\/v2\/media\/7908"}],"wp:attachment":[{"href":"https:\/\/westapharma.com\/en\/wp-json\/wp\/v2\/media?parent=7907"}],"wp:term":[{"taxonomy":"product_cat","embeddable":true,"href":"https:\/\/westapharma.com\/en\/wp-json\/wp\/v2\/product_cat?post=7907"},{"taxonomy":"product_tag","embeddable":true,"href":"https:\/\/westapharma.com\/en\/wp-json\/wp\/v2\/product_tag?post=7907"}],"curies":[{"name":"wp","href":"https:\/\/api.w.org\/{rel}","templated":true}]}}