{"id":7939,"date":"2024-02-28T10:19:26","date_gmt":"2024-02-28T10:19:26","guid":{"rendered":"https:\/\/westapharma.com\/?post_type=product&#038;p=7939"},"modified":"2024-03-01T00:24:47","modified_gmt":"2024-03-01T00:24:47","slug":"ashiboost","status":"publish","type":"product","link":"https:\/\/westapharma.com\/en\/product\/ashiboost","title":{"rendered":"ASHIBOOST"},"content":{"rendered":"<style type=\"text\/css\"><\/style><p>Suppl\u00e9ment d&#8217;acide amin\u00e9, de multivitamines et de min\u00e9raux pour les poulets de chair<\/p>\n<h2 style=\"color: red;\">COMPOSITION:<\/h2>\n<p style=\"text-align: left;\">Chaque poudre de 1 kg contient:<\/p>\n<p style=\"text-align: left;\">Vitamine A BP&#8230;&#8230;&#8230;&#8230;10000000 UI<\/p>\n<p style=\"text-align: left;\">Vitamine D3 BP &#8230;&#8230;&#8230;&#8230;4750000 UI<\/p>\n<p style=\"text-align: left;\">Vitamine E BP&#8230;&#8230;.3000 UI<\/p>\n<p style=\"text-align: left;\">Vitamine K3 BP &#8230;&#8230;..4000 mg<\/p>\n<p style=\"text-align: left;\">Vitamine C BP&#8230;&#8230;10000 mg<\/p>\n<p style=\"text-align: left;\">Vitamine B1 BP&#8230;&#8230;.2750 mg<\/p>\n<p style=\"text-align: left;\">Vitamine B2 BP&#8230;.4750 mg<\/p>\n<p style=\"text-align: left;\">Vitamine B6 BP&#8230;..2750 mg<\/p>\n<p style=\"text-align: left;\">Vitamine B12 BP&#8230;..11750 mcg<\/p>\n<p style=\"text-align: left;\">\u00a0 Pantothenate de D-calcium BP&#8230;.5750 mg\u00b2<\/p>\n<p style=\"text-align: left;\">Nicotinamide BP&#8230;..16500 mg<\/p>\n<p style=\"text-align: left;\">DL-methionine BP&#8230;&#8230;20000 mg<\/p>\n<p style=\"text-align: left;\">Chlorhydrate de lysine BP&#8230;&#8230;.40000 mg<\/p>\n<p style=\"text-align: left;\">Sulfate de mangan\u00e8se BP&#8230;&#8230;.12750 mg<\/p>\n<p style=\"text-align: left;\">Sulfate de zinc USP &#8230;&#8230;..13250 mg<\/p>\n<p style=\"text-align: left;\">Sulfate ferreux BP&#8230;&#8230;&#8230;5250 mg<\/p>\n<p style=\"text-align: left;\">Sulfate de cuivre BP&#8230;&#8230;13250 mg<\/p>\n<p style=\"text-align: left;\">Chlorure de potassium BP&#8230;&#8230;73750 mg<\/p>\n<p style=\"text-align: left;\">Biotine BP&#8230;&#8230;..\u00a020000 mcg<\/p>\n<p style=\"text-align: left;\">Sulfate de sodium BP&#8230;.215000 mg<\/p>\n<p style=\"text-align: left;\">Chlorure de sodium BP&#8230;.48750 mg<\/p>\n<p style=\"text-align: left;\">Chlorure de sodium BP&#8230;.48750 mg<\/p>\n<p style=\"text-align: left;\">Sulfate de magn\u00e9sium BP&#8230;.12750 mg<\/p>\n<p style=\"text-align: left;\">Excipients&#8230;&#8230;..q.s.<\/p>\n<h2 style=\"color: red;\">USAGE:<\/h2>\n<p>Volaille &amp; Turquie:<\/p>\n<p>\u2022Un suppl\u00e9ment \u00e9quilibr\u00e9 contenant des vitamines, des min\u00e9raux et des acides amin\u00e9s dans l&#8217;eau soluble forme pour favoriser la croissance des poulets de chair et des poussins Jusqu&#8217;\u00e0 l&#8217;\u00e2ge de 8 semaines.<\/p>\n<p>\u2022Emp\u00eache le stress pendant les temp\u00e9ratures \u00e9lev\u00e9es, les vaccinations et comme aide \u00e0 la r\u00e9cup\u00e9ration maladies.<\/p>\n<p>\u2022Compl\u00e8te la m\u00e9thionine et la lysine pendant la croissance et aide \u00e0 prendre du poids chez les oiseaux.<\/p>\n<p>\u2022 La m\u00e9thionine aide \u00e0 am\u00e9liorer la fonction h\u00e9patique et aide \u00e0 am\u00e9liorer le m\u00e9tabolisme corporel.<\/p>\n<h2 style=\"color: red;\">DOSAGE ET ADMINISTRATION:<\/h2>\n<p>Pour une utilisation de routine: 100 g pour 200 litres d&#8217;eau potable pendant 7 jours cons\u00e9cutifs.<\/p>\n<p>Pour la prise de poids: 100 g par 300 litres d&#8217;eau potable pendant la 3\u00e8me \u00e0 la 6\u00e8me semaine d&#8217;\u00e2ge.<\/p>\n<h2 style=\"color: red;\">ESPACE DE RANGEMENT:<\/h2>\n<p>Conserver en dessous de 30\u00b0C. prot\u00e9ger de la lumi\u00e8re directe du soleil.<\/p>\n<h2 style=\"color: red;\">PR\u00c9SENTATION:<\/h2>\n<p>Sachet de 100 g\u00a0et\u00a0pot\u00a0de\u00a01\u00a0kg.<\/p>","protected":false},"excerpt":{"rendered":"<p>Suppl\u00e9ment d&#8217;acide amin\u00e9, de multivitamines et de min\u00e9raux pour les poulets de chair COMPOSITION: Chaque poudre de 1 kg contient: Vitamine A BP&#8230;&#8230;&#8230;&#8230;10000000 UI Vitamine D3 BP &#8230;&#8230;&#8230;&#8230;4750000 UI Vitamine E BP&#8230;&#8230;.3000 UI Vitamine K3 BP &#8230;&#8230;..4000 mg Vitamine C BP&#8230;&#8230;10000 mg Vitamine B1 BP&#8230;&#8230;.2750 mg Vitamine B2 BP&#8230;.4750 mg Vitamine B6 BP&#8230;..2750 mg Vitamine&#8230;<\/p>","protected":false},"featured_media":7976,"comment_status":"open","ping_status":"closed","template":"","meta":{"_et_pb_use_builder":"","_et_pb_old_content":"","_et_gb_content_width":""},"product_cat":[49,91],"product_tag":[],"class_list":{"0":"post-7939","1":"product","2":"type-product","3":"status-publish","4":"has-post-thumbnail","6":"product_cat-sante-animale","7":"product_cat-volaille","9":"first","10":"instock","11":"shipping-taxable","12":"product-type-simple"},"yoast_head":"<!-- This site is optimized with the Yoast SEO plugin v21.7 - https:\/\/yoast.com\/wordpress\/plugins\/seo\/ -->\n<title>ASHIBOOST - Westapharma<\/title>\n<meta name=\"robots\" content=\"index, follow, max-snippet:-1, max-image-preview:large, max-video-preview:-1\" \/>\n<link rel=\"canonical\" href=\"https:\/\/westapharma.com\/en\/product\/ashiboost\/\" \/>\n<meta property=\"og:locale\" content=\"en_US\" \/>\n<meta property=\"og:type\" content=\"article\" \/>\n<meta property=\"og:title\" content=\"ASHIBOOST - Westapharma\" \/>\n<meta property=\"og:description\" content=\"Suppl\u00e9ment d&#8217;acide amin\u00e9, de multivitamines et de min\u00e9raux pour les poulets de chair COMPOSITION: Chaque poudre de 1 kg contient: Vitamine A BP&#8230;&#8230;&#8230;&#8230;10000000 UI Vitamine D3 BP &#8230;&#8230;&#8230;&#8230;4750000 UI Vitamine E BP&#8230;&#8230;.3000 UI Vitamine K3 BP &#8230;&#8230;..4000 mg Vitamine C BP&#8230;&#8230;10000 mg Vitamine B1 BP&#8230;&#8230;.2750 mg Vitamine B2 BP&#8230;.4750 mg Vitamine B6 BP&#8230;..2750 mg Vitamine...\" \/>\n<meta property=\"og:url\" content=\"https:\/\/westapharma.com\/en\/product\/ashiboost\/\" \/>\n<meta property=\"og:site_name\" content=\"Westapharma\" \/>\n<meta property=\"article:modified_time\" content=\"2024-03-01T00:24:47+00:00\" \/>\n<meta property=\"og:image\" content=\"https:\/\/westapharma.com\/wp-content\/uploads\/2024\/02\/ashiboost.png\" \/>\n\t<meta property=\"og:image:width\" content=\"300\" \/>\n\t<meta property=\"og:image:height\" content=\"300\" \/>\n\t<meta property=\"og:image:type\" content=\"image\/png\" \/>\n<meta name=\"twitter:card\" content=\"summary_large_image\" \/>\n<meta name=\"twitter:label1\" content=\"Est. reading time\" \/>\n\t<meta name=\"twitter:data1\" content=\"2 minutes\" \/>\n<script type=\"application\/ld+json\" class=\"yoast-schema-graph\">{\"@context\":\"https:\/\/schema.org\",\"@graph\":[{\"@type\":\"WebPage\",\"@id\":\"https:\/\/westapharma.com\/product\/ashiboost\/\",\"url\":\"https:\/\/westapharma.com\/product\/ashiboost\/\",\"name\":\"ASHIBOOST - Westapharma\",\"isPartOf\":{\"@id\":\"https:\/\/westapharma.com\/#website\"},\"datePublished\":\"2024-02-28T10:19:26+00:00\",\"dateModified\":\"2024-03-01T00:24:47+00:00\",\"breadcrumb\":{\"@id\":\"https:\/\/westapharma.com\/product\/ashiboost\/#breadcrumb\"},\"inLanguage\":\"en-US\",\"potentialAction\":[{\"@type\":\"ReadAction\",\"target\":[\"https:\/\/westapharma.com\/product\/ashiboost\/\"]}]},{\"@type\":\"BreadcrumbList\",\"@id\":\"https:\/\/westapharma.com\/product\/ashiboost\/#breadcrumb\",\"itemListElement\":[{\"@type\":\"ListItem\",\"position\":1,\"name\":\"Home\",\"item\":\"https:\/\/westapharma.com\/\"},{\"@type\":\"ListItem\",\"position\":2,\"name\":\"ASHIBOOST\"}]},{\"@type\":\"WebSite\",\"@id\":\"https:\/\/westapharma.com\/#website\",\"url\":\"https:\/\/westapharma.com\/\",\"name\":\"Westapharma\",\"description\":\"One Health\",\"publisher\":{\"@id\":\"https:\/\/westapharma.com\/#organization\"},\"potentialAction\":[{\"@type\":\"SearchAction\",\"target\":{\"@type\":\"EntryPoint\",\"urlTemplate\":\"https:\/\/westapharma.com\/?s={search_term_string}\"},\"query-input\":\"required name=search_term_string\"}],\"inLanguage\":\"en-US\"},{\"@type\":\"Organization\",\"@id\":\"https:\/\/westapharma.com\/#organization\",\"name\":\"Westapharma\",\"url\":\"https:\/\/westapharma.com\/\",\"logo\":{\"@type\":\"ImageObject\",\"inLanguage\":\"en-US\",\"@id\":\"https:\/\/westapharma.com\/#\/schema\/logo\/image\/\",\"url\":\"https:\/\/westapharma.com\/wp-content\/uploads\/2021\/10\/Logo-westapharma200.png\",\"contentUrl\":\"https:\/\/westapharma.com\/wp-content\/uploads\/2021\/10\/Logo-westapharma200.png\",\"width\":200,\"height\":200,\"caption\":\"Westapharma\"},\"image\":{\"@id\":\"https:\/\/westapharma.com\/#\/schema\/logo\/image\/\"}}]}<\/script>\n<!-- \/ Yoast SEO plugin. -->","yoast_head_json":{"title":"ASHIBOOST - Westapharma","robots":{"index":"index","follow":"follow","max-snippet":"max-snippet:-1","max-image-preview":"max-image-preview:large","max-video-preview":"max-video-preview:-1"},"canonical":"https:\/\/westapharma.com\/en\/product\/ashiboost\/","og_locale":"en_US","og_type":"article","og_title":"ASHIBOOST - Westapharma","og_description":"Suppl\u00e9ment d&#8217;acide amin\u00e9, de multivitamines et de min\u00e9raux pour les poulets de chair COMPOSITION: Chaque poudre de 1 kg contient: Vitamine A BP&#8230;&#8230;&#8230;&#8230;10000000 UI Vitamine D3 BP &#8230;&#8230;&#8230;&#8230;4750000 UI Vitamine E BP&#8230;&#8230;.3000 UI Vitamine K3 BP &#8230;&#8230;..4000 mg Vitamine C BP&#8230;&#8230;10000 mg Vitamine B1 BP&#8230;&#8230;.2750 mg Vitamine B2 BP&#8230;.4750 mg Vitamine B6 BP&#8230;..2750 mg Vitamine...","og_url":"https:\/\/westapharma.com\/en\/product\/ashiboost\/","og_site_name":"Westapharma","article_modified_time":"2024-03-01T00:24:47+00:00","og_image":[{"width":300,"height":300,"url":"https:\/\/westapharma.com\/wp-content\/uploads\/2024\/02\/ashiboost.png","type":"image\/png"}],"twitter_card":"summary_large_image","twitter_misc":{"Est. reading time":"2 minutes"},"schema":{"@context":"https:\/\/schema.org","@graph":[{"@type":"WebPage","@id":"https:\/\/westapharma.com\/product\/ashiboost\/","url":"https:\/\/westapharma.com\/product\/ashiboost\/","name":"ASHIBOOST - Westapharma","isPartOf":{"@id":"https:\/\/westapharma.com\/#website"},"datePublished":"2024-02-28T10:19:26+00:00","dateModified":"2024-03-01T00:24:47+00:00","breadcrumb":{"@id":"https:\/\/westapharma.com\/product\/ashiboost\/#breadcrumb"},"inLanguage":"en-US","potentialAction":[{"@type":"ReadAction","target":["https:\/\/westapharma.com\/product\/ashiboost\/"]}]},{"@type":"BreadcrumbList","@id":"https:\/\/westapharma.com\/product\/ashiboost\/#breadcrumb","itemListElement":[{"@type":"ListItem","position":1,"name":"Home","item":"https:\/\/westapharma.com\/"},{"@type":"ListItem","position":2,"name":"ASHIBOOST"}]},{"@type":"WebSite","@id":"https:\/\/westapharma.com\/#website","url":"https:\/\/westapharma.com\/","name":"Westapharma","description":"One Health","publisher":{"@id":"https:\/\/westapharma.com\/#organization"},"potentialAction":[{"@type":"SearchAction","target":{"@type":"EntryPoint","urlTemplate":"https:\/\/westapharma.com\/?s={search_term_string}"},"query-input":"required name=search_term_string"}],"inLanguage":"en-US"},{"@type":"Organization","@id":"https:\/\/westapharma.com\/#organization","name":"Westapharma","url":"https:\/\/westapharma.com\/","logo":{"@type":"ImageObject","inLanguage":"en-US","@id":"https:\/\/westapharma.com\/#\/schema\/logo\/image\/","url":"https:\/\/westapharma.com\/wp-content\/uploads\/2021\/10\/Logo-westapharma200.png","contentUrl":"https:\/\/westapharma.com\/wp-content\/uploads\/2021\/10\/Logo-westapharma200.png","width":200,"height":200,"caption":"Westapharma"},"image":{"@id":"https:\/\/westapharma.com\/#\/schema\/logo\/image\/"}}]}},"_links":{"self":[{"href":"https:\/\/westapharma.com\/en\/wp-json\/wp\/v2\/product\/7939","targetHints":{"allow":["GET"]}}],"collection":[{"href":"https:\/\/westapharma.com\/en\/wp-json\/wp\/v2\/product"}],"about":[{"href":"https:\/\/westapharma.com\/en\/wp-json\/wp\/v2\/types\/product"}],"replies":[{"embeddable":true,"href":"https:\/\/westapharma.com\/en\/wp-json\/wp\/v2\/comments?post=7939"}],"wp:featuredmedia":[{"embeddable":true,"href":"https:\/\/westapharma.com\/en\/wp-json\/wp\/v2\/media\/7976"}],"wp:attachment":[{"href":"https:\/\/westapharma.com\/en\/wp-json\/wp\/v2\/media?parent=7939"}],"wp:term":[{"taxonomy":"product_cat","embeddable":true,"href":"https:\/\/westapharma.com\/en\/wp-json\/wp\/v2\/product_cat?post=7939"},{"taxonomy":"product_tag","embeddable":true,"href":"https:\/\/westapharma.com\/en\/wp-json\/wp\/v2\/product_tag?post=7939"}],"curies":[{"name":"wp","href":"https:\/\/api.w.org\/{rel}","templated":true}]}}