{"id":7941,"date":"2024-02-28T10:40:44","date_gmt":"2024-02-28T10:40:44","guid":{"rendered":"https:\/\/westapharma.com\/?post_type=product&#038;p=7941"},"modified":"2024-03-01T00:23:23","modified_gmt":"2024-03-01T00:23:23","slug":"stresswin","status":"publish","type":"product","link":"https:\/\/westapharma.com\/en\/product\/stresswin","title":{"rendered":"STRESSWIN"},"content":{"rendered":"<style type=\"text\/css\"><\/style><p><strong>Poudre soluble dans l&#8217;eau<\/strong><\/p>\n<h2 style=\"color: red;\">COMPOSITION:<\/h2>\n<p>Chaque g de poudre contient:<\/p>\n<p>Vitamine ABP&#8230;.15000 IU<\/p>\n<p>DL-m\u00e9thionine BP&#8230;.10 mg<\/p>\n<p>Chlorhydrate de lysine BP&#8230;..15 mg<\/p>\n<p>Sulfate de mangan\u00e8se BP&#8230;.12 mg<\/p>\n<p>Vitamine D, BP&#8230;4500 IU<\/p>\n<p>Vitamine E BP&#8230;.1,35 mg<\/p>\n<p>Sulfate de zinc USP&#8230;.12 mg<\/p>\n<p>Sulfate de cuivre BP&#8230;12 mg<\/p>\n<p>Vitamine K, BP&#8230;.4,5 mg<\/p>\n<p>Chlorure de potassium BP&#8230;..88 mg<\/p>\n<p>Vitamine C BP&#8230;1 mg<\/p>\n<p>Vitamine B, BP &#8230;. 4,5 mg<\/p>\n<p>Sulfate de sodium BP&#8230;200 mg<\/p>\n<p>Chlorure de sodium BP&#8230;..50 mg<\/p>\n<p>Vitamine B6 BP&#8230;2,35 mg<\/p>\n<p>Vitamine B12\u00a0 BP&#8230;.11,5 mcg<\/p>\n<p>Sulfate de magn\u00e9sium BP&#8230;12 mg<\/p>\n<p>Pantothenate de D-calcium BP&#8230;.5,4 mg<\/p>\n<p>Glycine&#8230;&#8230;20 mg<\/p>\n<p>Nicotinamide BP&#8230;&#8230;16,7 mg<\/p>\n<p>Excipients&#8230;.q.s<\/p>\n<p>&nbsp;<\/p>\n<h2 style=\"color: red;\">LES INDICATIONS:<\/h2>\n<p>\u2022 STRESSWIN est bien formul\u00e9 en combinaison avec des vitamines, des min\u00e9raux et des acides amin\u00e9s acides pour pr\u00e9venir le stress dans la volaille et la dinde<\/p>\n<p>\u2022 STRESSWIN surmonte le stress pendant la vaccination, le transport et le climat \u00e9change<\/p>\n<p>\u2022 STRESSWIN compl\u00e8te les vitamines, les min\u00e9raux et les acides amin\u00e9s pendant les performances maximales, conditions stressantes et \u00e9pid\u00e9mie<\/p>\n<p>\u2022 STRESSWIN am\u00e9liore l&#8217;immunit\u00e9 pour lutter contre les maladies infectieuses<\/p>\n<h2 style=\"color: red;\">POSOLOGIE:<\/h2>\n<p>Pour administration orale<\/p>\n<p>Volaille et dinde: 100 g pour 200 litres d&#8217;eau potable pendant 3-5 jours<\/p>\n<h2 style=\"color: red;\">PRESENTATION:<\/h2>\n<p>Sachet de 100 g. pot de\u00a0500\u00a0g\u00a0et\u00a01\u00a0kg<\/p>","protected":false},"excerpt":{"rendered":"<p>Poudre soluble dans l&#8217;eau COMPOSITION: Chaque g de poudre contient: Vitamine ABP&#8230;.15000 IU DL-m\u00e9thionine BP&#8230;.10 mg Chlorhydrate de lysine BP&#8230;..15 mg Sulfate de mangan\u00e8se BP&#8230;.12 mg Vitamine D, BP&#8230;4500 IU Vitamine E BP&#8230;.1,35 mg Sulfate de zinc USP&#8230;.12 mg Sulfate de cuivre BP&#8230;12 mg Vitamine K, BP&#8230;.4,5 mg Chlorure de potassium BP&#8230;..88 mg Vitamine C&#8230;<\/p>","protected":false},"featured_media":7975,"comment_status":"open","ping_status":"closed","template":"","meta":{"_et_pb_use_builder":"","_et_pb_old_content":"","_et_gb_content_width":""},"product_cat":[49,91],"product_tag":[],"class_list":{"0":"post-7941","1":"product","2":"type-product","3":"status-publish","4":"has-post-thumbnail","6":"product_cat-sante-animale","7":"product_cat-volaille","9":"first","10":"instock","11":"shipping-taxable","12":"product-type-simple"},"yoast_head":"<!-- This site is optimized with the Yoast SEO plugin v21.7 - https:\/\/yoast.com\/wordpress\/plugins\/seo\/ -->\n<title>STRESSWIN - Westapharma<\/title>\n<meta name=\"robots\" content=\"index, follow, max-snippet:-1, max-image-preview:large, max-video-preview:-1\" \/>\n<link rel=\"canonical\" href=\"https:\/\/westapharma.com\/en\/product\/stresswin\/\" \/>\n<meta property=\"og:locale\" content=\"en_US\" \/>\n<meta property=\"og:type\" content=\"article\" \/>\n<meta property=\"og:title\" content=\"STRESSWIN - Westapharma\" \/>\n<meta property=\"og:description\" content=\"Poudre soluble dans l&#8217;eau COMPOSITION: Chaque g de poudre contient: Vitamine ABP&#8230;.15000 IU DL-m\u00e9thionine BP&#8230;.10 mg Chlorhydrate de lysine BP&#8230;..15 mg Sulfate de mangan\u00e8se BP&#8230;.12 mg Vitamine D, BP&#8230;4500 IU Vitamine E BP&#8230;.1,35 mg Sulfate de zinc USP&#8230;.12 mg Sulfate de cuivre BP&#8230;12 mg Vitamine K, BP&#8230;.4,5 mg Chlorure de potassium BP&#8230;..88 mg Vitamine C...\" \/>\n<meta property=\"og:url\" content=\"https:\/\/westapharma.com\/en\/product\/stresswin\/\" \/>\n<meta property=\"og:site_name\" content=\"Westapharma\" \/>\n<meta property=\"article:modified_time\" content=\"2024-03-01T00:23:23+00:00\" \/>\n<meta property=\"og:image\" content=\"https:\/\/westapharma.com\/wp-content\/uploads\/2024\/02\/stresswin.png\" \/>\n\t<meta property=\"og:image:width\" content=\"300\" \/>\n\t<meta property=\"og:image:height\" content=\"300\" \/>\n\t<meta property=\"og:image:type\" content=\"image\/png\" \/>\n<meta name=\"twitter:card\" content=\"summary_large_image\" \/>\n<meta name=\"twitter:label1\" content=\"Est. reading time\" \/>\n\t<meta name=\"twitter:data1\" content=\"2 minutes\" \/>\n<script type=\"application\/ld+json\" class=\"yoast-schema-graph\">{\"@context\":\"https:\/\/schema.org\",\"@graph\":[{\"@type\":\"WebPage\",\"@id\":\"https:\/\/westapharma.com\/product\/stresswin\/\",\"url\":\"https:\/\/westapharma.com\/product\/stresswin\/\",\"name\":\"STRESSWIN - Westapharma\",\"isPartOf\":{\"@id\":\"https:\/\/westapharma.com\/#website\"},\"datePublished\":\"2024-02-28T10:40:44+00:00\",\"dateModified\":\"2024-03-01T00:23:23+00:00\",\"breadcrumb\":{\"@id\":\"https:\/\/westapharma.com\/product\/stresswin\/#breadcrumb\"},\"inLanguage\":\"en-US\",\"potentialAction\":[{\"@type\":\"ReadAction\",\"target\":[\"https:\/\/westapharma.com\/product\/stresswin\/\"]}]},{\"@type\":\"BreadcrumbList\",\"@id\":\"https:\/\/westapharma.com\/product\/stresswin\/#breadcrumb\",\"itemListElement\":[{\"@type\":\"ListItem\",\"position\":1,\"name\":\"Home\",\"item\":\"https:\/\/westapharma.com\/\"},{\"@type\":\"ListItem\",\"position\":2,\"name\":\"STRESSWIN\"}]},{\"@type\":\"WebSite\",\"@id\":\"https:\/\/westapharma.com\/#website\",\"url\":\"https:\/\/westapharma.com\/\",\"name\":\"Westapharma\",\"description\":\"One Health\",\"publisher\":{\"@id\":\"https:\/\/westapharma.com\/#organization\"},\"potentialAction\":[{\"@type\":\"SearchAction\",\"target\":{\"@type\":\"EntryPoint\",\"urlTemplate\":\"https:\/\/westapharma.com\/?s={search_term_string}\"},\"query-input\":\"required name=search_term_string\"}],\"inLanguage\":\"en-US\"},{\"@type\":\"Organization\",\"@id\":\"https:\/\/westapharma.com\/#organization\",\"name\":\"Westapharma\",\"url\":\"https:\/\/westapharma.com\/\",\"logo\":{\"@type\":\"ImageObject\",\"inLanguage\":\"en-US\",\"@id\":\"https:\/\/westapharma.com\/#\/schema\/logo\/image\/\",\"url\":\"https:\/\/westapharma.com\/wp-content\/uploads\/2021\/10\/Logo-westapharma200.png\",\"contentUrl\":\"https:\/\/westapharma.com\/wp-content\/uploads\/2021\/10\/Logo-westapharma200.png\",\"width\":200,\"height\":200,\"caption\":\"Westapharma\"},\"image\":{\"@id\":\"https:\/\/westapharma.com\/#\/schema\/logo\/image\/\"}}]}<\/script>\n<!-- \/ Yoast SEO plugin. -->","yoast_head_json":{"title":"STRESSWIN - Westapharma","robots":{"index":"index","follow":"follow","max-snippet":"max-snippet:-1","max-image-preview":"max-image-preview:large","max-video-preview":"max-video-preview:-1"},"canonical":"https:\/\/westapharma.com\/en\/product\/stresswin\/","og_locale":"en_US","og_type":"article","og_title":"STRESSWIN - Westapharma","og_description":"Poudre soluble dans l&#8217;eau COMPOSITION: Chaque g de poudre contient: Vitamine ABP&#8230;.15000 IU DL-m\u00e9thionine BP&#8230;.10 mg Chlorhydrate de lysine BP&#8230;..15 mg Sulfate de mangan\u00e8se BP&#8230;.12 mg Vitamine D, BP&#8230;4500 IU Vitamine E BP&#8230;.1,35 mg Sulfate de zinc USP&#8230;.12 mg Sulfate de cuivre BP&#8230;12 mg Vitamine K, BP&#8230;.4,5 mg Chlorure de potassium BP&#8230;..88 mg Vitamine C...","og_url":"https:\/\/westapharma.com\/en\/product\/stresswin\/","og_site_name":"Westapharma","article_modified_time":"2024-03-01T00:23:23+00:00","og_image":[{"width":300,"height":300,"url":"https:\/\/westapharma.com\/wp-content\/uploads\/2024\/02\/stresswin.png","type":"image\/png"}],"twitter_card":"summary_large_image","twitter_misc":{"Est. reading time":"2 minutes"},"schema":{"@context":"https:\/\/schema.org","@graph":[{"@type":"WebPage","@id":"https:\/\/westapharma.com\/product\/stresswin\/","url":"https:\/\/westapharma.com\/product\/stresswin\/","name":"STRESSWIN - Westapharma","isPartOf":{"@id":"https:\/\/westapharma.com\/#website"},"datePublished":"2024-02-28T10:40:44+00:00","dateModified":"2024-03-01T00:23:23+00:00","breadcrumb":{"@id":"https:\/\/westapharma.com\/product\/stresswin\/#breadcrumb"},"inLanguage":"en-US","potentialAction":[{"@type":"ReadAction","target":["https:\/\/westapharma.com\/product\/stresswin\/"]}]},{"@type":"BreadcrumbList","@id":"https:\/\/westapharma.com\/product\/stresswin\/#breadcrumb","itemListElement":[{"@type":"ListItem","position":1,"name":"Home","item":"https:\/\/westapharma.com\/"},{"@type":"ListItem","position":2,"name":"STRESSWIN"}]},{"@type":"WebSite","@id":"https:\/\/westapharma.com\/#website","url":"https:\/\/westapharma.com\/","name":"Westapharma","description":"One Health","publisher":{"@id":"https:\/\/westapharma.com\/#organization"},"potentialAction":[{"@type":"SearchAction","target":{"@type":"EntryPoint","urlTemplate":"https:\/\/westapharma.com\/?s={search_term_string}"},"query-input":"required name=search_term_string"}],"inLanguage":"en-US"},{"@type":"Organization","@id":"https:\/\/westapharma.com\/#organization","name":"Westapharma","url":"https:\/\/westapharma.com\/","logo":{"@type":"ImageObject","inLanguage":"en-US","@id":"https:\/\/westapharma.com\/#\/schema\/logo\/image\/","url":"https:\/\/westapharma.com\/wp-content\/uploads\/2021\/10\/Logo-westapharma200.png","contentUrl":"https:\/\/westapharma.com\/wp-content\/uploads\/2021\/10\/Logo-westapharma200.png","width":200,"height":200,"caption":"Westapharma"},"image":{"@id":"https:\/\/westapharma.com\/#\/schema\/logo\/image\/"}}]}},"_links":{"self":[{"href":"https:\/\/westapharma.com\/en\/wp-json\/wp\/v2\/product\/7941","targetHints":{"allow":["GET"]}}],"collection":[{"href":"https:\/\/westapharma.com\/en\/wp-json\/wp\/v2\/product"}],"about":[{"href":"https:\/\/westapharma.com\/en\/wp-json\/wp\/v2\/types\/product"}],"replies":[{"embeddable":true,"href":"https:\/\/westapharma.com\/en\/wp-json\/wp\/v2\/comments?post=7941"}],"wp:featuredmedia":[{"embeddable":true,"href":"https:\/\/westapharma.com\/en\/wp-json\/wp\/v2\/media\/7975"}],"wp:attachment":[{"href":"https:\/\/westapharma.com\/en\/wp-json\/wp\/v2\/media?parent=7941"}],"wp:term":[{"taxonomy":"product_cat","embeddable":true,"href":"https:\/\/westapharma.com\/en\/wp-json\/wp\/v2\/product_cat?post=7941"},{"taxonomy":"product_tag","embeddable":true,"href":"https:\/\/westapharma.com\/en\/wp-json\/wp\/v2\/product_tag?post=7941"}],"curies":[{"name":"wp","href":"https:\/\/api.w.org\/{rel}","templated":true}]}}