{"id":7944,"date":"2024-02-28T11:04:54","date_gmt":"2024-02-28T11:04:54","guid":{"rendered":"https:\/\/westapharma.com\/?post_type=product&#038;p=7944"},"modified":"2024-03-01T00:21:56","modified_gmt":"2024-03-01T00:21:56","slug":"trypashish","status":"publish","type":"product","link":"https:\/\/westapharma.com\/en\/product\/trypashish","title":{"rendered":"TRYPASHISH"},"content":{"rendered":"<style type=\"text\/css\"><\/style><p>(Chlorhydrate de chlorure d&#8217;Isom\u00e9tamidium)<\/p>\n<h2 style=\"color: red;\">COMPOSITION:<\/h2>\n<p>Chaque sachet contient:<\/p>\n<p>Chlorhydrate de chlorure d&#8217;isom\u00e9tamidum&#8230;.1g<\/p>\n<h2 style=\"color: red;\">LES INDICATIONS:<\/h2>\n<p>Traitement chez les bovins (y compris z\u00e9bu ), buffles, moutons, ch\u00e8vres, chameaux, \u00e9quid\u00e9s. Traitement pr\u00e9ventif et curatif contre la trypanosomiase.<\/p>\n<h2 style=\"color: red;\">POSOLOGIE:<\/h2>\n<p>Injection intramusculaire profonde (IM)<\/p>\n<p>Pr\u00e9paration de la solution:<\/p>\n<p>Solution \u00e0 1% : Dissoudre 1g de poudre pr\u00e9sente dans 1 sachet dans 100 ml d&#8217;eau distill\u00e9e st\u00e9rile. Agiter doucement pour faire la solution.<\/p>\n<p>Solution \u00e0 2, Dissoudre 1 g de poudre pr\u00e9sente dans 1 sachet dans 50 ml d&#8217;eau distill\u00e9e st\u00e9rile. Agiter doucement pour faire la solution.<\/p>\n<p>La solution doit \u00eatre utilis\u00e9e extemporan\u00e9ment ou conserv\u00e9e au r\u00e9frig\u00e9rateur pendant une dur\u00e9e maximale de 24 heures. La posologie doit \u00eatre ajust\u00e9e en fonction du de la sensibilit\u00e9 des souches locales de trypanosomes en consultation avec le v\u00e9t\u00e9rinaire<\/p>\n<p>Le traitement est effectu\u00e9 chez les Bovins, Ovins, Caprins, Chevaux et Chameaux<\/p>\n<p><strong>Traitement curatif:<\/strong><\/p>\n<p>0,5 mg par Kg de poids corporel par voie intramusculaire profonde (IM) (12.5 ml de solution reconstitu\u00e9e, ces 12,5 ml pour 250 Kg de poids corporel)<\/p>\n<p><strong>Traitement pr\u00e9ventif:<\/strong><\/p>\n<p>1 mg par Kg de poids corporel par voie intramusculaire profonde (25 ml de solution reconstitu\u00e9e pour 250 Kg de poids corporel)<\/p>\n<p>NB: Voir notice pour plus d&#8217;infos<\/p>\n<h2 style=\"color: red;\">PRESENTATION:<\/h2>\n<p>Paquet de 10\u00a0sachets\u00a0de\u00a01\u00a0g<\/p>","protected":false},"excerpt":{"rendered":"<p>(Chlorhydrate de chlorure d&#8217;Isom\u00e9tamidium) COMPOSITION: Chaque sachet contient: Chlorhydrate de chlorure d&#8217;isom\u00e9tamidum&#8230;.1g LES INDICATIONS: Traitement chez les bovins (y compris z\u00e9bu ), buffles, moutons, ch\u00e8vres, chameaux, \u00e9quid\u00e9s. Traitement pr\u00e9ventif et curatif contre la trypanosomiase. POSOLOGIE: Injection intramusculaire profonde (IM) Pr\u00e9paration de la solution: Solution \u00e0 1% : Dissoudre 1g de poudre pr\u00e9sente dans 1 sachet&#8230;<\/p>","protected":false},"featured_media":7974,"comment_status":"open","ping_status":"closed","template":"","meta":{"_et_pb_use_builder":"","_et_pb_old_content":"","_et_gb_content_width":""},"product_cat":[50,49],"product_tag":[],"class_list":{"0":"post-7944","1":"product","2":"type-product","3":"status-publish","4":"has-post-thumbnail","6":"product_cat-ruminant","7":"product_cat-sante-animale","9":"first","10":"instock","11":"shipping-taxable","12":"product-type-simple"},"yoast_head":"<!-- This site is optimized with the Yoast SEO plugin v21.7 - https:\/\/yoast.com\/wordpress\/plugins\/seo\/ -->\n<title>TRYPASHISH - Westapharma<\/title>\n<meta name=\"robots\" content=\"index, follow, max-snippet:-1, max-image-preview:large, max-video-preview:-1\" \/>\n<link rel=\"canonical\" href=\"https:\/\/westapharma.com\/en\/product\/trypashish\/\" \/>\n<meta property=\"og:locale\" content=\"en_US\" \/>\n<meta property=\"og:type\" content=\"article\" \/>\n<meta property=\"og:title\" content=\"TRYPASHISH - Westapharma\" \/>\n<meta property=\"og:description\" content=\"(Chlorhydrate de chlorure d&#8217;Isom\u00e9tamidium) COMPOSITION: Chaque sachet contient: Chlorhydrate de chlorure d&#8217;isom\u00e9tamidum&#8230;.1g LES INDICATIONS: Traitement chez les bovins (y compris z\u00e9bu ), buffles, moutons, ch\u00e8vres, chameaux, \u00e9quid\u00e9s. Traitement pr\u00e9ventif et curatif contre la trypanosomiase. POSOLOGIE: Injection intramusculaire profonde (IM) Pr\u00e9paration de la solution: Solution \u00e0 1% : Dissoudre 1g de poudre pr\u00e9sente dans 1 sachet...\" \/>\n<meta property=\"og:url\" content=\"https:\/\/westapharma.com\/en\/product\/trypashish\/\" \/>\n<meta property=\"og:site_name\" content=\"Westapharma\" \/>\n<meta property=\"article:modified_time\" content=\"2024-03-01T00:21:56+00:00\" \/>\n<meta property=\"og:image\" content=\"https:\/\/westapharma.com\/wp-content\/uploads\/2024\/02\/tripashish.png\" \/>\n\t<meta property=\"og:image:width\" content=\"300\" \/>\n\t<meta property=\"og:image:height\" content=\"300\" \/>\n\t<meta property=\"og:image:type\" content=\"image\/png\" \/>\n<meta name=\"twitter:card\" content=\"summary_large_image\" \/>\n<meta name=\"twitter:label1\" content=\"Est. reading time\" \/>\n\t<meta name=\"twitter:data1\" content=\"2 minutes\" \/>\n<script type=\"application\/ld+json\" class=\"yoast-schema-graph\">{\"@context\":\"https:\/\/schema.org\",\"@graph\":[{\"@type\":\"WebPage\",\"@id\":\"https:\/\/westapharma.com\/product\/trypashish\/\",\"url\":\"https:\/\/westapharma.com\/product\/trypashish\/\",\"name\":\"TRYPASHISH - Westapharma\",\"isPartOf\":{\"@id\":\"https:\/\/westapharma.com\/#website\"},\"datePublished\":\"2024-02-28T11:04:54+00:00\",\"dateModified\":\"2024-03-01T00:21:56+00:00\",\"breadcrumb\":{\"@id\":\"https:\/\/westapharma.com\/product\/trypashish\/#breadcrumb\"},\"inLanguage\":\"en-US\",\"potentialAction\":[{\"@type\":\"ReadAction\",\"target\":[\"https:\/\/westapharma.com\/product\/trypashish\/\"]}]},{\"@type\":\"BreadcrumbList\",\"@id\":\"https:\/\/westapharma.com\/product\/trypashish\/#breadcrumb\",\"itemListElement\":[{\"@type\":\"ListItem\",\"position\":1,\"name\":\"Home\",\"item\":\"https:\/\/westapharma.com\/\"},{\"@type\":\"ListItem\",\"position\":2,\"name\":\"TRYPASHISH\"}]},{\"@type\":\"WebSite\",\"@id\":\"https:\/\/westapharma.com\/#website\",\"url\":\"https:\/\/westapharma.com\/\",\"name\":\"Westapharma\",\"description\":\"One Health\",\"publisher\":{\"@id\":\"https:\/\/westapharma.com\/#organization\"},\"potentialAction\":[{\"@type\":\"SearchAction\",\"target\":{\"@type\":\"EntryPoint\",\"urlTemplate\":\"https:\/\/westapharma.com\/?s={search_term_string}\"},\"query-input\":\"required name=search_term_string\"}],\"inLanguage\":\"en-US\"},{\"@type\":\"Organization\",\"@id\":\"https:\/\/westapharma.com\/#organization\",\"name\":\"Westapharma\",\"url\":\"https:\/\/westapharma.com\/\",\"logo\":{\"@type\":\"ImageObject\",\"inLanguage\":\"en-US\",\"@id\":\"https:\/\/westapharma.com\/#\/schema\/logo\/image\/\",\"url\":\"https:\/\/westapharma.com\/wp-content\/uploads\/2021\/10\/Logo-westapharma200.png\",\"contentUrl\":\"https:\/\/westapharma.com\/wp-content\/uploads\/2021\/10\/Logo-westapharma200.png\",\"width\":200,\"height\":200,\"caption\":\"Westapharma\"},\"image\":{\"@id\":\"https:\/\/westapharma.com\/#\/schema\/logo\/image\/\"}}]}<\/script>\n<!-- \/ Yoast SEO plugin. -->","yoast_head_json":{"title":"TRYPASHISH - Westapharma","robots":{"index":"index","follow":"follow","max-snippet":"max-snippet:-1","max-image-preview":"max-image-preview:large","max-video-preview":"max-video-preview:-1"},"canonical":"https:\/\/westapharma.com\/en\/product\/trypashish\/","og_locale":"en_US","og_type":"article","og_title":"TRYPASHISH - Westapharma","og_description":"(Chlorhydrate de chlorure d&#8217;Isom\u00e9tamidium) COMPOSITION: Chaque sachet contient: Chlorhydrate de chlorure d&#8217;isom\u00e9tamidum&#8230;.1g LES INDICATIONS: Traitement chez les bovins (y compris z\u00e9bu ), buffles, moutons, ch\u00e8vres, chameaux, \u00e9quid\u00e9s. Traitement pr\u00e9ventif et curatif contre la trypanosomiase. POSOLOGIE: Injection intramusculaire profonde (IM) Pr\u00e9paration de la solution: Solution \u00e0 1% : Dissoudre 1g de poudre pr\u00e9sente dans 1 sachet...","og_url":"https:\/\/westapharma.com\/en\/product\/trypashish\/","og_site_name":"Westapharma","article_modified_time":"2024-03-01T00:21:56+00:00","og_image":[{"width":300,"height":300,"url":"https:\/\/westapharma.com\/wp-content\/uploads\/2024\/02\/tripashish.png","type":"image\/png"}],"twitter_card":"summary_large_image","twitter_misc":{"Est. reading time":"2 minutes"},"schema":{"@context":"https:\/\/schema.org","@graph":[{"@type":"WebPage","@id":"https:\/\/westapharma.com\/product\/trypashish\/","url":"https:\/\/westapharma.com\/product\/trypashish\/","name":"TRYPASHISH - Westapharma","isPartOf":{"@id":"https:\/\/westapharma.com\/#website"},"datePublished":"2024-02-28T11:04:54+00:00","dateModified":"2024-03-01T00:21:56+00:00","breadcrumb":{"@id":"https:\/\/westapharma.com\/product\/trypashish\/#breadcrumb"},"inLanguage":"en-US","potentialAction":[{"@type":"ReadAction","target":["https:\/\/westapharma.com\/product\/trypashish\/"]}]},{"@type":"BreadcrumbList","@id":"https:\/\/westapharma.com\/product\/trypashish\/#breadcrumb","itemListElement":[{"@type":"ListItem","position":1,"name":"Home","item":"https:\/\/westapharma.com\/"},{"@type":"ListItem","position":2,"name":"TRYPASHISH"}]},{"@type":"WebSite","@id":"https:\/\/westapharma.com\/#website","url":"https:\/\/westapharma.com\/","name":"Westapharma","description":"One Health","publisher":{"@id":"https:\/\/westapharma.com\/#organization"},"potentialAction":[{"@type":"SearchAction","target":{"@type":"EntryPoint","urlTemplate":"https:\/\/westapharma.com\/?s={search_term_string}"},"query-input":"required name=search_term_string"}],"inLanguage":"en-US"},{"@type":"Organization","@id":"https:\/\/westapharma.com\/#organization","name":"Westapharma","url":"https:\/\/westapharma.com\/","logo":{"@type":"ImageObject","inLanguage":"en-US","@id":"https:\/\/westapharma.com\/#\/schema\/logo\/image\/","url":"https:\/\/westapharma.com\/wp-content\/uploads\/2021\/10\/Logo-westapharma200.png","contentUrl":"https:\/\/westapharma.com\/wp-content\/uploads\/2021\/10\/Logo-westapharma200.png","width":200,"height":200,"caption":"Westapharma"},"image":{"@id":"https:\/\/westapharma.com\/#\/schema\/logo\/image\/"}}]}},"_links":{"self":[{"href":"https:\/\/westapharma.com\/en\/wp-json\/wp\/v2\/product\/7944","targetHints":{"allow":["GET"]}}],"collection":[{"href":"https:\/\/westapharma.com\/en\/wp-json\/wp\/v2\/product"}],"about":[{"href":"https:\/\/westapharma.com\/en\/wp-json\/wp\/v2\/types\/product"}],"replies":[{"embeddable":true,"href":"https:\/\/westapharma.com\/en\/wp-json\/wp\/v2\/comments?post=7944"}],"wp:featuredmedia":[{"embeddable":true,"href":"https:\/\/westapharma.com\/en\/wp-json\/wp\/v2\/media\/7974"}],"wp:attachment":[{"href":"https:\/\/westapharma.com\/en\/wp-json\/wp\/v2\/media?parent=7944"}],"wp:term":[{"taxonomy":"product_cat","embeddable":true,"href":"https:\/\/westapharma.com\/en\/wp-json\/wp\/v2\/product_cat?post=7944"},{"taxonomy":"product_tag","embeddable":true,"href":"https:\/\/westapharma.com\/en\/wp-json\/wp\/v2\/product_tag?post=7944"}],"curies":[{"name":"wp","href":"https:\/\/api.w.org\/{rel}","templated":true}]}}