{"id":7950,"date":"2024-02-28T12:08:06","date_gmt":"2024-02-28T12:08:06","guid":{"rendered":"https:\/\/westapharma.com\/?post_type=product&#038;p=7950"},"modified":"2024-03-01T00:19:34","modified_gmt":"2024-03-01T00:19:34","slug":"ashoxy-20","status":"publish","type":"product","link":"https:\/\/westapharma.com\/en\/product\/ashoxy-20","title":{"rendered":"ASHOXY 20%"},"content":{"rendered":"<style type=\"text\/css\"><\/style><p>(Poudre de Hcl d&#8217;Oxytetracycline 20%)<\/p>\n<h2 style=\"color: red;\">COMPOSITION<\/h2>\n<p>Chaque g contient:<\/p>\n<p>Oxytetracycline&#8230;&#8230;.200 mg<\/p>\n<p>Excipients&#8230;..QSP 1g<\/p>\n<p>&nbsp;<\/p>\n<h2 style=\"color: red;\"><strong><strong>LES INDICATIONS:<\/strong><\/strong><\/h2>\n<p>Pour le traitement et le contr\u00f4le des infections telles que le coryza infectieux, chol\u00e9ra aviaire, synovite infectieuse, typho\u00efde aviaire, maladie respiratoire chronique (MRC), diarrh\u00e9es blanch\u00e2tres bacillaires, spiroch\u00e9tose et pour contr\u00f4ler tes infections bact\u00e9riennes secondaires lors d&#8217;\u00e9pid\u00e9mies virales<\/p>\n<h2 style=\"color: red;\"><strong>POSOLOGIE ET ADMINISTRATION:<\/strong><\/h2>\n<p>Paulet et dinde: Synovite infectieuse caus\u00e9e par Mycoplasma synoviae sensible \u00e0 l&#8217;oxytetracycline: 200 \u00e0 400 mg par 4,5 litres d&#8217;eau potable (1 \u00e0 2 g par 4,5 litres d&#8217;eau) pendant 5 a 7 jours: Maladie respiratoire chronique (MRC) et infections du sac a\u00e9rien caus\u00e9es par Mycoplasma gallisepticum, salmonellose et cholera aviaire caus\u00e9s par Pasteurella multocida : 400 \u00e0 800 mg par 4.5 litres d&#8217;eau de boisson (2-4 g par 4,5 litres d&#8217;eau) pendant 5 a 7 jours<\/p>\n<h2 style=\"color: red;\"><strong>PR\u00c9SENTATION:<\/strong><\/h2>\n<p>Sachet de 5g,25g, 100 g\u00a0et\u00a0pot\u00a0de\u00a01\u00a0Kg<\/p>","protected":false},"excerpt":{"rendered":"<p>(Poudre de Hcl d&#8217;Oxytetracycline 20%) COMPOSITION Chaque g contient: Oxytetracycline&#8230;&#8230;.200 mg Excipients&#8230;..QSP 1g &nbsp; LES INDICATIONS: Pour le traitement et le contr\u00f4le des infections telles que le coryza infectieux, chol\u00e9ra aviaire, synovite infectieuse, typho\u00efde aviaire, maladie respiratoire chronique (MRC), diarrh\u00e9es blanch\u00e2tres bacillaires, spiroch\u00e9tose et pour contr\u00f4ler tes infections bact\u00e9riennes secondaires lors d&#8217;\u00e9pid\u00e9mies virales POSOLOGIE ET&#8230;<\/p>","protected":false},"featured_media":7973,"comment_status":"open","ping_status":"closed","template":"","meta":{"_et_pb_use_builder":"","_et_pb_old_content":"","_et_gb_content_width":""},"product_cat":[49,51,91],"product_tag":[],"class_list":{"0":"post-7950","1":"product","2":"type-product","3":"status-publish","4":"has-post-thumbnail","6":"product_cat-sante-animale","7":"product_cat-voie-orale","8":"product_cat-volaille","10":"first","11":"instock","12":"shipping-taxable","13":"product-type-simple"},"yoast_head":"<!-- This site is optimized with the Yoast SEO plugin v21.7 - https:\/\/yoast.com\/wordpress\/plugins\/seo\/ -->\n<title>ASHOXY 20% - Westapharma<\/title>\n<meta name=\"robots\" content=\"index, follow, max-snippet:-1, max-image-preview:large, max-video-preview:-1\" \/>\n<link rel=\"canonical\" href=\"https:\/\/westapharma.com\/en\/product\/ashoxy-20\/\" \/>\n<meta property=\"og:locale\" content=\"en_US\" \/>\n<meta property=\"og:type\" content=\"article\" \/>\n<meta property=\"og:title\" content=\"ASHOXY 20% - Westapharma\" \/>\n<meta property=\"og:description\" content=\"(Poudre de Hcl d&#8217;Oxytetracycline 20%) COMPOSITION Chaque g contient: Oxytetracycline&#8230;&#8230;.200 mg Excipients&#8230;..QSP 1g &nbsp; LES INDICATIONS: Pour le traitement et le contr\u00f4le des infections telles que le coryza infectieux, chol\u00e9ra aviaire, synovite infectieuse, typho\u00efde aviaire, maladie respiratoire chronique (MRC), diarrh\u00e9es blanch\u00e2tres bacillaires, spiroch\u00e9tose et pour contr\u00f4ler tes infections bact\u00e9riennes secondaires lors d&#8217;\u00e9pid\u00e9mies virales POSOLOGIE ET...\" \/>\n<meta property=\"og:url\" content=\"https:\/\/westapharma.com\/en\/product\/ashoxy-20\/\" \/>\n<meta property=\"og:site_name\" content=\"Westapharma\" \/>\n<meta property=\"article:modified_time\" content=\"2024-03-01T00:19:34+00:00\" \/>\n<meta property=\"og:image\" content=\"https:\/\/westapharma.com\/wp-content\/uploads\/2024\/02\/ashoxy.png\" \/>\n\t<meta property=\"og:image:width\" content=\"300\" \/>\n\t<meta property=\"og:image:height\" content=\"300\" \/>\n\t<meta property=\"og:image:type\" content=\"image\/png\" \/>\n<meta name=\"twitter:card\" content=\"summary_large_image\" \/>\n<meta name=\"twitter:label1\" content=\"Est. reading time\" \/>\n\t<meta name=\"twitter:data1\" content=\"1 minute\" \/>\n<script type=\"application\/ld+json\" class=\"yoast-schema-graph\">{\"@context\":\"https:\/\/schema.org\",\"@graph\":[{\"@type\":\"WebPage\",\"@id\":\"https:\/\/westapharma.com\/product\/ashoxy-20\/\",\"url\":\"https:\/\/westapharma.com\/product\/ashoxy-20\/\",\"name\":\"ASHOXY 20% - Westapharma\",\"isPartOf\":{\"@id\":\"https:\/\/westapharma.com\/#website\"},\"datePublished\":\"2024-02-28T12:08:06+00:00\",\"dateModified\":\"2024-03-01T00:19:34+00:00\",\"breadcrumb\":{\"@id\":\"https:\/\/westapharma.com\/product\/ashoxy-20\/#breadcrumb\"},\"inLanguage\":\"en-US\",\"potentialAction\":[{\"@type\":\"ReadAction\",\"target\":[\"https:\/\/westapharma.com\/product\/ashoxy-20\/\"]}]},{\"@type\":\"BreadcrumbList\",\"@id\":\"https:\/\/westapharma.com\/product\/ashoxy-20\/#breadcrumb\",\"itemListElement\":[{\"@type\":\"ListItem\",\"position\":1,\"name\":\"Home\",\"item\":\"https:\/\/westapharma.com\/\"},{\"@type\":\"ListItem\",\"position\":2,\"name\":\"ASHOXY 20%\"}]},{\"@type\":\"WebSite\",\"@id\":\"https:\/\/westapharma.com\/#website\",\"url\":\"https:\/\/westapharma.com\/\",\"name\":\"Westapharma\",\"description\":\"One Health\",\"publisher\":{\"@id\":\"https:\/\/westapharma.com\/#organization\"},\"potentialAction\":[{\"@type\":\"SearchAction\",\"target\":{\"@type\":\"EntryPoint\",\"urlTemplate\":\"https:\/\/westapharma.com\/?s={search_term_string}\"},\"query-input\":\"required name=search_term_string\"}],\"inLanguage\":\"en-US\"},{\"@type\":\"Organization\",\"@id\":\"https:\/\/westapharma.com\/#organization\",\"name\":\"Westapharma\",\"url\":\"https:\/\/westapharma.com\/\",\"logo\":{\"@type\":\"ImageObject\",\"inLanguage\":\"en-US\",\"@id\":\"https:\/\/westapharma.com\/#\/schema\/logo\/image\/\",\"url\":\"https:\/\/westapharma.com\/wp-content\/uploads\/2021\/10\/Logo-westapharma200.png\",\"contentUrl\":\"https:\/\/westapharma.com\/wp-content\/uploads\/2021\/10\/Logo-westapharma200.png\",\"width\":200,\"height\":200,\"caption\":\"Westapharma\"},\"image\":{\"@id\":\"https:\/\/westapharma.com\/#\/schema\/logo\/image\/\"}}]}<\/script>\n<!-- \/ Yoast SEO plugin. -->","yoast_head_json":{"title":"ASHOXY 20% - Westapharma","robots":{"index":"index","follow":"follow","max-snippet":"max-snippet:-1","max-image-preview":"max-image-preview:large","max-video-preview":"max-video-preview:-1"},"canonical":"https:\/\/westapharma.com\/en\/product\/ashoxy-20\/","og_locale":"en_US","og_type":"article","og_title":"ASHOXY 20% - Westapharma","og_description":"(Poudre de Hcl d&#8217;Oxytetracycline 20%) COMPOSITION Chaque g contient: Oxytetracycline&#8230;&#8230;.200 mg Excipients&#8230;..QSP 1g &nbsp; LES INDICATIONS: Pour le traitement et le contr\u00f4le des infections telles que le coryza infectieux, chol\u00e9ra aviaire, synovite infectieuse, typho\u00efde aviaire, maladie respiratoire chronique (MRC), diarrh\u00e9es blanch\u00e2tres bacillaires, spiroch\u00e9tose et pour contr\u00f4ler tes infections bact\u00e9riennes secondaires lors d&#8217;\u00e9pid\u00e9mies virales POSOLOGIE ET...","og_url":"https:\/\/westapharma.com\/en\/product\/ashoxy-20\/","og_site_name":"Westapharma","article_modified_time":"2024-03-01T00:19:34+00:00","og_image":[{"width":300,"height":300,"url":"https:\/\/westapharma.com\/wp-content\/uploads\/2024\/02\/ashoxy.png","type":"image\/png"}],"twitter_card":"summary_large_image","twitter_misc":{"Est. reading time":"1 minute"},"schema":{"@context":"https:\/\/schema.org","@graph":[{"@type":"WebPage","@id":"https:\/\/westapharma.com\/product\/ashoxy-20\/","url":"https:\/\/westapharma.com\/product\/ashoxy-20\/","name":"ASHOXY 20% - Westapharma","isPartOf":{"@id":"https:\/\/westapharma.com\/#website"},"datePublished":"2024-02-28T12:08:06+00:00","dateModified":"2024-03-01T00:19:34+00:00","breadcrumb":{"@id":"https:\/\/westapharma.com\/product\/ashoxy-20\/#breadcrumb"},"inLanguage":"en-US","potentialAction":[{"@type":"ReadAction","target":["https:\/\/westapharma.com\/product\/ashoxy-20\/"]}]},{"@type":"BreadcrumbList","@id":"https:\/\/westapharma.com\/product\/ashoxy-20\/#breadcrumb","itemListElement":[{"@type":"ListItem","position":1,"name":"Home","item":"https:\/\/westapharma.com\/"},{"@type":"ListItem","position":2,"name":"ASHOXY 20%"}]},{"@type":"WebSite","@id":"https:\/\/westapharma.com\/#website","url":"https:\/\/westapharma.com\/","name":"Westapharma","description":"One Health","publisher":{"@id":"https:\/\/westapharma.com\/#organization"},"potentialAction":[{"@type":"SearchAction","target":{"@type":"EntryPoint","urlTemplate":"https:\/\/westapharma.com\/?s={search_term_string}"},"query-input":"required name=search_term_string"}],"inLanguage":"en-US"},{"@type":"Organization","@id":"https:\/\/westapharma.com\/#organization","name":"Westapharma","url":"https:\/\/westapharma.com\/","logo":{"@type":"ImageObject","inLanguage":"en-US","@id":"https:\/\/westapharma.com\/#\/schema\/logo\/image\/","url":"https:\/\/westapharma.com\/wp-content\/uploads\/2021\/10\/Logo-westapharma200.png","contentUrl":"https:\/\/westapharma.com\/wp-content\/uploads\/2021\/10\/Logo-westapharma200.png","width":200,"height":200,"caption":"Westapharma"},"image":{"@id":"https:\/\/westapharma.com\/#\/schema\/logo\/image\/"}}]}},"_links":{"self":[{"href":"https:\/\/westapharma.com\/en\/wp-json\/wp\/v2\/product\/7950","targetHints":{"allow":["GET"]}}],"collection":[{"href":"https:\/\/westapharma.com\/en\/wp-json\/wp\/v2\/product"}],"about":[{"href":"https:\/\/westapharma.com\/en\/wp-json\/wp\/v2\/types\/product"}],"replies":[{"embeddable":true,"href":"https:\/\/westapharma.com\/en\/wp-json\/wp\/v2\/comments?post=7950"}],"wp:featuredmedia":[{"embeddable":true,"href":"https:\/\/westapharma.com\/en\/wp-json\/wp\/v2\/media\/7973"}],"wp:attachment":[{"href":"https:\/\/westapharma.com\/en\/wp-json\/wp\/v2\/media?parent=7950"}],"wp:term":[{"taxonomy":"product_cat","embeddable":true,"href":"https:\/\/westapharma.com\/en\/wp-json\/wp\/v2\/product_cat?post=7950"},{"taxonomy":"product_tag","embeddable":true,"href":"https:\/\/westapharma.com\/en\/wp-json\/wp\/v2\/product_tag?post=7950"}],"curies":[{"name":"wp","href":"https:\/\/api.w.org\/{rel}","templated":true}]}}