{"id":7952,"date":"2024-02-28T12:19:31","date_gmt":"2024-02-28T12:19:31","guid":{"rendered":"https:\/\/westapharma.com\/?post_type=product&#038;p=7952"},"modified":"2024-03-01T00:18:03","modified_gmt":"2024-03-01T00:18:03","slug":"ashivita","status":"publish","type":"product","link":"https:\/\/westapharma.com\/en\/product\/ashivita","title":{"rendered":"ASHIVITA"},"content":{"rendered":"<style type=\"text\/css\"><\/style><p>Vitamines et Min\u00e9raux enrichis en Acides Amin\u00e9s)<\/p>\n<p>Croissance et production<\/p>\n<p>COMPOSITION:<\/p>\n<p>Chaque 100 g contient:<\/p>\n<p>Vitamine A&#8230;.500 000 UI<\/p>\n<p>Vitamine D3&#8230;60 000 UI<\/p>\n<p>Vitamine E&#8230;1000 mg<\/p>\n<p>Vitamine K3 100 mg<\/p>\n<p>Acide folique 50 mg<\/p>\n<p>DL-Methionine 1000 mg<\/p>\n<p>Lysinechlorhydrate 2000 mg<\/p>\n<p>Vitamine C &#8230;&#8230;.1000 mg<\/p>\n<p>Mangan\u00e9se Sulfato &#8230;..4000 mg<\/p>\n<p>Vitamine B1&#8230;&#8230;&#8230; 200 mg<\/p>\n<p>Sulfate de zinc&#8230;.. 2496,4 mg<\/p>\n<p>Vitamine B2&#8230;.200 mg<\/p>\n<p>Sulfate ferreux&#8230;&#8230; 2237.1 mg<\/p>\n<p>Vitamine B6&#8230;..\u00a0200 mg<\/p>\n<p>Sulfate de cuivre 300 mg<\/p>\n<p>Vitamine B12&#8230;.500 mcg<\/p>\n<p>Sulfate de Cobalt &#8230;.10 mg<\/p>\n<p>D-Calcium<\/p>\n<p>Pantothenato 500 mg<\/p>\n<p>lodure de potassium 10 mg<\/p>\n<p>Nicotinamido 1500 mg<\/p>\n<p>Excipients,<\/p>\n<p>USAGE:<\/p>\n<p>\u2022 Renforce l&#8217;immunit\u00e9 pour lutter contre les maladies infectieuses<\/p>\n<p>\u2022 Aide \u00e0 maintenir la croissance et les performances de ponte des oiseaux<\/p>\n<p>\u2022 Aide \u00e0 r\u00e9pondre aux besoins nutritionnels pendant la croissance et la production Suppl\u00e9ments de vitamines, de min\u00e9raux et d&#8217;acides amin\u00e9s dans<\/p>\n<p>des conditions stressantes et en cas de carence \u2022 Corrige l&#8217;infertilit\u00e9 due \u00e0 une carence en vitamines et min\u00e9raux<\/p>\n<p>POSOLOGIE ET ADMINISTRATION:<\/p>\n<p>25-50 g pour 100 oiseaux dans l&#8217;eau potable. (La solution doit \u00eatre consomm\u00e9e dans les 24 heures)<\/p>\n<p>PR\u00c9SENTATION:<\/p>\n<p>Sachet de 100\u00a0g\u00a0&amp;\u00a0Pot\u00a0de\u00a01\u00a0Kg<\/p>","protected":false},"excerpt":{"rendered":"<p>Vitamines et Min\u00e9raux enrichis en Acides Amin\u00e9s) Croissance et production COMPOSITION: Chaque 100 g contient: Vitamine A&#8230;.500 000 UI Vitamine D3&#8230;60 000 UI Vitamine E&#8230;1000 mg Vitamine K3 100 mg Acide folique 50 mg DL-Methionine 1000 mg Lysinechlorhydrate 2000 mg Vitamine C &#8230;&#8230;.1000 mg Mangan\u00e9se Sulfato &#8230;..4000 mg Vitamine B1&#8230;&#8230;&#8230; 200 mg Sulfate de zinc&#8230;&#8230;..<\/p>","protected":false},"featured_media":7972,"comment_status":"open","ping_status":"closed","template":"","meta":{"_et_pb_use_builder":"","_et_pb_old_content":"","_et_gb_content_width":""},"product_cat":[49,91],"product_tag":[],"class_list":{"0":"post-7952","1":"product","2":"type-product","3":"status-publish","4":"has-post-thumbnail","6":"product_cat-sante-animale","7":"product_cat-volaille","9":"first","10":"instock","11":"shipping-taxable","12":"product-type-simple"},"yoast_head":"<!-- This site is optimized with the Yoast SEO plugin v21.7 - https:\/\/yoast.com\/wordpress\/plugins\/seo\/ -->\n<title>ASHIVITA - Westapharma<\/title>\n<meta name=\"robots\" content=\"index, follow, max-snippet:-1, max-image-preview:large, max-video-preview:-1\" \/>\n<link rel=\"canonical\" href=\"https:\/\/westapharma.com\/en\/product\/ashivita\/\" \/>\n<meta property=\"og:locale\" content=\"en_US\" \/>\n<meta property=\"og:type\" content=\"article\" \/>\n<meta property=\"og:title\" content=\"ASHIVITA - Westapharma\" \/>\n<meta property=\"og:description\" content=\"Vitamines et Min\u00e9raux enrichis en Acides Amin\u00e9s) Croissance et production COMPOSITION: Chaque 100 g contient: Vitamine A&#8230;.500 000 UI Vitamine D3&#8230;60 000 UI Vitamine E&#8230;1000 mg Vitamine K3 100 mg Acide folique 50 mg DL-Methionine 1000 mg Lysinechlorhydrate 2000 mg Vitamine C &#8230;&#8230;.1000 mg Mangan\u00e9se Sulfato &#8230;..4000 mg Vitamine B1&#8230;&#8230;&#8230; 200 mg Sulfate de zinc&#8230;.....\" \/>\n<meta property=\"og:url\" content=\"https:\/\/westapharma.com\/en\/product\/ashivita\/\" \/>\n<meta property=\"og:site_name\" content=\"Westapharma\" \/>\n<meta property=\"article:modified_time\" content=\"2024-03-01T00:18:03+00:00\" \/>\n<meta property=\"og:image\" content=\"https:\/\/westapharma.com\/wp-content\/uploads\/2024\/02\/ashivita.png\" \/>\n\t<meta property=\"og:image:width\" content=\"300\" \/>\n\t<meta property=\"og:image:height\" content=\"300\" \/>\n\t<meta property=\"og:image:type\" content=\"image\/png\" \/>\n<meta name=\"twitter:card\" content=\"summary_large_image\" \/>\n<meta name=\"twitter:label1\" content=\"Est. reading time\" \/>\n\t<meta name=\"twitter:data1\" content=\"2 minutes\" \/>\n<script type=\"application\/ld+json\" class=\"yoast-schema-graph\">{\"@context\":\"https:\/\/schema.org\",\"@graph\":[{\"@type\":\"WebPage\",\"@id\":\"https:\/\/westapharma.com\/product\/ashivita\/\",\"url\":\"https:\/\/westapharma.com\/product\/ashivita\/\",\"name\":\"ASHIVITA - Westapharma\",\"isPartOf\":{\"@id\":\"https:\/\/westapharma.com\/#website\"},\"datePublished\":\"2024-02-28T12:19:31+00:00\",\"dateModified\":\"2024-03-01T00:18:03+00:00\",\"breadcrumb\":{\"@id\":\"https:\/\/westapharma.com\/product\/ashivita\/#breadcrumb\"},\"inLanguage\":\"en-US\",\"potentialAction\":[{\"@type\":\"ReadAction\",\"target\":[\"https:\/\/westapharma.com\/product\/ashivita\/\"]}]},{\"@type\":\"BreadcrumbList\",\"@id\":\"https:\/\/westapharma.com\/product\/ashivita\/#breadcrumb\",\"itemListElement\":[{\"@type\":\"ListItem\",\"position\":1,\"name\":\"Home\",\"item\":\"https:\/\/westapharma.com\/\"},{\"@type\":\"ListItem\",\"position\":2,\"name\":\"ASHIVITA\"}]},{\"@type\":\"WebSite\",\"@id\":\"https:\/\/westapharma.com\/#website\",\"url\":\"https:\/\/westapharma.com\/\",\"name\":\"Westapharma\",\"description\":\"One Health\",\"publisher\":{\"@id\":\"https:\/\/westapharma.com\/#organization\"},\"potentialAction\":[{\"@type\":\"SearchAction\",\"target\":{\"@type\":\"EntryPoint\",\"urlTemplate\":\"https:\/\/westapharma.com\/?s={search_term_string}\"},\"query-input\":\"required name=search_term_string\"}],\"inLanguage\":\"en-US\"},{\"@type\":\"Organization\",\"@id\":\"https:\/\/westapharma.com\/#organization\",\"name\":\"Westapharma\",\"url\":\"https:\/\/westapharma.com\/\",\"logo\":{\"@type\":\"ImageObject\",\"inLanguage\":\"en-US\",\"@id\":\"https:\/\/westapharma.com\/#\/schema\/logo\/image\/\",\"url\":\"https:\/\/westapharma.com\/wp-content\/uploads\/2021\/10\/Logo-westapharma200.png\",\"contentUrl\":\"https:\/\/westapharma.com\/wp-content\/uploads\/2021\/10\/Logo-westapharma200.png\",\"width\":200,\"height\":200,\"caption\":\"Westapharma\"},\"image\":{\"@id\":\"https:\/\/westapharma.com\/#\/schema\/logo\/image\/\"}}]}<\/script>\n<!-- \/ Yoast SEO plugin. -->","yoast_head_json":{"title":"ASHIVITA - Westapharma","robots":{"index":"index","follow":"follow","max-snippet":"max-snippet:-1","max-image-preview":"max-image-preview:large","max-video-preview":"max-video-preview:-1"},"canonical":"https:\/\/westapharma.com\/en\/product\/ashivita\/","og_locale":"en_US","og_type":"article","og_title":"ASHIVITA - Westapharma","og_description":"Vitamines et Min\u00e9raux enrichis en Acides Amin\u00e9s) Croissance et production COMPOSITION: Chaque 100 g contient: Vitamine A&#8230;.500 000 UI Vitamine D3&#8230;60 000 UI Vitamine E&#8230;1000 mg Vitamine K3 100 mg Acide folique 50 mg DL-Methionine 1000 mg Lysinechlorhydrate 2000 mg Vitamine C &#8230;&#8230;.1000 mg Mangan\u00e9se Sulfato &#8230;..4000 mg Vitamine B1&#8230;&#8230;&#8230; 200 mg Sulfate de zinc&#8230;.....","og_url":"https:\/\/westapharma.com\/en\/product\/ashivita\/","og_site_name":"Westapharma","article_modified_time":"2024-03-01T00:18:03+00:00","og_image":[{"width":300,"height":300,"url":"https:\/\/westapharma.com\/wp-content\/uploads\/2024\/02\/ashivita.png","type":"image\/png"}],"twitter_card":"summary_large_image","twitter_misc":{"Est. reading time":"2 minutes"},"schema":{"@context":"https:\/\/schema.org","@graph":[{"@type":"WebPage","@id":"https:\/\/westapharma.com\/product\/ashivita\/","url":"https:\/\/westapharma.com\/product\/ashivita\/","name":"ASHIVITA - Westapharma","isPartOf":{"@id":"https:\/\/westapharma.com\/#website"},"datePublished":"2024-02-28T12:19:31+00:00","dateModified":"2024-03-01T00:18:03+00:00","breadcrumb":{"@id":"https:\/\/westapharma.com\/product\/ashivita\/#breadcrumb"},"inLanguage":"en-US","potentialAction":[{"@type":"ReadAction","target":["https:\/\/westapharma.com\/product\/ashivita\/"]}]},{"@type":"BreadcrumbList","@id":"https:\/\/westapharma.com\/product\/ashivita\/#breadcrumb","itemListElement":[{"@type":"ListItem","position":1,"name":"Home","item":"https:\/\/westapharma.com\/"},{"@type":"ListItem","position":2,"name":"ASHIVITA"}]},{"@type":"WebSite","@id":"https:\/\/westapharma.com\/#website","url":"https:\/\/westapharma.com\/","name":"Westapharma","description":"One Health","publisher":{"@id":"https:\/\/westapharma.com\/#organization"},"potentialAction":[{"@type":"SearchAction","target":{"@type":"EntryPoint","urlTemplate":"https:\/\/westapharma.com\/?s={search_term_string}"},"query-input":"required name=search_term_string"}],"inLanguage":"en-US"},{"@type":"Organization","@id":"https:\/\/westapharma.com\/#organization","name":"Westapharma","url":"https:\/\/westapharma.com\/","logo":{"@type":"ImageObject","inLanguage":"en-US","@id":"https:\/\/westapharma.com\/#\/schema\/logo\/image\/","url":"https:\/\/westapharma.com\/wp-content\/uploads\/2021\/10\/Logo-westapharma200.png","contentUrl":"https:\/\/westapharma.com\/wp-content\/uploads\/2021\/10\/Logo-westapharma200.png","width":200,"height":200,"caption":"Westapharma"},"image":{"@id":"https:\/\/westapharma.com\/#\/schema\/logo\/image\/"}}]}},"_links":{"self":[{"href":"https:\/\/westapharma.com\/en\/wp-json\/wp\/v2\/product\/7952","targetHints":{"allow":["GET"]}}],"collection":[{"href":"https:\/\/westapharma.com\/en\/wp-json\/wp\/v2\/product"}],"about":[{"href":"https:\/\/westapharma.com\/en\/wp-json\/wp\/v2\/types\/product"}],"replies":[{"embeddable":true,"href":"https:\/\/westapharma.com\/en\/wp-json\/wp\/v2\/comments?post=7952"}],"wp:featuredmedia":[{"embeddable":true,"href":"https:\/\/westapharma.com\/en\/wp-json\/wp\/v2\/media\/7972"}],"wp:attachment":[{"href":"https:\/\/westapharma.com\/en\/wp-json\/wp\/v2\/media?parent=7952"}],"wp:term":[{"taxonomy":"product_cat","embeddable":true,"href":"https:\/\/westapharma.com\/en\/wp-json\/wp\/v2\/product_cat?post=7952"},{"taxonomy":"product_tag","embeddable":true,"href":"https:\/\/westapharma.com\/en\/wp-json\/wp\/v2\/product_tag?post=7952"}],"curies":[{"name":"wp","href":"https:\/\/api.w.org\/{rel}","templated":true}]}}