{"id":7958,"date":"2024-02-29T16:30:00","date_gmt":"2024-02-29T16:30:00","guid":{"rendered":"https:\/\/westapharma.com\/?post_type=product&#038;p=7958"},"modified":"2024-03-01T00:16:21","modified_gmt":"2024-03-01T00:16:21","slug":"globion","status":"publish","type":"product","link":"https:\/\/westapharma.com\/en\/product\/globion","title":{"rendered":"GLOBION"},"content":{"rendered":"<style type=\"text\/css\"><\/style><p>R\u00e9sum\u00e9 des Caract\u00e9ristiques du Produit<\/p>\n<p>1. Nom du m\u00e9dicament v\u00e9t\u00e9rinaire<\/p>\n<p>Marque. Globivac NDK<\/p>\n<p>Nom g\u00e9n\u00e9rique\u00a0: Vaccin contre la maladie de Ranikhet (Newcastle), inactiv\u00e9, souche Lasota, \u00e9mulsion eau dans huile, LP<\/p>\n<p>2. Taille du paquet\u00a0: 1\u00a0000 doses conditionn\u00e9es dans des bouteilles en PEHD de 500\u00a0ml<\/p>\n<p>3. Composition qualitative et quantitative<\/p>\n<p>Chaque dose de 0,5 ml ne contient pas moins de SOPD de la maladie de Newcastle inactiv\u00e9e.<\/p>\n<p>virus, souche Lasota.<\/p>\n<p>Excipients : Muktavac 70<\/p>\n<p>4. Forme pharmaceutique<\/p>\n<p>\u00c9mulsion eau dans huile<\/p>\n<p>Aspect : \u00e9mulsion eau dans huile blanc pur ou blanc cass\u00e9<\/p>\n<p>5. Propri\u00e9t\u00e9s immunologiques<\/p>\n<p>Induit la production d&#8217;anticorps contre la maladie de Newcastle.<\/p>\n<p>6. D\u00e9tails cliniques<\/p>\n<p>6.0 Esp\u00e8ces cibles\u00a0: Poulets \u00e2g\u00e9s d&#8217;environ 16 \u00e0 20 semaines.<\/p>\n<p>6.1 Indications d&#8217;utilisation :<\/p>\n<p>Pour l&#8217;immunisation active contre l&#8217;infection par le virus de la maladie de Ranikhet (Newcastle) chez le poulet<\/p>\n<p>6.2 Contre-indications : Aucune r\u00e9action ind\u00e9sirable post-vaccination observ\u00e9e chez les oiseaux sains.<\/p>\n<p>6.3 Effets ind\u00e9sirables : Aucune r\u00e9action clinique \u00e0 la vaccination ne sera observ\u00e9e chez les oiseaux sains. Au site de vaccination, un l\u00e9ger gonflement peut \u00eatre observ\u00e9 apr\u00e8s quelques semaines de vaccination.<\/p>\n<p>5.4 Pr\u00e9cautions particuli\u00e8res d&#8217;emploi<\/p>\n<p>Vaccinez uniquement les oiseaux en bonne sant\u00e9.<\/p>\n<p>Les bouteilles ouvertes doivent \u00eatre utilis\u00e9es imm\u00e9diatement.<\/p>\n<p>Jetez toutes les bouteilles, bouchons et contenus inutilis\u00e9s usag\u00e9s en les br\u00fblant.<\/p>\n<p>Ne pas exposer le vaccin au soleil, \u00e0 la chaleur, aux d\u00e9sinfectants et aux d\u00e9tergents<\/p>\n<p>N&#8217;utilisez pas de bouteilles endommag\u00e9es.<\/p>\n<p>N&#8217;utilisez pas de mat\u00e9riel de vaccination non st\u00e9rilis\u00e9<\/p>\n<p>6.5 Utilisation pendant la pose : Peut \u00eatre utilis\u00e9 pendant\u00a0la\u00a0pose.<\/p>\n<p>6.6 Interactions avec d&#8217;autres m\u00e9dicaments v\u00e9t\u00e9rinaires et autres formes d&#8217;interaction<\/p>\n<p>Aucune information n&#8217;est disponible sur la compatibilit\u00e9 de ce produit avec un autre.<\/p>\n<p>6.7 Mode d&#8217;administration<\/p>\n<p>Laisser le vaccin atteindre la temp\u00e9rature ambiante (15-25\u00b0c) avant utilisation. Bien agiter<\/p>\n<p>avant l&#8217;administration du vaccin. Utilisez une aiguille st\u00e9rile de 18 \u00e0 20\u00a0G et injectez 0,5\u00a0ml par oiseau.<\/p>\n<p>soit par voie sous-cutan\u00e9e dans le bas de la nuque, soit par voie intramusculaire dans le muscle de la cuisse.<\/p>\n<p>6.8 Surdosage\u00a0: Un surdosage ne peut pas provoquer d&#8217;effets ind\u00e9sirables.<\/p>\n<p>6.9 Mises en garde particuli\u00e8res pour chaque esp\u00e8ce cible\u00a0: Aucune<\/p>\n<p>6.10 D\u00e9lai de r\u00e9tractation : Aucun.<\/p>\n<p>7. D\u00e9tails pharmaceutiques<\/p>\n<p>7.0 Incompatibilit\u00e9s (majeures)\u00a0: Lorsqu&#8217;il est utilis\u00e9 conform\u00e9ment aux instructions, aucune incompatibilit\u00e9 n&#8217;a \u00e9t\u00e9 signal\u00e9e.<\/p>\n<p>7.1 Dur\u00e9e de conservation : 24 mois<\/p>\n<p>7.2 Pr\u00e9cautions particuli\u00e8res de conservation : Conserver dans un endroit sombre entre 2\u00ba et 8\u00b0c. Ne pas congeler.<\/p>\n<p>7.3 Nature du contenant<\/p>\n<p>500 ml (1 000 doses) d&#8217;\u00e9mulsion eau dans huile sont vers\u00e9s dans un poly\u00e9thyl\u00e8ne haute densit\u00e9<\/p>\n<p>Bouteille<\/p>\n<p>7.4. Pr\u00e9cautions particuli\u00e8res pour l&#8217;\u00e9limination des m\u00e9dicaments v\u00e9t\u00e9rinaires non utilis\u00e9s ou<\/p>\n<p>d\u00e9chets d\u00e9riv\u00e9s de l&#8217;utilisation de ces produits, le cas \u00e9ch\u00e9ant. Tout m\u00e9dicament v\u00e9t\u00e9rinaire non utilis\u00e9 ou tout d\u00e9chet d\u00e9riv\u00e9 de ces m\u00e9dicaments v\u00e9t\u00e9rinaires doit \u00eatre \u00e9limin\u00e9 conform\u00e9ment aux exigences locales.<\/p>\n<p>8. Titulaire de l\u2019autorisation de mise sur le march\u00e9\u00a0:<\/p>\n<p>Globion Inde Pvt Ltd.,<\/p>\n<p>D. N\u00b0 4-3. Enqu\u00eate n\u00b0 321, Biotech Park Phase-III,<\/p>\n<p>Village de Karkapatia, Markook Mandal,<\/p>\n<p>Derrict de Sidoipet, Telangana-502281, Inde<\/p>\n<p>Num\u00e9ro(s) d&#8217;autorisation de mise sur le march\u00e9\u00a0: Licence de fabrication sous forme 26H portant le num\u00e9ro\u00a0:<\/p>\n<p>20\/MD\/AP\/2010\/V\/R Du : 07.07.2020 valable jusqu&#8217;au\u00a0:\u00a006.07.2025<\/p>","protected":false},"excerpt":{"rendered":"<p>R\u00e9sum\u00e9 des Caract\u00e9ristiques du Produit 1. Nom du m\u00e9dicament v\u00e9t\u00e9rinaire Marque. Globivac NDK Nom g\u00e9n\u00e9rique\u00a0: Vaccin contre la maladie de Ranikhet (Newcastle), inactiv\u00e9, souche Lasota, \u00e9mulsion eau dans huile, LP 2. Taille du paquet\u00a0: 1\u00a0000 doses conditionn\u00e9es dans des bouteilles en PEHD de 500\u00a0ml 3. Composition qualitative et quantitative Chaque dose de 0,5 ml ne&#8230;<\/p>","protected":false},"featured_media":7971,"comment_status":"open","ping_status":"closed","template":"","meta":{"_et_pb_use_builder":"","_et_pb_old_content":"","_et_gb_content_width":""},"product_cat":[50,49,51],"product_tag":[],"class_list":{"0":"post-7958","1":"product","2":"type-product","3":"status-publish","4":"has-post-thumbnail","6":"product_cat-ruminant","7":"product_cat-sante-animale","8":"product_cat-voie-orale","10":"first","11":"instock","12":"shipping-taxable","13":"product-type-simple"},"yoast_head":"<!-- This site is optimized with the Yoast SEO plugin v21.7 - https:\/\/yoast.com\/wordpress\/plugins\/seo\/ -->\n<title>GLOBION - Westapharma<\/title>\n<meta name=\"robots\" content=\"index, follow, max-snippet:-1, max-image-preview:large, max-video-preview:-1\" \/>\n<link rel=\"canonical\" href=\"https:\/\/westapharma.com\/en\/product\/globion\/\" \/>\n<meta property=\"og:locale\" content=\"en_US\" \/>\n<meta property=\"og:type\" content=\"article\" \/>\n<meta property=\"og:title\" content=\"GLOBION - Westapharma\" \/>\n<meta property=\"og:description\" content=\"R\u00e9sum\u00e9 des Caract\u00e9ristiques du Produit 1. Nom du m\u00e9dicament v\u00e9t\u00e9rinaire Marque. Globivac NDK Nom g\u00e9n\u00e9rique\u00a0: Vaccin contre la maladie de Ranikhet (Newcastle), inactiv\u00e9, souche Lasota, \u00e9mulsion eau dans huile, LP 2. Taille du paquet\u00a0: 1\u00a0000 doses conditionn\u00e9es dans des bouteilles en PEHD de 500\u00a0ml 3. Composition qualitative et quantitative Chaque dose de 0,5 ml ne...\" \/>\n<meta property=\"og:url\" content=\"https:\/\/westapharma.com\/en\/product\/globion\/\" \/>\n<meta property=\"og:site_name\" content=\"Westapharma\" \/>\n<meta property=\"article:modified_time\" content=\"2024-03-01T00:16:21+00:00\" \/>\n<meta property=\"og:image\" content=\"https:\/\/westapharma.com\/wp-content\/uploads\/2024\/02\/globion.png\" \/>\n\t<meta property=\"og:image:width\" content=\"300\" \/>\n\t<meta property=\"og:image:height\" content=\"300\" \/>\n\t<meta property=\"og:image:type\" content=\"image\/png\" \/>\n<meta name=\"twitter:card\" content=\"summary_large_image\" \/>\n<meta name=\"twitter:label1\" content=\"Est. reading time\" \/>\n\t<meta name=\"twitter:data1\" content=\"3 minutes\" \/>\n<script type=\"application\/ld+json\" class=\"yoast-schema-graph\">{\"@context\":\"https:\/\/schema.org\",\"@graph\":[{\"@type\":\"WebPage\",\"@id\":\"https:\/\/westapharma.com\/product\/globion\/\",\"url\":\"https:\/\/westapharma.com\/product\/globion\/\",\"name\":\"GLOBION - Westapharma\",\"isPartOf\":{\"@id\":\"https:\/\/westapharma.com\/#website\"},\"datePublished\":\"2024-02-29T16:30:00+00:00\",\"dateModified\":\"2024-03-01T00:16:21+00:00\",\"breadcrumb\":{\"@id\":\"https:\/\/westapharma.com\/product\/globion\/#breadcrumb\"},\"inLanguage\":\"en-US\",\"potentialAction\":[{\"@type\":\"ReadAction\",\"target\":[\"https:\/\/westapharma.com\/product\/globion\/\"]}]},{\"@type\":\"BreadcrumbList\",\"@id\":\"https:\/\/westapharma.com\/product\/globion\/#breadcrumb\",\"itemListElement\":[{\"@type\":\"ListItem\",\"position\":1,\"name\":\"Home\",\"item\":\"https:\/\/westapharma.com\/\"},{\"@type\":\"ListItem\",\"position\":2,\"name\":\"GLOBION\"}]},{\"@type\":\"WebSite\",\"@id\":\"https:\/\/westapharma.com\/#website\",\"url\":\"https:\/\/westapharma.com\/\",\"name\":\"Westapharma\",\"description\":\"One Health\",\"publisher\":{\"@id\":\"https:\/\/westapharma.com\/#organization\"},\"potentialAction\":[{\"@type\":\"SearchAction\",\"target\":{\"@type\":\"EntryPoint\",\"urlTemplate\":\"https:\/\/westapharma.com\/?s={search_term_string}\"},\"query-input\":\"required name=search_term_string\"}],\"inLanguage\":\"en-US\"},{\"@type\":\"Organization\",\"@id\":\"https:\/\/westapharma.com\/#organization\",\"name\":\"Westapharma\",\"url\":\"https:\/\/westapharma.com\/\",\"logo\":{\"@type\":\"ImageObject\",\"inLanguage\":\"en-US\",\"@id\":\"https:\/\/westapharma.com\/#\/schema\/logo\/image\/\",\"url\":\"https:\/\/westapharma.com\/wp-content\/uploads\/2021\/10\/Logo-westapharma200.png\",\"contentUrl\":\"https:\/\/westapharma.com\/wp-content\/uploads\/2021\/10\/Logo-westapharma200.png\",\"width\":200,\"height\":200,\"caption\":\"Westapharma\"},\"image\":{\"@id\":\"https:\/\/westapharma.com\/#\/schema\/logo\/image\/\"}}]}<\/script>\n<!-- \/ Yoast SEO plugin. -->","yoast_head_json":{"title":"GLOBION - Westapharma","robots":{"index":"index","follow":"follow","max-snippet":"max-snippet:-1","max-image-preview":"max-image-preview:large","max-video-preview":"max-video-preview:-1"},"canonical":"https:\/\/westapharma.com\/en\/product\/globion\/","og_locale":"en_US","og_type":"article","og_title":"GLOBION - Westapharma","og_description":"R\u00e9sum\u00e9 des Caract\u00e9ristiques du Produit 1. Nom du m\u00e9dicament v\u00e9t\u00e9rinaire Marque. Globivac NDK Nom g\u00e9n\u00e9rique\u00a0: Vaccin contre la maladie de Ranikhet (Newcastle), inactiv\u00e9, souche Lasota, \u00e9mulsion eau dans huile, LP 2. Taille du paquet\u00a0: 1\u00a0000 doses conditionn\u00e9es dans des bouteilles en PEHD de 500\u00a0ml 3. Composition qualitative et quantitative Chaque dose de 0,5 ml ne...","og_url":"https:\/\/westapharma.com\/en\/product\/globion\/","og_site_name":"Westapharma","article_modified_time":"2024-03-01T00:16:21+00:00","og_image":[{"width":300,"height":300,"url":"https:\/\/westapharma.com\/wp-content\/uploads\/2024\/02\/globion.png","type":"image\/png"}],"twitter_card":"summary_large_image","twitter_misc":{"Est. reading time":"3 minutes"},"schema":{"@context":"https:\/\/schema.org","@graph":[{"@type":"WebPage","@id":"https:\/\/westapharma.com\/product\/globion\/","url":"https:\/\/westapharma.com\/product\/globion\/","name":"GLOBION - Westapharma","isPartOf":{"@id":"https:\/\/westapharma.com\/#website"},"datePublished":"2024-02-29T16:30:00+00:00","dateModified":"2024-03-01T00:16:21+00:00","breadcrumb":{"@id":"https:\/\/westapharma.com\/product\/globion\/#breadcrumb"},"inLanguage":"en-US","potentialAction":[{"@type":"ReadAction","target":["https:\/\/westapharma.com\/product\/globion\/"]}]},{"@type":"BreadcrumbList","@id":"https:\/\/westapharma.com\/product\/globion\/#breadcrumb","itemListElement":[{"@type":"ListItem","position":1,"name":"Home","item":"https:\/\/westapharma.com\/"},{"@type":"ListItem","position":2,"name":"GLOBION"}]},{"@type":"WebSite","@id":"https:\/\/westapharma.com\/#website","url":"https:\/\/westapharma.com\/","name":"Westapharma","description":"One Health","publisher":{"@id":"https:\/\/westapharma.com\/#organization"},"potentialAction":[{"@type":"SearchAction","target":{"@type":"EntryPoint","urlTemplate":"https:\/\/westapharma.com\/?s={search_term_string}"},"query-input":"required name=search_term_string"}],"inLanguage":"en-US"},{"@type":"Organization","@id":"https:\/\/westapharma.com\/#organization","name":"Westapharma","url":"https:\/\/westapharma.com\/","logo":{"@type":"ImageObject","inLanguage":"en-US","@id":"https:\/\/westapharma.com\/#\/schema\/logo\/image\/","url":"https:\/\/westapharma.com\/wp-content\/uploads\/2021\/10\/Logo-westapharma200.png","contentUrl":"https:\/\/westapharma.com\/wp-content\/uploads\/2021\/10\/Logo-westapharma200.png","width":200,"height":200,"caption":"Westapharma"},"image":{"@id":"https:\/\/westapharma.com\/#\/schema\/logo\/image\/"}}]}},"_links":{"self":[{"href":"https:\/\/westapharma.com\/en\/wp-json\/wp\/v2\/product\/7958","targetHints":{"allow":["GET"]}}],"collection":[{"href":"https:\/\/westapharma.com\/en\/wp-json\/wp\/v2\/product"}],"about":[{"href":"https:\/\/westapharma.com\/en\/wp-json\/wp\/v2\/types\/product"}],"replies":[{"embeddable":true,"href":"https:\/\/westapharma.com\/en\/wp-json\/wp\/v2\/comments?post=7958"}],"wp:featuredmedia":[{"embeddable":true,"href":"https:\/\/westapharma.com\/en\/wp-json\/wp\/v2\/media\/7971"}],"wp:attachment":[{"href":"https:\/\/westapharma.com\/en\/wp-json\/wp\/v2\/media?parent=7958"}],"wp:term":[{"taxonomy":"product_cat","embeddable":true,"href":"https:\/\/westapharma.com\/en\/wp-json\/wp\/v2\/product_cat?post=7958"},{"taxonomy":"product_tag","embeddable":true,"href":"https:\/\/westapharma.com\/en\/wp-json\/wp\/v2\/product_tag?post=7958"}],"curies":[{"name":"wp","href":"https:\/\/api.w.org\/{rel}","templated":true}]}}