{"id":7960,"date":"2024-02-29T16:59:51","date_gmt":"2024-02-29T16:59:51","guid":{"rendered":"https:\/\/westapharma.com\/?post_type=product&#038;p=7960"},"modified":"2024-03-01T00:14:45","modified_gmt":"2024-03-01T00:14:45","slug":"globivac","status":"publish","type":"product","link":"https:\/\/westapharma.com\/en\/product\/globivac","title":{"rendered":"GLOBIVAC NDK"},"content":{"rendered":"<style type=\"text\/css\"><\/style><p><strong>DESCRIPTION <\/strong><\/p>\n<p>Globi Vac\u00ae NDK est un vaccin inactiv\u00e9 en \u00e9mulsion eau dans huile contenant la souche LaSota du virus de la maladie de Newcastle.<\/p>\n<p><strong>Composition<\/strong> :<\/p>\n<p>Chaque dose de 0,5 mL contient NLT 50 PD50 du virus inactiv\u00e9 de la maladie de Newcastle (ND), souche LaSota.<\/p>\n<p><strong>Indication<\/strong><\/p>\n<p>Pour l&#8217;immunisation active des poulets contre la maladie de Ranikhet (Newcastle) et pour r\u00e9duire les pertes de performances. Laisser le vaccin atteindre la temp\u00e9rature ambiante (15\u00ba \u00e0 25\u00b0C) avant utilisation.<\/p>\n<p><strong>Mode d&#8217;administration :<\/strong><\/p>\n<p>Laisser le vaccin atteindre la temp\u00e9rature ambiante (15 \u00e0 25\u00b0c ) avant l&#8217;utilisation.\u00a0Bien agiter avant et par intermittence pendant l&#8217;administration du vaccin. Utilisez une aiguille st\u00e9rile 18-20G et injectez soit par voie sous-cutan\u00e9e dans le bas de la nuque, soit par voie intramusculaire dans la r\u00e9gion de la cuisse.Conserver dans un endroit sombre entre +2\u00b0C et +8\u00b0C. Prot\u00e9ger du soleil. Ne pas congeler.<\/p>\n<p>Les doses de GlobiVac\u00ae NDK 1000 sont conditionn\u00e9es dans des flacons en PEHD de 500 mL. Ou 100 doses sont conditionn\u00e9es dans des flacons\u00a0HDPE\u00a0de\u00a00,5\u00a0ml.<\/p>","protected":false},"excerpt":{"rendered":"<p>DESCRIPTION Globi Vac\u00ae NDK est un vaccin inactiv\u00e9 en \u00e9mulsion eau dans huile contenant la souche LaSota du virus de la maladie de Newcastle. Composition : Chaque dose de 0,5 mL contient NLT 50 PD50 du virus inactiv\u00e9 de la maladie de Newcastle (ND), souche LaSota. Indication Pour l&#8217;immunisation active des poulets contre la maladie&#8230;<\/p>","protected":false},"featured_media":7970,"comment_status":"open","ping_status":"closed","template":"","meta":{"_et_pb_use_builder":"","_et_pb_old_content":"","_et_gb_content_width":""},"product_cat":[49,91],"product_tag":[],"class_list":{"0":"post-7960","1":"product","2":"type-product","3":"status-publish","4":"has-post-thumbnail","6":"product_cat-sante-animale","7":"product_cat-volaille","9":"first","10":"instock","11":"shipping-taxable","12":"product-type-simple"},"yoast_head":"<!-- This site is optimized with the Yoast SEO plugin v21.7 - https:\/\/yoast.com\/wordpress\/plugins\/seo\/ -->\n<title>GLOBIVAC NDK - Westapharma<\/title>\n<meta name=\"robots\" content=\"index, follow, max-snippet:-1, max-image-preview:large, max-video-preview:-1\" \/>\n<link rel=\"canonical\" href=\"https:\/\/westapharma.com\/en\/product\/globivac\/\" \/>\n<meta property=\"og:locale\" content=\"en_US\" \/>\n<meta property=\"og:type\" content=\"article\" \/>\n<meta property=\"og:title\" content=\"GLOBIVAC NDK - Westapharma\" \/>\n<meta property=\"og:description\" content=\"DESCRIPTION Globi Vac\u00ae NDK est un vaccin inactiv\u00e9 en \u00e9mulsion eau dans huile contenant la souche LaSota du virus de la maladie de Newcastle. Composition : Chaque dose de 0,5 mL contient NLT 50 PD50 du virus inactiv\u00e9 de la maladie de Newcastle (ND), souche LaSota. Indication Pour l&#8217;immunisation active des poulets contre la maladie...\" \/>\n<meta property=\"og:url\" content=\"https:\/\/westapharma.com\/en\/product\/globivac\/\" \/>\n<meta property=\"og:site_name\" content=\"Westapharma\" \/>\n<meta property=\"article:modified_time\" content=\"2024-03-01T00:14:45+00:00\" \/>\n<meta property=\"og:image\" content=\"https:\/\/westapharma.com\/wp-content\/uploads\/2024\/02\/globivac1000.png\" \/>\n\t<meta property=\"og:image:width\" content=\"300\" \/>\n\t<meta property=\"og:image:height\" content=\"300\" \/>\n\t<meta property=\"og:image:type\" content=\"image\/png\" \/>\n<meta name=\"twitter:card\" content=\"summary_large_image\" \/>\n<meta name=\"twitter:label1\" content=\"Est. reading time\" \/>\n\t<meta name=\"twitter:data1\" content=\"2 minutes\" \/>\n<script type=\"application\/ld+json\" class=\"yoast-schema-graph\">{\"@context\":\"https:\/\/schema.org\",\"@graph\":[{\"@type\":\"WebPage\",\"@id\":\"https:\/\/westapharma.com\/product\/globivac\/\",\"url\":\"https:\/\/westapharma.com\/product\/globivac\/\",\"name\":\"GLOBIVAC NDK - Westapharma\",\"isPartOf\":{\"@id\":\"https:\/\/westapharma.com\/#website\"},\"datePublished\":\"2024-02-29T16:59:51+00:00\",\"dateModified\":\"2024-03-01T00:14:45+00:00\",\"breadcrumb\":{\"@id\":\"https:\/\/westapharma.com\/product\/globivac\/#breadcrumb\"},\"inLanguage\":\"en-US\",\"potentialAction\":[{\"@type\":\"ReadAction\",\"target\":[\"https:\/\/westapharma.com\/product\/globivac\/\"]}]},{\"@type\":\"BreadcrumbList\",\"@id\":\"https:\/\/westapharma.com\/product\/globivac\/#breadcrumb\",\"itemListElement\":[{\"@type\":\"ListItem\",\"position\":1,\"name\":\"Home\",\"item\":\"https:\/\/westapharma.com\/\"},{\"@type\":\"ListItem\",\"position\":2,\"name\":\"GLOBIVAC NDK\"}]},{\"@type\":\"WebSite\",\"@id\":\"https:\/\/westapharma.com\/#website\",\"url\":\"https:\/\/westapharma.com\/\",\"name\":\"Westapharma\",\"description\":\"One Health\",\"publisher\":{\"@id\":\"https:\/\/westapharma.com\/#organization\"},\"potentialAction\":[{\"@type\":\"SearchAction\",\"target\":{\"@type\":\"EntryPoint\",\"urlTemplate\":\"https:\/\/westapharma.com\/?s={search_term_string}\"},\"query-input\":\"required name=search_term_string\"}],\"inLanguage\":\"en-US\"},{\"@type\":\"Organization\",\"@id\":\"https:\/\/westapharma.com\/#organization\",\"name\":\"Westapharma\",\"url\":\"https:\/\/westapharma.com\/\",\"logo\":{\"@type\":\"ImageObject\",\"inLanguage\":\"en-US\",\"@id\":\"https:\/\/westapharma.com\/#\/schema\/logo\/image\/\",\"url\":\"https:\/\/westapharma.com\/wp-content\/uploads\/2021\/10\/Logo-westapharma200.png\",\"contentUrl\":\"https:\/\/westapharma.com\/wp-content\/uploads\/2021\/10\/Logo-westapharma200.png\",\"width\":200,\"height\":200,\"caption\":\"Westapharma\"},\"image\":{\"@id\":\"https:\/\/westapharma.com\/#\/schema\/logo\/image\/\"}}]}<\/script>\n<!-- \/ Yoast SEO plugin. -->","yoast_head_json":{"title":"GLOBIVAC NDK - Westapharma","robots":{"index":"index","follow":"follow","max-snippet":"max-snippet:-1","max-image-preview":"max-image-preview:large","max-video-preview":"max-video-preview:-1"},"canonical":"https:\/\/westapharma.com\/en\/product\/globivac\/","og_locale":"en_US","og_type":"article","og_title":"GLOBIVAC NDK - Westapharma","og_description":"DESCRIPTION Globi Vac\u00ae NDK est un vaccin inactiv\u00e9 en \u00e9mulsion eau dans huile contenant la souche LaSota du virus de la maladie de Newcastle. Composition : Chaque dose de 0,5 mL contient NLT 50 PD50 du virus inactiv\u00e9 de la maladie de Newcastle (ND), souche LaSota. Indication Pour l&#8217;immunisation active des poulets contre la maladie...","og_url":"https:\/\/westapharma.com\/en\/product\/globivac\/","og_site_name":"Westapharma","article_modified_time":"2024-03-01T00:14:45+00:00","og_image":[{"width":300,"height":300,"url":"https:\/\/westapharma.com\/wp-content\/uploads\/2024\/02\/globivac1000.png","type":"image\/png"}],"twitter_card":"summary_large_image","twitter_misc":{"Est. reading time":"2 minutes"},"schema":{"@context":"https:\/\/schema.org","@graph":[{"@type":"WebPage","@id":"https:\/\/westapharma.com\/product\/globivac\/","url":"https:\/\/westapharma.com\/product\/globivac\/","name":"GLOBIVAC NDK - Westapharma","isPartOf":{"@id":"https:\/\/westapharma.com\/#website"},"datePublished":"2024-02-29T16:59:51+00:00","dateModified":"2024-03-01T00:14:45+00:00","breadcrumb":{"@id":"https:\/\/westapharma.com\/product\/globivac\/#breadcrumb"},"inLanguage":"en-US","potentialAction":[{"@type":"ReadAction","target":["https:\/\/westapharma.com\/product\/globivac\/"]}]},{"@type":"BreadcrumbList","@id":"https:\/\/westapharma.com\/product\/globivac\/#breadcrumb","itemListElement":[{"@type":"ListItem","position":1,"name":"Home","item":"https:\/\/westapharma.com\/"},{"@type":"ListItem","position":2,"name":"GLOBIVAC NDK"}]},{"@type":"WebSite","@id":"https:\/\/westapharma.com\/#website","url":"https:\/\/westapharma.com\/","name":"Westapharma","description":"One Health","publisher":{"@id":"https:\/\/westapharma.com\/#organization"},"potentialAction":[{"@type":"SearchAction","target":{"@type":"EntryPoint","urlTemplate":"https:\/\/westapharma.com\/?s={search_term_string}"},"query-input":"required name=search_term_string"}],"inLanguage":"en-US"},{"@type":"Organization","@id":"https:\/\/westapharma.com\/#organization","name":"Westapharma","url":"https:\/\/westapharma.com\/","logo":{"@type":"ImageObject","inLanguage":"en-US","@id":"https:\/\/westapharma.com\/#\/schema\/logo\/image\/","url":"https:\/\/westapharma.com\/wp-content\/uploads\/2021\/10\/Logo-westapharma200.png","contentUrl":"https:\/\/westapharma.com\/wp-content\/uploads\/2021\/10\/Logo-westapharma200.png","width":200,"height":200,"caption":"Westapharma"},"image":{"@id":"https:\/\/westapharma.com\/#\/schema\/logo\/image\/"}}]}},"_links":{"self":[{"href":"https:\/\/westapharma.com\/en\/wp-json\/wp\/v2\/product\/7960","targetHints":{"allow":["GET"]}}],"collection":[{"href":"https:\/\/westapharma.com\/en\/wp-json\/wp\/v2\/product"}],"about":[{"href":"https:\/\/westapharma.com\/en\/wp-json\/wp\/v2\/types\/product"}],"replies":[{"embeddable":true,"href":"https:\/\/westapharma.com\/en\/wp-json\/wp\/v2\/comments?post=7960"}],"wp:featuredmedia":[{"embeddable":true,"href":"https:\/\/westapharma.com\/en\/wp-json\/wp\/v2\/media\/7970"}],"wp:attachment":[{"href":"https:\/\/westapharma.com\/en\/wp-json\/wp\/v2\/media?parent=7960"}],"wp:term":[{"taxonomy":"product_cat","embeddable":true,"href":"https:\/\/westapharma.com\/en\/wp-json\/wp\/v2\/product_cat?post=7960"},{"taxonomy":"product_tag","embeddable":true,"href":"https:\/\/westapharma.com\/en\/wp-json\/wp\/v2\/product_tag?post=7960"}],"curies":[{"name":"wp","href":"https:\/\/api.w.org\/{rel}","templated":true}]}}