{"id":7964,"date":"2024-02-29T17:16:26","date_gmt":"2024-02-29T17:16:26","guid":{"rendered":"https:\/\/westapharma.com\/?post_type=product&#038;p=7964"},"modified":"2024-03-01T00:12:55","modified_gmt":"2024-03-01T00:12:55","slug":"globivac-ndk","status":"publish","type":"product","link":"https:\/\/westapharma.com\/en\/product\/globivac-ndk","title":{"rendered":"GLOBIVAC NDK"},"content":{"rendered":"<style type=\"text\/css\"><\/style><p><strong>Description<\/strong>: GlobalVaskest on vaccin inactive en muon hutute contenant la couche LaSota du virus de la maladie de Newcastle<\/p>\n<p><strong>Composition<\/strong>: Chaqur dose de 0.5 ml contient NLT 600PSO du virus de la maladie de Newcastle (NI) inactive, souche Lasota<\/p>\n<p><strong>Stockage<\/strong>: Conserver \u00e0 l&#8217;abri de la lumi\u00e8re entre 2&#8243;Cet +8\u00b0C. Prot\u00e9ger du soleil. Ne pas laisser congeler.<\/p>\n<p><strong>Emballage<\/strong>: GlebiVac NDK 100 doses est conditionn\u00e9 en flacons Poly-Ethyl\u00e8ne-Haute-Densit\u00e9 de 50 ml<\/p>\n<p><strong>Indications<\/strong>: Pour Femmunisation ective des volailles contre la maladie de Newcastle et pour r\u00e9duire les pertes de performance .<\/p>\n<p><strong>Calendrier de vaccination<\/strong> : Consultez votre v\u00e9t\u00e9rinaire pour connaitre le programme de vaccination appropri\u00e9<\/p>\n<p>Dosage: 0.5 ml par oiseau<\/p>\n<p><strong>Mode d&#8217;administration<\/strong>: Laisser le vaccin atteindre la temp\u00e9rature ambiante (15\u00b0 \u00e0 25\u00b0C) avant utilisation. Bien agiter et par intermittence avant Fadministration du vaccin. Utilisez une aiguille de 18-200 st\u00e9rile et injectez par voie sous-cutan\u00e9e dans le has du cou ou par voie intramusculaire dans la r\u00e9gion de la cuisse<\/p>\n<p><strong>Delai d&#8217;attente<\/strong>: Aucun<\/p>\n<p><strong>Contre-indications:<\/strong> Aucune r\u00e9action ind\u00e9sirable post-vaccinale observ\u00e9e chez les oiseaux vaccin\u0117s.<\/p>\n<p><strong>Pr\u00e9cautions et avertissements:<\/strong><\/p>\n<p>Nexposez pas le vaccin \u00e0 la lumi\u00e8re du soleil, \u00e0 la chaleur, aux d\u00e9sinfectants et aux d\u00e9tergents.<\/p>\n<p>Ne pas utiliser en cas de rupture d&#8217;\u00e9mulsion<\/p>\n<p>Ne pas utiliser de bouteilles endommag\u00e9es.<\/p>\n<p>Ne pas utiliser de mat\u00e9riel de vaccination non st\u00e9rilis\u00e9.<\/p>\n<p>En cas d&#8217;injection accidentelle \u00e0 un \u00eatre humain, une attention m\u00e9dicale imm\u00e9diate est requise, prendre soin d&#8217;informer le<\/p>\n<p>m\u00e9decin que le vaccin est une \u00e9mulsion huileuze.<\/p>\n<p>Les flacons ouverts doivent \u00eatre utilis\u00e9s imm\u00e9diatement.<\/p>\n<p>Ne vaccinez que des oiseaux en bonne sant\u00e9, qui ont atteint le poids corporel et le groupe d&#8217;\u00e2ge recommand\u00e9s. Jetez tous les flacons, bouchons et contenus inutilis\u00e9s en les br\u00fblant.<\/p>\n<p><strong>Interactions avec d&#8217;autres m\u00e9dicaments et autres formes d&#8217;interactions:<\/strong> Ne pas administrer en<\/p>\n<p>association avec d&#8217;autres vaccins, sauf indication contraire.<\/p>\n<p><strong>Effets ind\u00e9sirables\/effets secondaires\/r\u00e9action au vaccin:<\/strong><\/p>\n<p>Aucune r\u00e9action clinique \u00e0 la vaccination ne sera observ\u00e9e chez les oiseaux cains. Au site de vaccination, un l\u00e9ger gonflement peut \u00eatre observ\u00e9 apr\u00e8s quelques semaines de vaccination.<\/p>\n<p><strong>Antidote en cas de surdosage:<\/strong> un surdosage peut ne pas provoquer d&#8217;effets ind\u00e9sirables<\/p>\n<p><strong>Liste des excipients:<\/strong> Polyvac 70.<\/p>\n<p><strong>Incompatibilit\u00e9s<\/strong>: Lorsqu&#8217;il est utilis\u00e9 conform\u00e9ment aux instructions, aucune incompatibilit\u00e9 signal\u00e9e<\/p>\n<p><strong>Utilisation pendant la ponte<\/strong>: Peut \u00eatre utilis\u00e9 pendant la ponte.<\/p>\n<p><strong>Dur\u00e9e de conservation:<\/strong>\u00a024\u00a0mois<\/p>","protected":false},"excerpt":{"rendered":"<p>Description: GlobalVaskest on vaccin inactive en muon hutute contenant la couche LaSota du virus de la maladie de Newcastle Composition: Chaqur dose de 0.5 ml contient NLT 600PSO du virus de la maladie de Newcastle (NI) inactive, souche Lasota Stockage: Conserver \u00e0 l&#8217;abri de la lumi\u00e8re entre 2&#8243;Cet +8\u00b0C. Prot\u00e9ger du soleil. Ne pas laisser&#8230;<\/p>","protected":false},"featured_media":7969,"comment_status":"open","ping_status":"closed","template":"","meta":{"_et_pb_use_builder":"","_et_pb_old_content":"","_et_gb_content_width":""},"product_cat":[49,91],"product_tag":[],"class_list":{"0":"post-7964","1":"product","2":"type-product","3":"status-publish","4":"has-post-thumbnail","6":"product_cat-sante-animale","7":"product_cat-volaille","9":"first","10":"instock","11":"shipping-taxable","12":"product-type-simple"},"yoast_head":"<!-- This site is optimized with the Yoast SEO plugin v21.7 - https:\/\/yoast.com\/wordpress\/plugins\/seo\/ -->\n<title>GLOBIVAC NDK - Westapharma<\/title>\n<meta name=\"robots\" content=\"index, follow, max-snippet:-1, max-image-preview:large, max-video-preview:-1\" \/>\n<link rel=\"canonical\" href=\"https:\/\/westapharma.com\/en\/product\/globivac-ndk\/\" \/>\n<meta property=\"og:locale\" content=\"en_US\" \/>\n<meta property=\"og:type\" content=\"article\" \/>\n<meta property=\"og:title\" content=\"GLOBIVAC NDK - Westapharma\" \/>\n<meta property=\"og:description\" content=\"Description: GlobalVaskest on vaccin inactive en muon hutute contenant la couche LaSota du virus de la maladie de Newcastle Composition: Chaqur dose de 0.5 ml contient NLT 600PSO du virus de la maladie de Newcastle (NI) inactive, souche Lasota Stockage: Conserver \u00e0 l&#8217;abri de la lumi\u00e8re entre 2&#8243;Cet +8\u00b0C. Prot\u00e9ger du soleil. Ne pas laisser...\" \/>\n<meta property=\"og:url\" content=\"https:\/\/westapharma.com\/en\/product\/globivac-ndk\/\" \/>\n<meta property=\"og:site_name\" content=\"Westapharma\" \/>\n<meta property=\"article:modified_time\" content=\"2024-03-01T00:12:55+00:00\" \/>\n<meta property=\"og:image\" content=\"https:\/\/westapharma.com\/wp-content\/uploads\/2024\/02\/globivac100.png\" \/>\n\t<meta property=\"og:image:width\" content=\"300\" \/>\n\t<meta property=\"og:image:height\" content=\"300\" \/>\n\t<meta property=\"og:image:type\" content=\"image\/png\" \/>\n<meta name=\"twitter:card\" content=\"summary_large_image\" \/>\n<meta name=\"twitter:label1\" content=\"Est. reading time\" \/>\n\t<meta name=\"twitter:data1\" content=\"3 minutes\" \/>\n<script type=\"application\/ld+json\" class=\"yoast-schema-graph\">{\"@context\":\"https:\/\/schema.org\",\"@graph\":[{\"@type\":\"WebPage\",\"@id\":\"https:\/\/westapharma.com\/product\/globivac-ndk\/\",\"url\":\"https:\/\/westapharma.com\/product\/globivac-ndk\/\",\"name\":\"GLOBIVAC NDK - Westapharma\",\"isPartOf\":{\"@id\":\"https:\/\/westapharma.com\/#website\"},\"datePublished\":\"2024-02-29T17:16:26+00:00\",\"dateModified\":\"2024-03-01T00:12:55+00:00\",\"breadcrumb\":{\"@id\":\"https:\/\/westapharma.com\/product\/globivac-ndk\/#breadcrumb\"},\"inLanguage\":\"en-US\",\"potentialAction\":[{\"@type\":\"ReadAction\",\"target\":[\"https:\/\/westapharma.com\/product\/globivac-ndk\/\"]}]},{\"@type\":\"BreadcrumbList\",\"@id\":\"https:\/\/westapharma.com\/product\/globivac-ndk\/#breadcrumb\",\"itemListElement\":[{\"@type\":\"ListItem\",\"position\":1,\"name\":\"Home\",\"item\":\"https:\/\/westapharma.com\/\"},{\"@type\":\"ListItem\",\"position\":2,\"name\":\"GLOBIVAC NDK\"}]},{\"@type\":\"WebSite\",\"@id\":\"https:\/\/westapharma.com\/#website\",\"url\":\"https:\/\/westapharma.com\/\",\"name\":\"Westapharma\",\"description\":\"One Health\",\"publisher\":{\"@id\":\"https:\/\/westapharma.com\/#organization\"},\"potentialAction\":[{\"@type\":\"SearchAction\",\"target\":{\"@type\":\"EntryPoint\",\"urlTemplate\":\"https:\/\/westapharma.com\/?s={search_term_string}\"},\"query-input\":\"required name=search_term_string\"}],\"inLanguage\":\"en-US\"},{\"@type\":\"Organization\",\"@id\":\"https:\/\/westapharma.com\/#organization\",\"name\":\"Westapharma\",\"url\":\"https:\/\/westapharma.com\/\",\"logo\":{\"@type\":\"ImageObject\",\"inLanguage\":\"en-US\",\"@id\":\"https:\/\/westapharma.com\/#\/schema\/logo\/image\/\",\"url\":\"https:\/\/westapharma.com\/wp-content\/uploads\/2021\/10\/Logo-westapharma200.png\",\"contentUrl\":\"https:\/\/westapharma.com\/wp-content\/uploads\/2021\/10\/Logo-westapharma200.png\",\"width\":200,\"height\":200,\"caption\":\"Westapharma\"},\"image\":{\"@id\":\"https:\/\/westapharma.com\/#\/schema\/logo\/image\/\"}}]}<\/script>\n<!-- \/ Yoast SEO plugin. -->","yoast_head_json":{"title":"GLOBIVAC NDK - Westapharma","robots":{"index":"index","follow":"follow","max-snippet":"max-snippet:-1","max-image-preview":"max-image-preview:large","max-video-preview":"max-video-preview:-1"},"canonical":"https:\/\/westapharma.com\/en\/product\/globivac-ndk\/","og_locale":"en_US","og_type":"article","og_title":"GLOBIVAC NDK - Westapharma","og_description":"Description: GlobalVaskest on vaccin inactive en muon hutute contenant la couche LaSota du virus de la maladie de Newcastle Composition: Chaqur dose de 0.5 ml contient NLT 600PSO du virus de la maladie de Newcastle (NI) inactive, souche Lasota Stockage: Conserver \u00e0 l&#8217;abri de la lumi\u00e8re entre 2&#8243;Cet +8\u00b0C. Prot\u00e9ger du soleil. Ne pas laisser...","og_url":"https:\/\/westapharma.com\/en\/product\/globivac-ndk\/","og_site_name":"Westapharma","article_modified_time":"2024-03-01T00:12:55+00:00","og_image":[{"width":300,"height":300,"url":"https:\/\/westapharma.com\/wp-content\/uploads\/2024\/02\/globivac100.png","type":"image\/png"}],"twitter_card":"summary_large_image","twitter_misc":{"Est. reading time":"3 minutes"},"schema":{"@context":"https:\/\/schema.org","@graph":[{"@type":"WebPage","@id":"https:\/\/westapharma.com\/product\/globivac-ndk\/","url":"https:\/\/westapharma.com\/product\/globivac-ndk\/","name":"GLOBIVAC NDK - Westapharma","isPartOf":{"@id":"https:\/\/westapharma.com\/#website"},"datePublished":"2024-02-29T17:16:26+00:00","dateModified":"2024-03-01T00:12:55+00:00","breadcrumb":{"@id":"https:\/\/westapharma.com\/product\/globivac-ndk\/#breadcrumb"},"inLanguage":"en-US","potentialAction":[{"@type":"ReadAction","target":["https:\/\/westapharma.com\/product\/globivac-ndk\/"]}]},{"@type":"BreadcrumbList","@id":"https:\/\/westapharma.com\/product\/globivac-ndk\/#breadcrumb","itemListElement":[{"@type":"ListItem","position":1,"name":"Home","item":"https:\/\/westapharma.com\/"},{"@type":"ListItem","position":2,"name":"GLOBIVAC NDK"}]},{"@type":"WebSite","@id":"https:\/\/westapharma.com\/#website","url":"https:\/\/westapharma.com\/","name":"Westapharma","description":"One Health","publisher":{"@id":"https:\/\/westapharma.com\/#organization"},"potentialAction":[{"@type":"SearchAction","target":{"@type":"EntryPoint","urlTemplate":"https:\/\/westapharma.com\/?s={search_term_string}"},"query-input":"required name=search_term_string"}],"inLanguage":"en-US"},{"@type":"Organization","@id":"https:\/\/westapharma.com\/#organization","name":"Westapharma","url":"https:\/\/westapharma.com\/","logo":{"@type":"ImageObject","inLanguage":"en-US","@id":"https:\/\/westapharma.com\/#\/schema\/logo\/image\/","url":"https:\/\/westapharma.com\/wp-content\/uploads\/2021\/10\/Logo-westapharma200.png","contentUrl":"https:\/\/westapharma.com\/wp-content\/uploads\/2021\/10\/Logo-westapharma200.png","width":200,"height":200,"caption":"Westapharma"},"image":{"@id":"https:\/\/westapharma.com\/#\/schema\/logo\/image\/"}}]}},"_links":{"self":[{"href":"https:\/\/westapharma.com\/en\/wp-json\/wp\/v2\/product\/7964","targetHints":{"allow":["GET"]}}],"collection":[{"href":"https:\/\/westapharma.com\/en\/wp-json\/wp\/v2\/product"}],"about":[{"href":"https:\/\/westapharma.com\/en\/wp-json\/wp\/v2\/types\/product"}],"replies":[{"embeddable":true,"href":"https:\/\/westapharma.com\/en\/wp-json\/wp\/v2\/comments?post=7964"}],"wp:featuredmedia":[{"embeddable":true,"href":"https:\/\/westapharma.com\/en\/wp-json\/wp\/v2\/media\/7969"}],"wp:attachment":[{"href":"https:\/\/westapharma.com\/en\/wp-json\/wp\/v2\/media?parent=7964"}],"wp:term":[{"taxonomy":"product_cat","embeddable":true,"href":"https:\/\/westapharma.com\/en\/wp-json\/wp\/v2\/product_cat?post=7964"},{"taxonomy":"product_tag","embeddable":true,"href":"https:\/\/westapharma.com\/en\/wp-json\/wp\/v2\/product_tag?post=7964"}],"curies":[{"name":"wp","href":"https:\/\/api.w.org\/{rel}","templated":true}]}}