{"id":7966,"date":"2024-02-29T17:35:04","date_gmt":"2024-02-29T17:35:04","guid":{"rendered":"https:\/\/westapharma.com\/?post_type=product&#038;p=7966"},"modified":"2024-03-04T10:11:09","modified_gmt":"2024-03-04T10:11:09","slug":"bolisole-3","status":"publish","type":"product","link":"https:\/\/westapharma.com\/en\/product\/bolisole-3","title":{"rendered":"BOLISOLE 3"},"content":{"rendered":"<style type=\"text\/css\"><\/style><p>Bolus de l\u00e9vamisole HCI<\/p>\n<p><strong>COMPOSITION<\/strong>:<\/p>\n<p>Chaque bolus contient:<\/p>\n<p>Chlorhydrate de l\u00e9vamisole B.P. (V\u00e9t\u00e9rinaire)&#8230;&#8230; 1000 mg<\/p>\n<p>Excipients q.s<\/p>\n<p><strong>LES INDICATIONS:<\/strong><\/p>\n<p>Pour le traitement et le contr\u00f4le des n\u00e9matodes gastro-intestinaux et pulmonaires c les bovina, les buffles et les chameaux. Il \u00e9limine les stades matures of d\u00e9veloppement des n\u00e9matodes<\/p>\n<p><strong>DOSAGE ET ADMINISTRATION:<\/strong><\/p>\n<p>Bovins et buffles:<\/p>\n<p>7,5 mg de l\u00e9vamisole par kg de poids corporel OU 1 bolus de bolisole-3 pour 130 k poids corporel.<\/p>\n<p>Chamoau:<\/p>\n<p>15 mg de l\u00e9vamisole par kg de polds corporel OU 1 bolus de bolisole-3 pour 65 k poids corporel.<\/p>\n<p><strong>ESPACE DE RANGEMENT:<\/strong><\/p>\n<p>Conserver en dessous de 30\u00b0C, prot\u00e9ger de la lumi\u00e8re directe du soleil.<\/p>\n<p><strong>PR\u00c9SENTATION<\/strong>:<\/p>\n<p>Pack de 100,\u00a0250\u00a0et\u00a0500\u00a0Boli<\/p>","protected":false},"excerpt":{"rendered":"<p>Bolus de l\u00e9vamisole HCI COMPOSITION: Chaque bolus contient: Chlorhydrate de l\u00e9vamisole B.P. (V\u00e9t\u00e9rinaire)&#8230;&#8230; 1000 mg Excipients q.s LES INDICATIONS: Pour le traitement et le contr\u00f4le des n\u00e9matodes gastro-intestinaux et pulmonaires c les bovina, les buffles et les chameaux. Il \u00e9limine les stades matures of d\u00e9veloppement des n\u00e9matodes DOSAGE ET ADMINISTRATION: Bovins et buffles: 7,5 mg&#8230;<\/p>","protected":false},"featured_media":7968,"comment_status":"open","ping_status":"closed","template":"","meta":{"_et_pb_use_builder":"","_et_pb_old_content":"","_et_gb_content_width":""},"product_cat":[50,49,51],"product_tag":[],"class_list":{"0":"post-7966","1":"product","2":"type-product","3":"status-publish","4":"has-post-thumbnail","6":"product_cat-ruminant","7":"product_cat-sante-animale","8":"product_cat-voie-orale","10":"first","11":"instock","12":"shipping-taxable","13":"product-type-simple"},"yoast_head":"<!-- This site is optimized with the Yoast SEO plugin v21.7 - https:\/\/yoast.com\/wordpress\/plugins\/seo\/ -->\n<title>BOLISOLE 3 - Westapharma<\/title>\n<meta name=\"robots\" content=\"index, follow, max-snippet:-1, max-image-preview:large, max-video-preview:-1\" \/>\n<link rel=\"canonical\" href=\"https:\/\/westapharma.com\/en\/product\/bolisole-3\/\" \/>\n<meta property=\"og:locale\" content=\"en_US\" \/>\n<meta property=\"og:type\" content=\"article\" \/>\n<meta property=\"og:title\" content=\"BOLISOLE 3 - Westapharma\" \/>\n<meta property=\"og:description\" content=\"Bolus de l\u00e9vamisole HCI COMPOSITION: Chaque bolus contient: Chlorhydrate de l\u00e9vamisole B.P. (V\u00e9t\u00e9rinaire)&#8230;&#8230; 1000 mg Excipients q.s LES INDICATIONS: Pour le traitement et le contr\u00f4le des n\u00e9matodes gastro-intestinaux et pulmonaires c les bovina, les buffles et les chameaux. Il \u00e9limine les stades matures of d\u00e9veloppement des n\u00e9matodes DOSAGE ET ADMINISTRATION: Bovins et buffles: 7,5 mg...\" \/>\n<meta property=\"og:url\" content=\"https:\/\/westapharma.com\/en\/product\/bolisole-3\/\" \/>\n<meta property=\"og:site_name\" content=\"Westapharma\" \/>\n<meta property=\"article:modified_time\" content=\"2024-03-04T10:11:09+00:00\" \/>\n<meta property=\"og:image\" content=\"https:\/\/westapharma.com\/wp-content\/uploads\/2024\/02\/Untitled-design.png\" \/>\n\t<meta property=\"og:image:width\" content=\"300\" \/>\n\t<meta property=\"og:image:height\" content=\"300\" \/>\n\t<meta property=\"og:image:type\" content=\"image\/png\" \/>\n<meta name=\"twitter:card\" content=\"summary_large_image\" \/>\n<meta name=\"twitter:label1\" content=\"Est. reading time\" \/>\n\t<meta name=\"twitter:data1\" content=\"1 minute\" \/>\n<script type=\"application\/ld+json\" class=\"yoast-schema-graph\">{\"@context\":\"https:\/\/schema.org\",\"@graph\":[{\"@type\":\"WebPage\",\"@id\":\"https:\/\/westapharma.com\/product\/bolisole-3\/\",\"url\":\"https:\/\/westapharma.com\/product\/bolisole-3\/\",\"name\":\"BOLISOLE 3 - Westapharma\",\"isPartOf\":{\"@id\":\"https:\/\/westapharma.com\/#website\"},\"datePublished\":\"2024-02-29T17:35:04+00:00\",\"dateModified\":\"2024-03-04T10:11:09+00:00\",\"breadcrumb\":{\"@id\":\"https:\/\/westapharma.com\/product\/bolisole-3\/#breadcrumb\"},\"inLanguage\":\"en-US\",\"potentialAction\":[{\"@type\":\"ReadAction\",\"target\":[\"https:\/\/westapharma.com\/product\/bolisole-3\/\"]}]},{\"@type\":\"BreadcrumbList\",\"@id\":\"https:\/\/westapharma.com\/product\/bolisole-3\/#breadcrumb\",\"itemListElement\":[{\"@type\":\"ListItem\",\"position\":1,\"name\":\"Home\",\"item\":\"https:\/\/westapharma.com\/\"},{\"@type\":\"ListItem\",\"position\":2,\"name\":\"BOLISOLE 3\"}]},{\"@type\":\"WebSite\",\"@id\":\"https:\/\/westapharma.com\/#website\",\"url\":\"https:\/\/westapharma.com\/\",\"name\":\"Westapharma\",\"description\":\"One Health\",\"publisher\":{\"@id\":\"https:\/\/westapharma.com\/#organization\"},\"potentialAction\":[{\"@type\":\"SearchAction\",\"target\":{\"@type\":\"EntryPoint\",\"urlTemplate\":\"https:\/\/westapharma.com\/?s={search_term_string}\"},\"query-input\":\"required name=search_term_string\"}],\"inLanguage\":\"en-US\"},{\"@type\":\"Organization\",\"@id\":\"https:\/\/westapharma.com\/#organization\",\"name\":\"Westapharma\",\"url\":\"https:\/\/westapharma.com\/\",\"logo\":{\"@type\":\"ImageObject\",\"inLanguage\":\"en-US\",\"@id\":\"https:\/\/westapharma.com\/#\/schema\/logo\/image\/\",\"url\":\"https:\/\/westapharma.com\/wp-content\/uploads\/2021\/10\/Logo-westapharma200.png\",\"contentUrl\":\"https:\/\/westapharma.com\/wp-content\/uploads\/2021\/10\/Logo-westapharma200.png\",\"width\":200,\"height\":200,\"caption\":\"Westapharma\"},\"image\":{\"@id\":\"https:\/\/westapharma.com\/#\/schema\/logo\/image\/\"}}]}<\/script>\n<!-- \/ Yoast SEO plugin. -->","yoast_head_json":{"title":"BOLISOLE 3 - Westapharma","robots":{"index":"index","follow":"follow","max-snippet":"max-snippet:-1","max-image-preview":"max-image-preview:large","max-video-preview":"max-video-preview:-1"},"canonical":"https:\/\/westapharma.com\/en\/product\/bolisole-3\/","og_locale":"en_US","og_type":"article","og_title":"BOLISOLE 3 - Westapharma","og_description":"Bolus de l\u00e9vamisole HCI COMPOSITION: Chaque bolus contient: Chlorhydrate de l\u00e9vamisole B.P. (V\u00e9t\u00e9rinaire)&#8230;&#8230; 1000 mg Excipients q.s LES INDICATIONS: Pour le traitement et le contr\u00f4le des n\u00e9matodes gastro-intestinaux et pulmonaires c les bovina, les buffles et les chameaux. Il \u00e9limine les stades matures of d\u00e9veloppement des n\u00e9matodes DOSAGE ET ADMINISTRATION: Bovins et buffles: 7,5 mg...","og_url":"https:\/\/westapharma.com\/en\/product\/bolisole-3\/","og_site_name":"Westapharma","article_modified_time":"2024-03-04T10:11:09+00:00","og_image":[{"width":300,"height":300,"url":"https:\/\/westapharma.com\/wp-content\/uploads\/2024\/02\/Untitled-design.png","type":"image\/png"}],"twitter_card":"summary_large_image","twitter_misc":{"Est. reading time":"1 minute"},"schema":{"@context":"https:\/\/schema.org","@graph":[{"@type":"WebPage","@id":"https:\/\/westapharma.com\/product\/bolisole-3\/","url":"https:\/\/westapharma.com\/product\/bolisole-3\/","name":"BOLISOLE 3 - Westapharma","isPartOf":{"@id":"https:\/\/westapharma.com\/#website"},"datePublished":"2024-02-29T17:35:04+00:00","dateModified":"2024-03-04T10:11:09+00:00","breadcrumb":{"@id":"https:\/\/westapharma.com\/product\/bolisole-3\/#breadcrumb"},"inLanguage":"en-US","potentialAction":[{"@type":"ReadAction","target":["https:\/\/westapharma.com\/product\/bolisole-3\/"]}]},{"@type":"BreadcrumbList","@id":"https:\/\/westapharma.com\/product\/bolisole-3\/#breadcrumb","itemListElement":[{"@type":"ListItem","position":1,"name":"Home","item":"https:\/\/westapharma.com\/"},{"@type":"ListItem","position":2,"name":"BOLISOLE 3"}]},{"@type":"WebSite","@id":"https:\/\/westapharma.com\/#website","url":"https:\/\/westapharma.com\/","name":"Westapharma","description":"One Health","publisher":{"@id":"https:\/\/westapharma.com\/#organization"},"potentialAction":[{"@type":"SearchAction","target":{"@type":"EntryPoint","urlTemplate":"https:\/\/westapharma.com\/?s={search_term_string}"},"query-input":"required name=search_term_string"}],"inLanguage":"en-US"},{"@type":"Organization","@id":"https:\/\/westapharma.com\/#organization","name":"Westapharma","url":"https:\/\/westapharma.com\/","logo":{"@type":"ImageObject","inLanguage":"en-US","@id":"https:\/\/westapharma.com\/#\/schema\/logo\/image\/","url":"https:\/\/westapharma.com\/wp-content\/uploads\/2021\/10\/Logo-westapharma200.png","contentUrl":"https:\/\/westapharma.com\/wp-content\/uploads\/2021\/10\/Logo-westapharma200.png","width":200,"height":200,"caption":"Westapharma"},"image":{"@id":"https:\/\/westapharma.com\/#\/schema\/logo\/image\/"}}]}},"_links":{"self":[{"href":"https:\/\/westapharma.com\/en\/wp-json\/wp\/v2\/product\/7966","targetHints":{"allow":["GET"]}}],"collection":[{"href":"https:\/\/westapharma.com\/en\/wp-json\/wp\/v2\/product"}],"about":[{"href":"https:\/\/westapharma.com\/en\/wp-json\/wp\/v2\/types\/product"}],"replies":[{"embeddable":true,"href":"https:\/\/westapharma.com\/en\/wp-json\/wp\/v2\/comments?post=7966"}],"wp:featuredmedia":[{"embeddable":true,"href":"https:\/\/westapharma.com\/en\/wp-json\/wp\/v2\/media\/7968"}],"wp:attachment":[{"href":"https:\/\/westapharma.com\/en\/wp-json\/wp\/v2\/media?parent=7966"}],"wp:term":[{"taxonomy":"product_cat","embeddable":true,"href":"https:\/\/westapharma.com\/en\/wp-json\/wp\/v2\/product_cat?post=7966"},{"taxonomy":"product_tag","embeddable":true,"href":"https:\/\/westapharma.com\/en\/wp-json\/wp\/v2\/product_tag?post=7966"}],"curies":[{"name":"wp","href":"https:\/\/api.w.org\/{rel}","templated":true}]}}