{"id":8006,"date":"2024-04-16T11:11:37","date_gmt":"2024-04-16T11:11:37","guid":{"rendered":"https:\/\/westapharma.com\/?post_type=product&#038;p=8006"},"modified":"2024-04-17T14:25:13","modified_gmt":"2024-04-17T14:25:13","slug":"ice-on-fire","status":"publish","type":"product","link":"https:\/\/westapharma.com\/en\/product\/ice-on-fire","title":{"rendered":"Kiss gold ICE ON FIRE"},"content":{"rendered":"<style type=\"text\/css\"><\/style><p>Les pr\u00e9servatifs Kiss gold. T\u2122 ICE ON FIRE ont \u00e9t\u00e9 con\u00e7us pour un maximum de s\u00e9curit\u00e9 et de sensations: lubrifiant sensation froide pour vous et lubrifiant sensation chaude pour votre partenaire.<\/p>\n<p>Les pr\u00e9servatifs Kiss gold MICE ON FIRE sont con\u00e7us pour vous offrir le summum en mati\u00e8re de s\u00e9curit\u00e9 et de sensation : un lubrifiant frais pour vous et un lubrifiant chaud pour votre partenaire. Fabriqu\u00e9s \u00e0 partir de latex de caoutchouc naturel. Couleur naturelle \/ natural coloured De forme droite, lubrifiant (non spermicide) Lisse parall\u00e8le, lubrifi\u00e9e (non spermicide)<\/p>\n<p>Largeur nominale: 53mm. Longueur min: 180 mm Nominal width: 53mm. Min.\u00a0Length:\u00a0180mm<\/p>","protected":false},"excerpt":{"rendered":"<p>Les pr\u00e9servatifs Kiss gold. T\u2122 ICE ON FIRE ont \u00e9t\u00e9 con\u00e7us pour un maximum de s\u00e9curit\u00e9 et de sensations: lubrifiant sensation froide pour vous et lubrifiant sensation chaude pour votre partenaire. Les pr\u00e9servatifs Kiss gold MICE ON FIRE sont con\u00e7us pour vous offrir le summum en mati\u00e8re de s\u00e9curit\u00e9 et de sensation : un lubrifiant&#8230;<\/p>","protected":false},"featured_media":8047,"comment_status":"open","ping_status":"closed","template":"","meta":{"_et_pb_use_builder":"","_et_pb_old_content":"","_et_gb_content_width":""},"product_cat":[55],"product_tag":[],"class_list":{"0":"post-8006","1":"product","2":"type-product","3":"status-publish","4":"has-post-thumbnail","6":"product_cat-sante-humaine","8":"first","9":"instock","10":"shipping-taxable","11":"product-type-simple"},"yoast_head":"<!-- This site is optimized with the Yoast SEO plugin v21.7 - https:\/\/yoast.com\/wordpress\/plugins\/seo\/ -->\n<title>Kiss gold ICE ON FIRE - Westapharma<\/title>\n<meta name=\"robots\" content=\"index, follow, max-snippet:-1, max-image-preview:large, max-video-preview:-1\" \/>\n<link rel=\"canonical\" href=\"https:\/\/westapharma.com\/en\/product\/ice-on-fire\/\" \/>\n<meta property=\"og:locale\" content=\"en_US\" \/>\n<meta property=\"og:type\" content=\"article\" \/>\n<meta property=\"og:title\" content=\"Kiss gold ICE ON FIRE - Westapharma\" \/>\n<meta property=\"og:description\" content=\"Les pr\u00e9servatifs Kiss gold. T\u2122 ICE ON FIRE ont \u00e9t\u00e9 con\u00e7us pour un maximum de s\u00e9curit\u00e9 et de sensations: lubrifiant sensation froide pour vous et lubrifiant sensation chaude pour votre partenaire. Les pr\u00e9servatifs Kiss gold MICE ON FIRE sont con\u00e7us pour vous offrir le summum en mati\u00e8re de s\u00e9curit\u00e9 et de sensation : un lubrifiant...\" \/>\n<meta property=\"og:url\" content=\"https:\/\/westapharma.com\/en\/product\/ice-on-fire\/\" \/>\n<meta property=\"og:site_name\" content=\"Westapharma\" \/>\n<meta property=\"article:modified_time\" content=\"2024-04-17T14:25:13+00:00\" \/>\n<meta property=\"og:image\" content=\"https:\/\/westapharma.com\/wp-content\/uploads\/2024\/04\/Kiss-gold-ICE-ON-FIRE.png\" \/>\n\t<meta property=\"og:image:width\" content=\"300\" \/>\n\t<meta property=\"og:image:height\" content=\"300\" \/>\n\t<meta property=\"og:image:type\" content=\"image\/png\" \/>\n<meta name=\"twitter:card\" content=\"summary_large_image\" \/>\n<meta name=\"twitter:label1\" content=\"Est. reading time\" \/>\n\t<meta name=\"twitter:data1\" content=\"1 minute\" \/>\n<script type=\"application\/ld+json\" class=\"yoast-schema-graph\">{\"@context\":\"https:\/\/schema.org\",\"@graph\":[{\"@type\":\"WebPage\",\"@id\":\"https:\/\/westapharma.com\/product\/ice-on-fire\/\",\"url\":\"https:\/\/westapharma.com\/product\/ice-on-fire\/\",\"name\":\"Kiss gold ICE ON FIRE - Westapharma\",\"isPartOf\":{\"@id\":\"https:\/\/westapharma.com\/#website\"},\"datePublished\":\"2024-04-16T11:11:37+00:00\",\"dateModified\":\"2024-04-17T14:25:13+00:00\",\"breadcrumb\":{\"@id\":\"https:\/\/westapharma.com\/product\/ice-on-fire\/#breadcrumb\"},\"inLanguage\":\"en-US\",\"potentialAction\":[{\"@type\":\"ReadAction\",\"target\":[\"https:\/\/westapharma.com\/product\/ice-on-fire\/\"]}]},{\"@type\":\"BreadcrumbList\",\"@id\":\"https:\/\/westapharma.com\/product\/ice-on-fire\/#breadcrumb\",\"itemListElement\":[{\"@type\":\"ListItem\",\"position\":1,\"name\":\"Home\",\"item\":\"https:\/\/westapharma.com\/\"},{\"@type\":\"ListItem\",\"position\":2,\"name\":\"Kiss gold ICE ON FIRE\"}]},{\"@type\":\"WebSite\",\"@id\":\"https:\/\/westapharma.com\/#website\",\"url\":\"https:\/\/westapharma.com\/\",\"name\":\"Westapharma\",\"description\":\"One Health\",\"publisher\":{\"@id\":\"https:\/\/westapharma.com\/#organization\"},\"potentialAction\":[{\"@type\":\"SearchAction\",\"target\":{\"@type\":\"EntryPoint\",\"urlTemplate\":\"https:\/\/westapharma.com\/?s={search_term_string}\"},\"query-input\":\"required name=search_term_string\"}],\"inLanguage\":\"en-US\"},{\"@type\":\"Organization\",\"@id\":\"https:\/\/westapharma.com\/#organization\",\"name\":\"Westapharma\",\"url\":\"https:\/\/westapharma.com\/\",\"logo\":{\"@type\":\"ImageObject\",\"inLanguage\":\"en-US\",\"@id\":\"https:\/\/westapharma.com\/#\/schema\/logo\/image\/\",\"url\":\"https:\/\/westapharma.com\/wp-content\/uploads\/2021\/10\/Logo-westapharma200.png\",\"contentUrl\":\"https:\/\/westapharma.com\/wp-content\/uploads\/2021\/10\/Logo-westapharma200.png\",\"width\":200,\"height\":200,\"caption\":\"Westapharma\"},\"image\":{\"@id\":\"https:\/\/westapharma.com\/#\/schema\/logo\/image\/\"}}]}<\/script>\n<!-- \/ Yoast SEO plugin. -->","yoast_head_json":{"title":"Kiss gold ICE ON FIRE - Westapharma","robots":{"index":"index","follow":"follow","max-snippet":"max-snippet:-1","max-image-preview":"max-image-preview:large","max-video-preview":"max-video-preview:-1"},"canonical":"https:\/\/westapharma.com\/en\/product\/ice-on-fire\/","og_locale":"en_US","og_type":"article","og_title":"Kiss gold ICE ON FIRE - Westapharma","og_description":"Les pr\u00e9servatifs Kiss gold. T\u2122 ICE ON FIRE ont \u00e9t\u00e9 con\u00e7us pour un maximum de s\u00e9curit\u00e9 et de sensations: lubrifiant sensation froide pour vous et lubrifiant sensation chaude pour votre partenaire. Les pr\u00e9servatifs Kiss gold MICE ON FIRE sont con\u00e7us pour vous offrir le summum en mati\u00e8re de s\u00e9curit\u00e9 et de sensation : un lubrifiant...","og_url":"https:\/\/westapharma.com\/en\/product\/ice-on-fire\/","og_site_name":"Westapharma","article_modified_time":"2024-04-17T14:25:13+00:00","og_image":[{"width":300,"height":300,"url":"https:\/\/westapharma.com\/wp-content\/uploads\/2024\/04\/Kiss-gold-ICE-ON-FIRE.png","type":"image\/png"}],"twitter_card":"summary_large_image","twitter_misc":{"Est. reading time":"1 minute"},"schema":{"@context":"https:\/\/schema.org","@graph":[{"@type":"WebPage","@id":"https:\/\/westapharma.com\/product\/ice-on-fire\/","url":"https:\/\/westapharma.com\/product\/ice-on-fire\/","name":"Kiss gold ICE ON FIRE - Westapharma","isPartOf":{"@id":"https:\/\/westapharma.com\/#website"},"datePublished":"2024-04-16T11:11:37+00:00","dateModified":"2024-04-17T14:25:13+00:00","breadcrumb":{"@id":"https:\/\/westapharma.com\/product\/ice-on-fire\/#breadcrumb"},"inLanguage":"en-US","potentialAction":[{"@type":"ReadAction","target":["https:\/\/westapharma.com\/product\/ice-on-fire\/"]}]},{"@type":"BreadcrumbList","@id":"https:\/\/westapharma.com\/product\/ice-on-fire\/#breadcrumb","itemListElement":[{"@type":"ListItem","position":1,"name":"Home","item":"https:\/\/westapharma.com\/"},{"@type":"ListItem","position":2,"name":"Kiss gold ICE ON FIRE"}]},{"@type":"WebSite","@id":"https:\/\/westapharma.com\/#website","url":"https:\/\/westapharma.com\/","name":"Westapharma","description":"One Health","publisher":{"@id":"https:\/\/westapharma.com\/#organization"},"potentialAction":[{"@type":"SearchAction","target":{"@type":"EntryPoint","urlTemplate":"https:\/\/westapharma.com\/?s={search_term_string}"},"query-input":"required name=search_term_string"}],"inLanguage":"en-US"},{"@type":"Organization","@id":"https:\/\/westapharma.com\/#organization","name":"Westapharma","url":"https:\/\/westapharma.com\/","logo":{"@type":"ImageObject","inLanguage":"en-US","@id":"https:\/\/westapharma.com\/#\/schema\/logo\/image\/","url":"https:\/\/westapharma.com\/wp-content\/uploads\/2021\/10\/Logo-westapharma200.png","contentUrl":"https:\/\/westapharma.com\/wp-content\/uploads\/2021\/10\/Logo-westapharma200.png","width":200,"height":200,"caption":"Westapharma"},"image":{"@id":"https:\/\/westapharma.com\/#\/schema\/logo\/image\/"}}]}},"_links":{"self":[{"href":"https:\/\/westapharma.com\/en\/wp-json\/wp\/v2\/product\/8006","targetHints":{"allow":["GET"]}}],"collection":[{"href":"https:\/\/westapharma.com\/en\/wp-json\/wp\/v2\/product"}],"about":[{"href":"https:\/\/westapharma.com\/en\/wp-json\/wp\/v2\/types\/product"}],"replies":[{"embeddable":true,"href":"https:\/\/westapharma.com\/en\/wp-json\/wp\/v2\/comments?post=8006"}],"wp:featuredmedia":[{"embeddable":true,"href":"https:\/\/westapharma.com\/en\/wp-json\/wp\/v2\/media\/8047"}],"wp:attachment":[{"href":"https:\/\/westapharma.com\/en\/wp-json\/wp\/v2\/media?parent=8006"}],"wp:term":[{"taxonomy":"product_cat","embeddable":true,"href":"https:\/\/westapharma.com\/en\/wp-json\/wp\/v2\/product_cat?post=8006"},{"taxonomy":"product_tag","embeddable":true,"href":"https:\/\/westapharma.com\/en\/wp-json\/wp\/v2\/product_tag?post=8006"}],"curies":[{"name":"wp","href":"https:\/\/api.w.org\/{rel}","templated":true}]}}