{"id":8007,"date":"2024-04-16T11:17:31","date_gmt":"2024-04-16T11:17:31","guid":{"rendered":"https:\/\/westapharma.com\/?post_type=product&#038;p=8007"},"modified":"2024-04-17T14:22:59","modified_gmt":"2024-04-17T14:22:59","slug":"latex-examination-gloves","status":"publish","type":"product","link":"https:\/\/westapharma.com\/en\/product\/latex-examination-gloves","title":{"rendered":"Latex Examination Gloves"},"content":{"rendered":"<style type=\"text\/css\"><\/style><p>PRUDENCE:<\/p>\n<p>LES UTILISATEURS DEVRAIENT CONSID\u00c9RER LES CIRCONSTANCES D&#8217;UTILISATION POUR D\u00c9CIDER S&#8217;ILS DOIT RETIRER LA POUDRE R\u00c9SIDUELLE SUR LES GANTS APR\u00c8S L&#8217;ENFILAGE. LA POUDRE PEUT \u00caTRE ENLEV\u00c9E EN ESSUYANT SOIGNEUSEMENT LES GANTS AVEC UNE \u00c9PONGE HUMIDE ST\u00c9RILE, UNE SERVIETTE HUMIDE ST\u00c9RILE OU UNE AUTRE M\u00c9THODE EFFICACE.<\/p>\n<p>LES COMPOSANTS UTILIS\u00c9S DANS LA FABRICATION DE GANTS PEUVENT PROVOQUER DES R\u00c9ACTIONS ALLERGIQUES CHEZ CERTAINS UTILISATEURS.<\/p>\n<p>EN STOCKAGE, \u00c9VITER LA CHALEUR EXCESSIVE (35 DEGR\u00c9S C. OU 95 DEGR\u00c9S F.). LA BO\u00ceTE OUVERTE DOIT \u00caTRE PROT\u00c9G\u00c9E DE L&#8217;EXPOSITION AU SOLEIL DIRECT OU \u00c0 L&#8217;\u00c9CLAIRAGE FLUORESCENT.<\/p>\n<p>LES GANTS EN LATEX DE BONNE QUALIT\u00c9 FOURNENT UNE EXCELLENTE BARRI\u00c8RE BIOLOGIQUE. ILS NE SONT PAS DESTIN\u00c9S \u00c0 \u00caTRE UTILIS\u00c9S COMME BARRI\u00c8RE\u00a0CHIMIQUE.<\/p>","protected":false},"excerpt":{"rendered":"<p>PRUDENCE: LES UTILISATEURS DEVRAIENT CONSID\u00c9RER LES CIRCONSTANCES D&#8217;UTILISATION POUR D\u00c9CIDER S&#8217;ILS DOIT RETIRER LA POUDRE R\u00c9SIDUELLE SUR LES GANTS APR\u00c8S L&#8217;ENFILAGE. LA POUDRE PEUT \u00caTRE ENLEV\u00c9E EN ESSUYANT SOIGNEUSEMENT LES GANTS AVEC UNE \u00c9PONGE HUMIDE ST\u00c9RILE, UNE SERVIETTE HUMIDE ST\u00c9RILE OU UNE AUTRE M\u00c9THODE EFFICACE. LES COMPOSANTS UTILIS\u00c9S DANS LA FABRICATION DE GANTS PEUVENT PROVOQUER&#8230;<\/p>","protected":false},"featured_media":8045,"comment_status":"open","ping_status":"closed","template":"","meta":{"_et_pb_use_builder":"","_et_pb_old_content":"","_et_gb_content_width":""},"product_cat":[55],"product_tag":[],"class_list":{"0":"post-8007","1":"product","2":"type-product","3":"status-publish","4":"has-post-thumbnail","6":"product_cat-sante-humaine","8":"first","9":"instock","10":"shipping-taxable","11":"product-type-simple"},"yoast_head":"<!-- This site is optimized with the Yoast SEO plugin v21.7 - https:\/\/yoast.com\/wordpress\/plugins\/seo\/ -->\n<title>Latex Examination Gloves - Westapharma<\/title>\n<meta name=\"robots\" content=\"index, follow, max-snippet:-1, max-image-preview:large, max-video-preview:-1\" \/>\n<link rel=\"canonical\" href=\"https:\/\/westapharma.com\/en\/product\/latex-examination-gloves\/\" \/>\n<meta property=\"og:locale\" content=\"en_US\" \/>\n<meta property=\"og:type\" content=\"article\" \/>\n<meta property=\"og:title\" content=\"Latex Examination Gloves - Westapharma\" \/>\n<meta property=\"og:description\" content=\"PRUDENCE: LES UTILISATEURS DEVRAIENT CONSID\u00c9RER LES CIRCONSTANCES D&#8217;UTILISATION POUR D\u00c9CIDER S&#8217;ILS DOIT RETIRER LA POUDRE R\u00c9SIDUELLE SUR LES GANTS APR\u00c8S L&#8217;ENFILAGE. LA POUDRE PEUT \u00caTRE ENLEV\u00c9E EN ESSUYANT SOIGNEUSEMENT LES GANTS AVEC UNE \u00c9PONGE HUMIDE ST\u00c9RILE, UNE SERVIETTE HUMIDE ST\u00c9RILE OU UNE AUTRE M\u00c9THODE EFFICACE. LES COMPOSANTS UTILIS\u00c9S DANS LA FABRICATION DE GANTS PEUVENT PROVOQUER...\" \/>\n<meta property=\"og:url\" content=\"https:\/\/westapharma.com\/en\/product\/latex-examination-gloves\/\" \/>\n<meta property=\"og:site_name\" content=\"Westapharma\" \/>\n<meta property=\"article:modified_time\" content=\"2024-04-17T14:22:59+00:00\" \/>\n<meta property=\"og:image\" content=\"https:\/\/westapharma.com\/wp-content\/uploads\/2024\/04\/Latex-Examination-Gloves.png\" \/>\n\t<meta property=\"og:image:width\" content=\"300\" \/>\n\t<meta property=\"og:image:height\" content=\"300\" \/>\n\t<meta property=\"og:image:type\" content=\"image\/png\" \/>\n<meta name=\"twitter:card\" content=\"summary_large_image\" \/>\n<meta name=\"twitter:label1\" content=\"Est. reading time\" \/>\n\t<meta name=\"twitter:data1\" content=\"1 minute\" \/>\n<script type=\"application\/ld+json\" class=\"yoast-schema-graph\">{\"@context\":\"https:\/\/schema.org\",\"@graph\":[{\"@type\":\"WebPage\",\"@id\":\"https:\/\/westapharma.com\/product\/latex-examination-gloves\/\",\"url\":\"https:\/\/westapharma.com\/product\/latex-examination-gloves\/\",\"name\":\"Latex Examination Gloves - Westapharma\",\"isPartOf\":{\"@id\":\"https:\/\/westapharma.com\/#website\"},\"datePublished\":\"2024-04-16T11:17:31+00:00\",\"dateModified\":\"2024-04-17T14:22:59+00:00\",\"breadcrumb\":{\"@id\":\"https:\/\/westapharma.com\/product\/latex-examination-gloves\/#breadcrumb\"},\"inLanguage\":\"en-US\",\"potentialAction\":[{\"@type\":\"ReadAction\",\"target\":[\"https:\/\/westapharma.com\/product\/latex-examination-gloves\/\"]}]},{\"@type\":\"BreadcrumbList\",\"@id\":\"https:\/\/westapharma.com\/product\/latex-examination-gloves\/#breadcrumb\",\"itemListElement\":[{\"@type\":\"ListItem\",\"position\":1,\"name\":\"Home\",\"item\":\"https:\/\/westapharma.com\/\"},{\"@type\":\"ListItem\",\"position\":2,\"name\":\"Latex Examination Gloves\"}]},{\"@type\":\"WebSite\",\"@id\":\"https:\/\/westapharma.com\/#website\",\"url\":\"https:\/\/westapharma.com\/\",\"name\":\"Westapharma\",\"description\":\"One Health\",\"publisher\":{\"@id\":\"https:\/\/westapharma.com\/#organization\"},\"potentialAction\":[{\"@type\":\"SearchAction\",\"target\":{\"@type\":\"EntryPoint\",\"urlTemplate\":\"https:\/\/westapharma.com\/?s={search_term_string}\"},\"query-input\":\"required name=search_term_string\"}],\"inLanguage\":\"en-US\"},{\"@type\":\"Organization\",\"@id\":\"https:\/\/westapharma.com\/#organization\",\"name\":\"Westapharma\",\"url\":\"https:\/\/westapharma.com\/\",\"logo\":{\"@type\":\"ImageObject\",\"inLanguage\":\"en-US\",\"@id\":\"https:\/\/westapharma.com\/#\/schema\/logo\/image\/\",\"url\":\"https:\/\/westapharma.com\/wp-content\/uploads\/2021\/10\/Logo-westapharma200.png\",\"contentUrl\":\"https:\/\/westapharma.com\/wp-content\/uploads\/2021\/10\/Logo-westapharma200.png\",\"width\":200,\"height\":200,\"caption\":\"Westapharma\"},\"image\":{\"@id\":\"https:\/\/westapharma.com\/#\/schema\/logo\/image\/\"}}]}<\/script>\n<!-- \/ Yoast SEO plugin. -->","yoast_head_json":{"title":"Latex Examination Gloves - Westapharma","robots":{"index":"index","follow":"follow","max-snippet":"max-snippet:-1","max-image-preview":"max-image-preview:large","max-video-preview":"max-video-preview:-1"},"canonical":"https:\/\/westapharma.com\/en\/product\/latex-examination-gloves\/","og_locale":"en_US","og_type":"article","og_title":"Latex Examination Gloves - Westapharma","og_description":"PRUDENCE: LES UTILISATEURS DEVRAIENT CONSID\u00c9RER LES CIRCONSTANCES D&#8217;UTILISATION POUR D\u00c9CIDER S&#8217;ILS DOIT RETIRER LA POUDRE R\u00c9SIDUELLE SUR LES GANTS APR\u00c8S L&#8217;ENFILAGE. LA POUDRE PEUT \u00caTRE ENLEV\u00c9E EN ESSUYANT SOIGNEUSEMENT LES GANTS AVEC UNE \u00c9PONGE HUMIDE ST\u00c9RILE, UNE SERVIETTE HUMIDE ST\u00c9RILE OU UNE AUTRE M\u00c9THODE EFFICACE. LES COMPOSANTS UTILIS\u00c9S DANS LA FABRICATION DE GANTS PEUVENT PROVOQUER...","og_url":"https:\/\/westapharma.com\/en\/product\/latex-examination-gloves\/","og_site_name":"Westapharma","article_modified_time":"2024-04-17T14:22:59+00:00","og_image":[{"width":300,"height":300,"url":"https:\/\/westapharma.com\/wp-content\/uploads\/2024\/04\/Latex-Examination-Gloves.png","type":"image\/png"}],"twitter_card":"summary_large_image","twitter_misc":{"Est. reading time":"1 minute"},"schema":{"@context":"https:\/\/schema.org","@graph":[{"@type":"WebPage","@id":"https:\/\/westapharma.com\/product\/latex-examination-gloves\/","url":"https:\/\/westapharma.com\/product\/latex-examination-gloves\/","name":"Latex Examination Gloves - Westapharma","isPartOf":{"@id":"https:\/\/westapharma.com\/#website"},"datePublished":"2024-04-16T11:17:31+00:00","dateModified":"2024-04-17T14:22:59+00:00","breadcrumb":{"@id":"https:\/\/westapharma.com\/product\/latex-examination-gloves\/#breadcrumb"},"inLanguage":"en-US","potentialAction":[{"@type":"ReadAction","target":["https:\/\/westapharma.com\/product\/latex-examination-gloves\/"]}]},{"@type":"BreadcrumbList","@id":"https:\/\/westapharma.com\/product\/latex-examination-gloves\/#breadcrumb","itemListElement":[{"@type":"ListItem","position":1,"name":"Home","item":"https:\/\/westapharma.com\/"},{"@type":"ListItem","position":2,"name":"Latex Examination Gloves"}]},{"@type":"WebSite","@id":"https:\/\/westapharma.com\/#website","url":"https:\/\/westapharma.com\/","name":"Westapharma","description":"One Health","publisher":{"@id":"https:\/\/westapharma.com\/#organization"},"potentialAction":[{"@type":"SearchAction","target":{"@type":"EntryPoint","urlTemplate":"https:\/\/westapharma.com\/?s={search_term_string}"},"query-input":"required name=search_term_string"}],"inLanguage":"en-US"},{"@type":"Organization","@id":"https:\/\/westapharma.com\/#organization","name":"Westapharma","url":"https:\/\/westapharma.com\/","logo":{"@type":"ImageObject","inLanguage":"en-US","@id":"https:\/\/westapharma.com\/#\/schema\/logo\/image\/","url":"https:\/\/westapharma.com\/wp-content\/uploads\/2021\/10\/Logo-westapharma200.png","contentUrl":"https:\/\/westapharma.com\/wp-content\/uploads\/2021\/10\/Logo-westapharma200.png","width":200,"height":200,"caption":"Westapharma"},"image":{"@id":"https:\/\/westapharma.com\/#\/schema\/logo\/image\/"}}]}},"_links":{"self":[{"href":"https:\/\/westapharma.com\/en\/wp-json\/wp\/v2\/product\/8007","targetHints":{"allow":["GET"]}}],"collection":[{"href":"https:\/\/westapharma.com\/en\/wp-json\/wp\/v2\/product"}],"about":[{"href":"https:\/\/westapharma.com\/en\/wp-json\/wp\/v2\/types\/product"}],"replies":[{"embeddable":true,"href":"https:\/\/westapharma.com\/en\/wp-json\/wp\/v2\/comments?post=8007"}],"wp:featuredmedia":[{"embeddable":true,"href":"https:\/\/westapharma.com\/en\/wp-json\/wp\/v2\/media\/8045"}],"wp:attachment":[{"href":"https:\/\/westapharma.com\/en\/wp-json\/wp\/v2\/media?parent=8007"}],"wp:term":[{"taxonomy":"product_cat","embeddable":true,"href":"https:\/\/westapharma.com\/en\/wp-json\/wp\/v2\/product_cat?post=8007"},{"taxonomy":"product_tag","embeddable":true,"href":"https:\/\/westapharma.com\/en\/wp-json\/wp\/v2\/product_tag?post=8007"}],"curies":[{"name":"wp","href":"https:\/\/api.w.org\/{rel}","templated":true}]}}