{"id":8012,"date":"2024-04-16T11:54:17","date_gmt":"2024-04-16T11:54:17","guid":{"rendered":"https:\/\/westapharma.com\/?post_type=product&#038;p=8012"},"modified":"2024-04-17T14:15:33","modified_gmt":"2024-04-17T14:15:33","slug":"kiss-gold-im-infinity","status":"publish","type":"product","link":"https:\/\/westapharma.com\/en\/product\/kiss-gold-im-infinity","title":{"rendered":"Kiss gold IM INFINITY"},"content":{"rendered":"<style type=\"text\/css\"><\/style><p>Les pr\u00e9servatifs Kiss gold IM INFINITY ont \u00e9t\u00e9 con\u00e7us pour prolonger l&#8217;acte sexuel pour un maximum de sensation et de s\u00e9curit\u00e9 pour vous et votre partenaire.<\/p>\n<p>Les pr\u00e9servatifs Kiss gold \u2122 INFINITY sont con\u00e7us pour des relations sexuelles de plus longue dur\u00e9e, pour offrir \u00e0 vous et \u00e0 votre partenaire le nec plus ultra en mati\u00e8re de s\u00e9curit\u00e9 et de sensations. Fabriqu\u00e9s \u00e0 partir de latex de caoutchouc nature Fabriqu\u00e9 \u00e0 partir de latex de caoutchouc naturel. Couleur naturelle \/ natural coloured De forme droite, lubrifiant (non spermicide) avec 8% de benzoca\u00efne Lisse \u00e0 faces parall\u00e8les, lubrifi\u00e9e (non spermicide) contenant 8% de benzoca\u00efne.<\/p>\n<p>Largeur nominale: 53mm. Longueur min: 180 mm<\/p>\n<p>Largeur nominale : 53 mm. Min. Longueur\u00a0:\u00a0180\u00a0mm<\/p>","protected":false},"excerpt":{"rendered":"<p>Les pr\u00e9servatifs Kiss gold IM INFINITY ont \u00e9t\u00e9 con\u00e7us pour prolonger l&#8217;acte sexuel pour un maximum de sensation et de s\u00e9curit\u00e9 pour vous et votre partenaire. Les pr\u00e9servatifs Kiss gold \u2122 INFINITY sont con\u00e7us pour des relations sexuelles de plus longue dur\u00e9e, pour offrir \u00e0 vous et \u00e0 votre partenaire le nec plus ultra en&#8230;<\/p>","protected":false},"featured_media":8014,"comment_status":"open","ping_status":"closed","template":"","meta":{"_et_pb_use_builder":"","_et_pb_old_content":"","_et_gb_content_width":""},"product_cat":[55],"product_tag":[],"class_list":{"0":"post-8012","1":"product","2":"type-product","3":"status-publish","4":"has-post-thumbnail","6":"product_cat-sante-humaine","8":"first","9":"instock","10":"shipping-taxable","11":"product-type-simple"},"yoast_head":"<!-- This site is optimized with the Yoast SEO plugin v21.7 - https:\/\/yoast.com\/wordpress\/plugins\/seo\/ -->\n<title>Kiss gold IM INFINITY - Westapharma<\/title>\n<meta name=\"robots\" content=\"index, follow, max-snippet:-1, max-image-preview:large, max-video-preview:-1\" \/>\n<link rel=\"canonical\" href=\"https:\/\/westapharma.com\/en\/product\/kiss-gold-im-infinity\/\" \/>\n<meta property=\"og:locale\" content=\"en_US\" \/>\n<meta property=\"og:type\" content=\"article\" \/>\n<meta property=\"og:title\" content=\"Kiss gold IM INFINITY - Westapharma\" \/>\n<meta property=\"og:description\" content=\"Les pr\u00e9servatifs Kiss gold IM INFINITY ont \u00e9t\u00e9 con\u00e7us pour prolonger l&#8217;acte sexuel pour un maximum de sensation et de s\u00e9curit\u00e9 pour vous et votre partenaire. Les pr\u00e9servatifs Kiss gold \u2122 INFINITY sont con\u00e7us pour des relations sexuelles de plus longue dur\u00e9e, pour offrir \u00e0 vous et \u00e0 votre partenaire le nec plus ultra en...\" \/>\n<meta property=\"og:url\" content=\"https:\/\/westapharma.com\/en\/product\/kiss-gold-im-infinity\/\" \/>\n<meta property=\"og:site_name\" content=\"Westapharma\" \/>\n<meta property=\"article:modified_time\" content=\"2024-04-17T14:15:33+00:00\" \/>\n<meta property=\"og:image\" content=\"https:\/\/westapharma.com\/wp-content\/uploads\/2024\/04\/Design-sans-titre.png\" \/>\n\t<meta property=\"og:image:width\" content=\"300\" \/>\n\t<meta property=\"og:image:height\" content=\"300\" \/>\n\t<meta property=\"og:image:type\" content=\"image\/png\" \/>\n<meta name=\"twitter:card\" content=\"summary_large_image\" \/>\n<meta name=\"twitter:label1\" content=\"Est. reading time\" \/>\n\t<meta name=\"twitter:data1\" content=\"1 minute\" \/>\n<script type=\"application\/ld+json\" class=\"yoast-schema-graph\">{\"@context\":\"https:\/\/schema.org\",\"@graph\":[{\"@type\":\"WebPage\",\"@id\":\"https:\/\/westapharma.com\/product\/kiss-gold-im-infinity\/\",\"url\":\"https:\/\/westapharma.com\/product\/kiss-gold-im-infinity\/\",\"name\":\"Kiss gold IM INFINITY - Westapharma\",\"isPartOf\":{\"@id\":\"https:\/\/westapharma.com\/#website\"},\"datePublished\":\"2024-04-16T11:54:17+00:00\",\"dateModified\":\"2024-04-17T14:15:33+00:00\",\"breadcrumb\":{\"@id\":\"https:\/\/westapharma.com\/product\/kiss-gold-im-infinity\/#breadcrumb\"},\"inLanguage\":\"en-US\",\"potentialAction\":[{\"@type\":\"ReadAction\",\"target\":[\"https:\/\/westapharma.com\/product\/kiss-gold-im-infinity\/\"]}]},{\"@type\":\"BreadcrumbList\",\"@id\":\"https:\/\/westapharma.com\/product\/kiss-gold-im-infinity\/#breadcrumb\",\"itemListElement\":[{\"@type\":\"ListItem\",\"position\":1,\"name\":\"Home\",\"item\":\"https:\/\/westapharma.com\/\"},{\"@type\":\"ListItem\",\"position\":2,\"name\":\"Kiss gold IM INFINITY\"}]},{\"@type\":\"WebSite\",\"@id\":\"https:\/\/westapharma.com\/#website\",\"url\":\"https:\/\/westapharma.com\/\",\"name\":\"Westapharma\",\"description\":\"One Health\",\"publisher\":{\"@id\":\"https:\/\/westapharma.com\/#organization\"},\"potentialAction\":[{\"@type\":\"SearchAction\",\"target\":{\"@type\":\"EntryPoint\",\"urlTemplate\":\"https:\/\/westapharma.com\/?s={search_term_string}\"},\"query-input\":\"required name=search_term_string\"}],\"inLanguage\":\"en-US\"},{\"@type\":\"Organization\",\"@id\":\"https:\/\/westapharma.com\/#organization\",\"name\":\"Westapharma\",\"url\":\"https:\/\/westapharma.com\/\",\"logo\":{\"@type\":\"ImageObject\",\"inLanguage\":\"en-US\",\"@id\":\"https:\/\/westapharma.com\/#\/schema\/logo\/image\/\",\"url\":\"https:\/\/westapharma.com\/wp-content\/uploads\/2021\/10\/Logo-westapharma200.png\",\"contentUrl\":\"https:\/\/westapharma.com\/wp-content\/uploads\/2021\/10\/Logo-westapharma200.png\",\"width\":200,\"height\":200,\"caption\":\"Westapharma\"},\"image\":{\"@id\":\"https:\/\/westapharma.com\/#\/schema\/logo\/image\/\"}}]}<\/script>\n<!-- \/ Yoast SEO plugin. -->","yoast_head_json":{"title":"Kiss gold IM INFINITY - Westapharma","robots":{"index":"index","follow":"follow","max-snippet":"max-snippet:-1","max-image-preview":"max-image-preview:large","max-video-preview":"max-video-preview:-1"},"canonical":"https:\/\/westapharma.com\/en\/product\/kiss-gold-im-infinity\/","og_locale":"en_US","og_type":"article","og_title":"Kiss gold IM INFINITY - Westapharma","og_description":"Les pr\u00e9servatifs Kiss gold IM INFINITY ont \u00e9t\u00e9 con\u00e7us pour prolonger l&#8217;acte sexuel pour un maximum de sensation et de s\u00e9curit\u00e9 pour vous et votre partenaire. Les pr\u00e9servatifs Kiss gold \u2122 INFINITY sont con\u00e7us pour des relations sexuelles de plus longue dur\u00e9e, pour offrir \u00e0 vous et \u00e0 votre partenaire le nec plus ultra en...","og_url":"https:\/\/westapharma.com\/en\/product\/kiss-gold-im-infinity\/","og_site_name":"Westapharma","article_modified_time":"2024-04-17T14:15:33+00:00","og_image":[{"width":300,"height":300,"url":"https:\/\/westapharma.com\/wp-content\/uploads\/2024\/04\/Design-sans-titre.png","type":"image\/png"}],"twitter_card":"summary_large_image","twitter_misc":{"Est. reading time":"1 minute"},"schema":{"@context":"https:\/\/schema.org","@graph":[{"@type":"WebPage","@id":"https:\/\/westapharma.com\/product\/kiss-gold-im-infinity\/","url":"https:\/\/westapharma.com\/product\/kiss-gold-im-infinity\/","name":"Kiss gold IM INFINITY - Westapharma","isPartOf":{"@id":"https:\/\/westapharma.com\/#website"},"datePublished":"2024-04-16T11:54:17+00:00","dateModified":"2024-04-17T14:15:33+00:00","breadcrumb":{"@id":"https:\/\/westapharma.com\/product\/kiss-gold-im-infinity\/#breadcrumb"},"inLanguage":"en-US","potentialAction":[{"@type":"ReadAction","target":["https:\/\/westapharma.com\/product\/kiss-gold-im-infinity\/"]}]},{"@type":"BreadcrumbList","@id":"https:\/\/westapharma.com\/product\/kiss-gold-im-infinity\/#breadcrumb","itemListElement":[{"@type":"ListItem","position":1,"name":"Home","item":"https:\/\/westapharma.com\/"},{"@type":"ListItem","position":2,"name":"Kiss gold IM INFINITY"}]},{"@type":"WebSite","@id":"https:\/\/westapharma.com\/#website","url":"https:\/\/westapharma.com\/","name":"Westapharma","description":"One Health","publisher":{"@id":"https:\/\/westapharma.com\/#organization"},"potentialAction":[{"@type":"SearchAction","target":{"@type":"EntryPoint","urlTemplate":"https:\/\/westapharma.com\/?s={search_term_string}"},"query-input":"required name=search_term_string"}],"inLanguage":"en-US"},{"@type":"Organization","@id":"https:\/\/westapharma.com\/#organization","name":"Westapharma","url":"https:\/\/westapharma.com\/","logo":{"@type":"ImageObject","inLanguage":"en-US","@id":"https:\/\/westapharma.com\/#\/schema\/logo\/image\/","url":"https:\/\/westapharma.com\/wp-content\/uploads\/2021\/10\/Logo-westapharma200.png","contentUrl":"https:\/\/westapharma.com\/wp-content\/uploads\/2021\/10\/Logo-westapharma200.png","width":200,"height":200,"caption":"Westapharma"},"image":{"@id":"https:\/\/westapharma.com\/#\/schema\/logo\/image\/"}}]}},"_links":{"self":[{"href":"https:\/\/westapharma.com\/en\/wp-json\/wp\/v2\/product\/8012","targetHints":{"allow":["GET"]}}],"collection":[{"href":"https:\/\/westapharma.com\/en\/wp-json\/wp\/v2\/product"}],"about":[{"href":"https:\/\/westapharma.com\/en\/wp-json\/wp\/v2\/types\/product"}],"replies":[{"embeddable":true,"href":"https:\/\/westapharma.com\/en\/wp-json\/wp\/v2\/comments?post=8012"}],"wp:featuredmedia":[{"embeddable":true,"href":"https:\/\/westapharma.com\/en\/wp-json\/wp\/v2\/media\/8014"}],"wp:attachment":[{"href":"https:\/\/westapharma.com\/en\/wp-json\/wp\/v2\/media?parent=8012"}],"wp:term":[{"taxonomy":"product_cat","embeddable":true,"href":"https:\/\/westapharma.com\/en\/wp-json\/wp\/v2\/product_cat?post=8012"},{"taxonomy":"product_tag","embeddable":true,"href":"https:\/\/westapharma.com\/en\/wp-json\/wp\/v2\/product_tag?post=8012"}],"curies":[{"name":"wp","href":"https:\/\/api.w.org\/{rel}","templated":true}]}}