{"id":8027,"date":"2024-04-16T17:05:20","date_gmt":"2024-04-16T17:05:20","guid":{"rendered":"https:\/\/westapharma.com\/?post_type=product&#038;p=8027"},"modified":"2024-04-17T14:01:51","modified_gmt":"2024-04-17T14:01:51","slug":"kiss-passion","status":"publish","type":"product","link":"https:\/\/westapharma.com\/en\/product\/kiss-passion","title":{"rendered":"Kiss Passion"},"content":{"rendered":"<style type=\"text\/css\"><\/style><p>Pr\u00e9servatifs \u00e0 pois parfum\u00e9s aux fruits de la passion<\/p>\n<p>Les pr\u00e9servatifs Kiss Passion sont fabriqu\u00e9s selon la norme de qualit\u00e9 internationale EN ISO 4074, ils sont 100% \u00e9lectroniquement test\u00e9s, parfum\u00e9s \u00e0 la fruit de la passion et l\u00e9g\u00e8rement perl\u00e9s pour un maximum de sensation et de s\u00e9curit\u00e9 pour vous et votre partenaire. S&#8217;il est utilis\u00e9 correctement \u00e0 chaque fois que vous avez des relations sexuelles, le pr\u00e9servatif en latex aide \u00e0 pr\u00e9venir des grossesses non-d\u00e9sir\u00e9es, r\u00e9duit le risque de transmission du VIH et d&#8217;autres Infections Sexuellement Transmissibles (IST).<\/p>\n<p>Les pr\u00e9servatifs Kiss Passion sont fabriqu\u00e9s \u00e0 partir de latex de caoutchouc naturel, avec lubrifiant (non spermicide), ils sont de forme droite, de couleur naturel avec r\u00e9servoir.<\/p>\n<p>Largeur nominale: 53 mm. Longueur min: 180 mm. Ne pas utiliser des lubrifiants \u00e0 base d&#8217;huile, tel que la vaseline, les huiles min\u00e9rales \/ v\u00e9g\u00e9tales ou cr\u00e8me car ils peuvent<\/p>\n<p>endommanger le latex. Le pr\u00e9servatif Kiss est un dispositif m\u00e9dical.<\/p>\n<p>Les pr\u00e9servatifs Kiss Passion sont fabriqu\u00e9s selon la norme de qualit\u00e9 internationale EN ISO 4074, sont 100 % test\u00e9s \u00e9lectroniquement, d\u00e9licatement pointill\u00e9s et parfum\u00e9s aux fruits de la passion, pour offrir \u00e0 vous et \u00e0 votre partenaire le summum en mati\u00e8re de s\u00e9curit\u00e9 et de sensation. Lorsqu&#8217;ils sont utilis\u00e9s correctement \u00e0 chaque rapport sexuel, les pr\u00e9servatifs en latex aident \u00e0 pr\u00e9venir la grossesse et \u00e0 r\u00e9duire le risque de transmission du VIH\/SIDA et d&#8217;autres infections sexuellement transmissibles (IST).<\/p>\n<p>Les pr\u00e9servatifs Kiss Passon sont fabriqu\u00e9s \u00e0 partir de latex de caoutchouc naturel, de couleur naturelle, \u00e0 faces parall\u00e8les, lubrifi\u00e9s (non spermicide),<\/p>\n<p>et r\u00e9servoir inclin\u00e9. Largeur nominale : 53 mm. Min. longueur : 180 mm.<\/p>\n<p>N&#8217;UTILISEZ PAS DE LUBRIFIANTS \u00c0 BASE D&#8217;HUILE, tels que de la vaseline, des huiles v\u00e9g\u00e9tales\/min\u00e9rales ou de la cr\u00e8me froide, car ils pourraient endommager le pr\u00e9servatif en latex.<\/p>\n<p>Le pr\u00e9servatif Kiss est un dispositif m\u00e9dical.<\/p>\n<p>Conservez dans un endroit frais et sec, \u00e0 l&#8217;abri de la lumi\u00e8re directe du soleil. Lisez la notice d&#8217;utilisation \u00e0 l&#8217;int\u00e9rieur.<\/p>\n<p>Conserver dans un endroit frais et sec, \u00e0 l&#8217;abri de la lumi\u00e8re directe du soleil. Lisez les instructions d&#8217;utilisation\u00a0\u00e0\u00a0l&#8217;int\u00e9rieur<\/p>","protected":false},"excerpt":{"rendered":"<p>Pr\u00e9servatifs \u00e0 pois parfum\u00e9s aux fruits de la passion Les pr\u00e9servatifs Kiss Passion sont fabriqu\u00e9s selon la norme de qualit\u00e9 internationale EN ISO 4074, ils sont 100% \u00e9lectroniquement test\u00e9s, parfum\u00e9s \u00e0 la fruit de la passion et l\u00e9g\u00e8rement perl\u00e9s pour un maximum de sensation et de s\u00e9curit\u00e9 pour vous et votre partenaire. S&#8217;il est utilis\u00e9&#8230;<\/p>","protected":false},"featured_media":8039,"comment_status":"open","ping_status":"closed","template":"","meta":{"_et_pb_use_builder":"","_et_pb_old_content":"","_et_gb_content_width":""},"product_cat":[55],"product_tag":[],"class_list":{"0":"post-8027","1":"product","2":"type-product","3":"status-publish","4":"has-post-thumbnail","6":"product_cat-sante-humaine","8":"first","9":"instock","10":"shipping-taxable","11":"product-type-simple"},"yoast_head":"<!-- This site is optimized with the Yoast SEO plugin v21.7 - https:\/\/yoast.com\/wordpress\/plugins\/seo\/ -->\n<title>Kiss Passion - Westapharma<\/title>\n<meta name=\"robots\" content=\"index, follow, max-snippet:-1, max-image-preview:large, max-video-preview:-1\" \/>\n<link rel=\"canonical\" href=\"https:\/\/westapharma.com\/en\/product\/kiss-passion\/\" \/>\n<meta property=\"og:locale\" content=\"en_US\" \/>\n<meta property=\"og:type\" content=\"article\" \/>\n<meta property=\"og:title\" content=\"Kiss Passion - Westapharma\" \/>\n<meta property=\"og:description\" content=\"Pr\u00e9servatifs \u00e0 pois parfum\u00e9s aux fruits de la passion Les pr\u00e9servatifs Kiss Passion sont fabriqu\u00e9s selon la norme de qualit\u00e9 internationale EN ISO 4074, ils sont 100% \u00e9lectroniquement test\u00e9s, parfum\u00e9s \u00e0 la fruit de la passion et l\u00e9g\u00e8rement perl\u00e9s pour un maximum de sensation et de s\u00e9curit\u00e9 pour vous et votre partenaire. S&#8217;il est utilis\u00e9...\" \/>\n<meta property=\"og:url\" content=\"https:\/\/westapharma.com\/en\/product\/kiss-passion\/\" \/>\n<meta property=\"og:site_name\" content=\"Westapharma\" \/>\n<meta property=\"article:modified_time\" content=\"2024-04-17T14:01:51+00:00\" \/>\n<meta property=\"og:image\" content=\"https:\/\/westapharma.com\/wp-content\/uploads\/2024\/04\/Kiss-Passion.png\" \/>\n\t<meta property=\"og:image:width\" content=\"300\" \/>\n\t<meta property=\"og:image:height\" content=\"300\" \/>\n\t<meta property=\"og:image:type\" content=\"image\/png\" \/>\n<meta name=\"twitter:card\" content=\"summary_large_image\" \/>\n<meta name=\"twitter:label1\" content=\"Est. reading time\" \/>\n\t<meta name=\"twitter:data1\" content=\"2 minutes\" \/>\n<script type=\"application\/ld+json\" class=\"yoast-schema-graph\">{\"@context\":\"https:\/\/schema.org\",\"@graph\":[{\"@type\":\"WebPage\",\"@id\":\"https:\/\/westapharma.com\/product\/kiss-passion\/\",\"url\":\"https:\/\/westapharma.com\/product\/kiss-passion\/\",\"name\":\"Kiss Passion - Westapharma\",\"isPartOf\":{\"@id\":\"https:\/\/westapharma.com\/#website\"},\"datePublished\":\"2024-04-16T17:05:20+00:00\",\"dateModified\":\"2024-04-17T14:01:51+00:00\",\"breadcrumb\":{\"@id\":\"https:\/\/westapharma.com\/product\/kiss-passion\/#breadcrumb\"},\"inLanguage\":\"en-US\",\"potentialAction\":[{\"@type\":\"ReadAction\",\"target\":[\"https:\/\/westapharma.com\/product\/kiss-passion\/\"]}]},{\"@type\":\"BreadcrumbList\",\"@id\":\"https:\/\/westapharma.com\/product\/kiss-passion\/#breadcrumb\",\"itemListElement\":[{\"@type\":\"ListItem\",\"position\":1,\"name\":\"Home\",\"item\":\"https:\/\/westapharma.com\/\"},{\"@type\":\"ListItem\",\"position\":2,\"name\":\"Kiss Passion\"}]},{\"@type\":\"WebSite\",\"@id\":\"https:\/\/westapharma.com\/#website\",\"url\":\"https:\/\/westapharma.com\/\",\"name\":\"Westapharma\",\"description\":\"One Health\",\"publisher\":{\"@id\":\"https:\/\/westapharma.com\/#organization\"},\"potentialAction\":[{\"@type\":\"SearchAction\",\"target\":{\"@type\":\"EntryPoint\",\"urlTemplate\":\"https:\/\/westapharma.com\/?s={search_term_string}\"},\"query-input\":\"required name=search_term_string\"}],\"inLanguage\":\"en-US\"},{\"@type\":\"Organization\",\"@id\":\"https:\/\/westapharma.com\/#organization\",\"name\":\"Westapharma\",\"url\":\"https:\/\/westapharma.com\/\",\"logo\":{\"@type\":\"ImageObject\",\"inLanguage\":\"en-US\",\"@id\":\"https:\/\/westapharma.com\/#\/schema\/logo\/image\/\",\"url\":\"https:\/\/westapharma.com\/wp-content\/uploads\/2021\/10\/Logo-westapharma200.png\",\"contentUrl\":\"https:\/\/westapharma.com\/wp-content\/uploads\/2021\/10\/Logo-westapharma200.png\",\"width\":200,\"height\":200,\"caption\":\"Westapharma\"},\"image\":{\"@id\":\"https:\/\/westapharma.com\/#\/schema\/logo\/image\/\"}}]}<\/script>\n<!-- \/ Yoast SEO plugin. -->","yoast_head_json":{"title":"Kiss Passion - Westapharma","robots":{"index":"index","follow":"follow","max-snippet":"max-snippet:-1","max-image-preview":"max-image-preview:large","max-video-preview":"max-video-preview:-1"},"canonical":"https:\/\/westapharma.com\/en\/product\/kiss-passion\/","og_locale":"en_US","og_type":"article","og_title":"Kiss Passion - Westapharma","og_description":"Pr\u00e9servatifs \u00e0 pois parfum\u00e9s aux fruits de la passion Les pr\u00e9servatifs Kiss Passion sont fabriqu\u00e9s selon la norme de qualit\u00e9 internationale EN ISO 4074, ils sont 100% \u00e9lectroniquement test\u00e9s, parfum\u00e9s \u00e0 la fruit de la passion et l\u00e9g\u00e8rement perl\u00e9s pour un maximum de sensation et de s\u00e9curit\u00e9 pour vous et votre partenaire. S&#8217;il est utilis\u00e9...","og_url":"https:\/\/westapharma.com\/en\/product\/kiss-passion\/","og_site_name":"Westapharma","article_modified_time":"2024-04-17T14:01:51+00:00","og_image":[{"width":300,"height":300,"url":"https:\/\/westapharma.com\/wp-content\/uploads\/2024\/04\/Kiss-Passion.png","type":"image\/png"}],"twitter_card":"summary_large_image","twitter_misc":{"Est. reading time":"2 minutes"},"schema":{"@context":"https:\/\/schema.org","@graph":[{"@type":"WebPage","@id":"https:\/\/westapharma.com\/product\/kiss-passion\/","url":"https:\/\/westapharma.com\/product\/kiss-passion\/","name":"Kiss Passion - Westapharma","isPartOf":{"@id":"https:\/\/westapharma.com\/#website"},"datePublished":"2024-04-16T17:05:20+00:00","dateModified":"2024-04-17T14:01:51+00:00","breadcrumb":{"@id":"https:\/\/westapharma.com\/product\/kiss-passion\/#breadcrumb"},"inLanguage":"en-US","potentialAction":[{"@type":"ReadAction","target":["https:\/\/westapharma.com\/product\/kiss-passion\/"]}]},{"@type":"BreadcrumbList","@id":"https:\/\/westapharma.com\/product\/kiss-passion\/#breadcrumb","itemListElement":[{"@type":"ListItem","position":1,"name":"Home","item":"https:\/\/westapharma.com\/"},{"@type":"ListItem","position":2,"name":"Kiss Passion"}]},{"@type":"WebSite","@id":"https:\/\/westapharma.com\/#website","url":"https:\/\/westapharma.com\/","name":"Westapharma","description":"One Health","publisher":{"@id":"https:\/\/westapharma.com\/#organization"},"potentialAction":[{"@type":"SearchAction","target":{"@type":"EntryPoint","urlTemplate":"https:\/\/westapharma.com\/?s={search_term_string}"},"query-input":"required name=search_term_string"}],"inLanguage":"en-US"},{"@type":"Organization","@id":"https:\/\/westapharma.com\/#organization","name":"Westapharma","url":"https:\/\/westapharma.com\/","logo":{"@type":"ImageObject","inLanguage":"en-US","@id":"https:\/\/westapharma.com\/#\/schema\/logo\/image\/","url":"https:\/\/westapharma.com\/wp-content\/uploads\/2021\/10\/Logo-westapharma200.png","contentUrl":"https:\/\/westapharma.com\/wp-content\/uploads\/2021\/10\/Logo-westapharma200.png","width":200,"height":200,"caption":"Westapharma"},"image":{"@id":"https:\/\/westapharma.com\/#\/schema\/logo\/image\/"}}]}},"_links":{"self":[{"href":"https:\/\/westapharma.com\/en\/wp-json\/wp\/v2\/product\/8027","targetHints":{"allow":["GET"]}}],"collection":[{"href":"https:\/\/westapharma.com\/en\/wp-json\/wp\/v2\/product"}],"about":[{"href":"https:\/\/westapharma.com\/en\/wp-json\/wp\/v2\/types\/product"}],"replies":[{"embeddable":true,"href":"https:\/\/westapharma.com\/en\/wp-json\/wp\/v2\/comments?post=8027"}],"wp:featuredmedia":[{"embeddable":true,"href":"https:\/\/westapharma.com\/en\/wp-json\/wp\/v2\/media\/8039"}],"wp:attachment":[{"href":"https:\/\/westapharma.com\/en\/wp-json\/wp\/v2\/media?parent=8027"}],"wp:term":[{"taxonomy":"product_cat","embeddable":true,"href":"https:\/\/westapharma.com\/en\/wp-json\/wp\/v2\/product_cat?post=8027"},{"taxonomy":"product_tag","embeddable":true,"href":"https:\/\/westapharma.com\/en\/wp-json\/wp\/v2\/product_tag?post=8027"}],"curies":[{"name":"wp","href":"https:\/\/api.w.org\/{rel}","templated":true}]}}