{"id":8032,"date":"2024-04-16T17:17:58","date_gmt":"2024-04-16T17:17:58","guid":{"rendered":"https:\/\/westapharma.com\/?post_type=product&#038;p=8032"},"modified":"2024-04-17T13:29:00","modified_gmt":"2024-04-17T13:29:00","slug":"kiss-classic","status":"publish","type":"product","link":"https:\/\/westapharma.com\/en\/product\/kiss-classic","title":{"rendered":"Kiss Classic"},"content":{"rendered":"<style type=\"text\/css\"><\/style><p>Les pr\u00e9servatifs Kiss Classic sont fabriqu\u00e9s \u00e0 la plus haute norme de qualit\u00e9 internationale EN ISO 4074, ils sont 100% \u00e9lectroniquement test\u00e9s, et l\u00e9g\u00e8rement perl\u00e9s pour un maximum de sensation et de s\u00e9curit\u00e9 pour vous et votre partenaire.<\/p>\n<p>Les pr\u00e9servatifs Klas Classic sont fabriqu\u00e9s \u00e0 partir de latex de caoutchouc naturel, avec lubrifiant (non spermicide), ils sont de forme droite, de couleur naturel avec r\u00e9servoir.<\/p>\n<p>Largeur nominale: 53 mm. Longueur min: 180 mm. Ne pas utiliser des lubrifiants \u00e0 base d&#8217;huile, tels que la vaseline, les huiles min\u00e9rales \/ v\u00e9g\u00e9tales ou cr\u00e8me car ils peuvent endommager le latex.<\/p>","protected":false},"excerpt":{"rendered":"<p>Les pr\u00e9servatifs Kiss Classic sont fabriqu\u00e9s \u00e0 la plus haute norme de qualit\u00e9 internationale EN ISO 4074, ils sont 100% \u00e9lectroniquement test\u00e9s, et l\u00e9g\u00e8rement perl\u00e9s pour un maximum de sensation et de s\u00e9curit\u00e9 pour vous et votre partenaire. Les pr\u00e9servatifs Klas Classic sont fabriqu\u00e9s \u00e0 partir de latex de caoutchouc naturel, avec lubrifiant (non spermicide),&#8230;<\/p>","protected":false},"featured_media":8037,"comment_status":"open","ping_status":"closed","template":"","meta":{"_et_pb_use_builder":"","_et_pb_old_content":"","_et_gb_content_width":""},"product_cat":[55],"product_tag":[],"class_list":{"0":"post-8032","1":"product","2":"type-product","3":"status-publish","4":"has-post-thumbnail","6":"product_cat-sante-humaine","8":"first","9":"instock","10":"shipping-taxable","11":"product-type-simple"},"yoast_head":"<!-- This site is optimized with the Yoast SEO plugin v21.7 - https:\/\/yoast.com\/wordpress\/plugins\/seo\/ -->\n<title>Kiss Classic - Westapharma<\/title>\n<meta name=\"description\" content=\"Les pr\u00e9servatifs Kiss Classic sont fabriqu\u00e9s \u00e0 la plus haute norme de qualit\u00e9 internationale EN ISO 4074, ils sont 100% \u00e9lectroniquement test\u00e9s, et l\u00e9g\u00e8rement perl\u00e9s pour un maximum de sensation et de s\u00e9curit\u00e9 pour vous et votre partenaire.\" \/>\n<meta name=\"robots\" content=\"index, follow, max-snippet:-1, max-image-preview:large, max-video-preview:-1\" \/>\n<link rel=\"canonical\" href=\"https:\/\/westapharma.com\/en\/product\/kiss-classic\/\" \/>\n<meta property=\"og:locale\" content=\"en_US\" \/>\n<meta property=\"og:type\" content=\"article\" \/>\n<meta property=\"og:title\" content=\"Kiss Classic - Westapharma\" \/>\n<meta property=\"og:description\" content=\"Les pr\u00e9servatifs Kiss Classic sont fabriqu\u00e9s \u00e0 la plus haute norme de qualit\u00e9 internationale EN ISO 4074, ils sont 100% \u00e9lectroniquement test\u00e9s, et l\u00e9g\u00e8rement perl\u00e9s pour un maximum de sensation et de s\u00e9curit\u00e9 pour vous et votre partenaire.\" \/>\n<meta property=\"og:url\" content=\"https:\/\/westapharma.com\/en\/product\/kiss-classic\/\" \/>\n<meta property=\"og:site_name\" content=\"Westapharma\" \/>\n<meta property=\"article:modified_time\" content=\"2024-04-17T13:29:00+00:00\" \/>\n<meta property=\"og:image\" content=\"https:\/\/westapharma.com\/wp-content\/uploads\/2024\/04\/produit-westapharma-kiss.png\" \/>\n\t<meta property=\"og:image:width\" content=\"1000\" \/>\n\t<meta property=\"og:image:height\" content=\"1000\" \/>\n\t<meta property=\"og:image:type\" content=\"image\/png\" \/>\n<meta name=\"twitter:card\" content=\"summary_large_image\" \/>\n<meta name=\"twitter:label1\" content=\"Est. reading time\" \/>\n\t<meta name=\"twitter:data1\" content=\"1 minute\" \/>\n<script type=\"application\/ld+json\" class=\"yoast-schema-graph\">{\"@context\":\"https:\/\/schema.org\",\"@graph\":[{\"@type\":\"WebPage\",\"@id\":\"https:\/\/westapharma.com\/product\/kiss-classic\/\",\"url\":\"https:\/\/westapharma.com\/product\/kiss-classic\/\",\"name\":\"Kiss Classic - Westapharma\",\"isPartOf\":{\"@id\":\"https:\/\/westapharma.com\/#website\"},\"datePublished\":\"2024-04-16T17:17:58+00:00\",\"dateModified\":\"2024-04-17T13:29:00+00:00\",\"description\":\"Les pr\u00e9servatifs Kiss Classic sont fabriqu\u00e9s \u00e0 la plus haute norme de qualit\u00e9 internationale EN ISO 4074, ils sont 100% \u00e9lectroniquement test\u00e9s, et l\u00e9g\u00e8rement perl\u00e9s pour un maximum de sensation et de s\u00e9curit\u00e9 pour vous et votre partenaire.\",\"breadcrumb\":{\"@id\":\"https:\/\/westapharma.com\/product\/kiss-classic\/#breadcrumb\"},\"inLanguage\":\"en-US\",\"potentialAction\":[{\"@type\":\"ReadAction\",\"target\":[\"https:\/\/westapharma.com\/product\/kiss-classic\/\"]}]},{\"@type\":\"BreadcrumbList\",\"@id\":\"https:\/\/westapharma.com\/product\/kiss-classic\/#breadcrumb\",\"itemListElement\":[{\"@type\":\"ListItem\",\"position\":1,\"name\":\"Home\",\"item\":\"https:\/\/westapharma.com\/\"},{\"@type\":\"ListItem\",\"position\":2,\"name\":\"Kiss Classic\"}]},{\"@type\":\"WebSite\",\"@id\":\"https:\/\/westapharma.com\/#website\",\"url\":\"https:\/\/westapharma.com\/\",\"name\":\"Westapharma\",\"description\":\"One Health\",\"publisher\":{\"@id\":\"https:\/\/westapharma.com\/#organization\"},\"potentialAction\":[{\"@type\":\"SearchAction\",\"target\":{\"@type\":\"EntryPoint\",\"urlTemplate\":\"https:\/\/westapharma.com\/?s={search_term_string}\"},\"query-input\":\"required name=search_term_string\"}],\"inLanguage\":\"en-US\"},{\"@type\":\"Organization\",\"@id\":\"https:\/\/westapharma.com\/#organization\",\"name\":\"Westapharma\",\"url\":\"https:\/\/westapharma.com\/\",\"logo\":{\"@type\":\"ImageObject\",\"inLanguage\":\"en-US\",\"@id\":\"https:\/\/westapharma.com\/#\/schema\/logo\/image\/\",\"url\":\"https:\/\/westapharma.com\/wp-content\/uploads\/2021\/10\/Logo-westapharma200.png\",\"contentUrl\":\"https:\/\/westapharma.com\/wp-content\/uploads\/2021\/10\/Logo-westapharma200.png\",\"width\":200,\"height\":200,\"caption\":\"Westapharma\"},\"image\":{\"@id\":\"https:\/\/westapharma.com\/#\/schema\/logo\/image\/\"}}]}<\/script>\n<!-- \/ Yoast SEO plugin. -->","yoast_head_json":{"title":"Kiss Classic - Westapharma","description":"Les pr\u00e9servatifs Kiss Classic sont fabriqu\u00e9s \u00e0 la plus haute norme de qualit\u00e9 internationale EN ISO 4074, ils sont 100% \u00e9lectroniquement test\u00e9s, et l\u00e9g\u00e8rement perl\u00e9s pour un maximum de sensation et de s\u00e9curit\u00e9 pour vous et votre partenaire.","robots":{"index":"index","follow":"follow","max-snippet":"max-snippet:-1","max-image-preview":"max-image-preview:large","max-video-preview":"max-video-preview:-1"},"canonical":"https:\/\/westapharma.com\/en\/product\/kiss-classic\/","og_locale":"en_US","og_type":"article","og_title":"Kiss Classic - Westapharma","og_description":"Les pr\u00e9servatifs Kiss Classic sont fabriqu\u00e9s \u00e0 la plus haute norme de qualit\u00e9 internationale EN ISO 4074, ils sont 100% \u00e9lectroniquement test\u00e9s, et l\u00e9g\u00e8rement perl\u00e9s pour un maximum de sensation et de s\u00e9curit\u00e9 pour vous et votre partenaire.","og_url":"https:\/\/westapharma.com\/en\/product\/kiss-classic\/","og_site_name":"Westapharma","article_modified_time":"2024-04-17T13:29:00+00:00","og_image":[{"width":1000,"height":1000,"url":"https:\/\/westapharma.com\/wp-content\/uploads\/2024\/04\/produit-westapharma-kiss.png","type":"image\/png"}],"twitter_card":"summary_large_image","twitter_misc":{"Est. reading time":"1 minute"},"schema":{"@context":"https:\/\/schema.org","@graph":[{"@type":"WebPage","@id":"https:\/\/westapharma.com\/product\/kiss-classic\/","url":"https:\/\/westapharma.com\/product\/kiss-classic\/","name":"Kiss Classic - Westapharma","isPartOf":{"@id":"https:\/\/westapharma.com\/#website"},"datePublished":"2024-04-16T17:17:58+00:00","dateModified":"2024-04-17T13:29:00+00:00","description":"Les pr\u00e9servatifs Kiss Classic sont fabriqu\u00e9s \u00e0 la plus haute norme de qualit\u00e9 internationale EN ISO 4074, ils sont 100% \u00e9lectroniquement test\u00e9s, et l\u00e9g\u00e8rement perl\u00e9s pour un maximum de sensation et de s\u00e9curit\u00e9 pour vous et votre partenaire.","breadcrumb":{"@id":"https:\/\/westapharma.com\/product\/kiss-classic\/#breadcrumb"},"inLanguage":"en-US","potentialAction":[{"@type":"ReadAction","target":["https:\/\/westapharma.com\/product\/kiss-classic\/"]}]},{"@type":"BreadcrumbList","@id":"https:\/\/westapharma.com\/product\/kiss-classic\/#breadcrumb","itemListElement":[{"@type":"ListItem","position":1,"name":"Home","item":"https:\/\/westapharma.com\/"},{"@type":"ListItem","position":2,"name":"Kiss Classic"}]},{"@type":"WebSite","@id":"https:\/\/westapharma.com\/#website","url":"https:\/\/westapharma.com\/","name":"Westapharma","description":"One Health","publisher":{"@id":"https:\/\/westapharma.com\/#organization"},"potentialAction":[{"@type":"SearchAction","target":{"@type":"EntryPoint","urlTemplate":"https:\/\/westapharma.com\/?s={search_term_string}"},"query-input":"required name=search_term_string"}],"inLanguage":"en-US"},{"@type":"Organization","@id":"https:\/\/westapharma.com\/#organization","name":"Westapharma","url":"https:\/\/westapharma.com\/","logo":{"@type":"ImageObject","inLanguage":"en-US","@id":"https:\/\/westapharma.com\/#\/schema\/logo\/image\/","url":"https:\/\/westapharma.com\/wp-content\/uploads\/2021\/10\/Logo-westapharma200.png","contentUrl":"https:\/\/westapharma.com\/wp-content\/uploads\/2021\/10\/Logo-westapharma200.png","width":200,"height":200,"caption":"Westapharma"},"image":{"@id":"https:\/\/westapharma.com\/#\/schema\/logo\/image\/"}}]}},"_links":{"self":[{"href":"https:\/\/westapharma.com\/en\/wp-json\/wp\/v2\/product\/8032","targetHints":{"allow":["GET"]}}],"collection":[{"href":"https:\/\/westapharma.com\/en\/wp-json\/wp\/v2\/product"}],"about":[{"href":"https:\/\/westapharma.com\/en\/wp-json\/wp\/v2\/types\/product"}],"replies":[{"embeddable":true,"href":"https:\/\/westapharma.com\/en\/wp-json\/wp\/v2\/comments?post=8032"}],"wp:featuredmedia":[{"embeddable":true,"href":"https:\/\/westapharma.com\/en\/wp-json\/wp\/v2\/media\/8037"}],"wp:attachment":[{"href":"https:\/\/westapharma.com\/en\/wp-json\/wp\/v2\/media?parent=8032"}],"wp:term":[{"taxonomy":"product_cat","embeddable":true,"href":"https:\/\/westapharma.com\/en\/wp-json\/wp\/v2\/product_cat?post=8032"},{"taxonomy":"product_tag","embeddable":true,"href":"https:\/\/westapharma.com\/en\/wp-json\/wp\/v2\/product_tag?post=8032"}],"curies":[{"name":"wp","href":"https:\/\/api.w.org\/{rel}","templated":true}]}}